{"id":5540,"date":"2021-07-16T17:24:16","date_gmt":"2021-07-16T15:24:16","guid":{"rendered":"https:\/\/demo.vphosting.top\/prodotto\/fragranza-novella-bag-in-box\/"},"modified":"2021-07-16T17:24:16","modified_gmt":"2021-07-16T15:24:16","slug":"fragranza-novella-bag-in-box","status":"publish","type":"product","link":"https:\/\/demo.vphosting.top\/sv\/prodotto\/fragranza-novella-bag-in-box\/","title":{"rendered":"FRAGRANZA NOVELLA BAG IN BOX"},"content":{"rendered":"<p>Bag in Box i svart f\u00e4rg med olivmotiv, utrustad med en slitstark genomskinlig etikett som \u00e4r oljebest\u00e4ndig. Det representerar den idealiska beh\u00e5llaren f\u00f6r f\u00f6rvaring av h\u00f6gkvalitativ extra jungfruolivolja eftersom produkten f\u00f6rvaras i den inre p\u00e5sen utan n\u00e4rvaro av syre. Eftersom p\u00e5sen t\u00f6ms komprimeras den och viks ihop utan att bilda luftbubblor, vilket avsev\u00e4rt f\u00f6rl\u00e4nger oljans oxidationstid. \u00c4ven den yttre l\u00e5dan, som \u00e4r praktisk och l\u00e4tt att hantera, \u00e4r gjord av robust h\u00f6gkvalitativ kartong och \u00e4r belagd med UV-skyddande lacker. Den \u00e4r mycket bekv\u00e4m i k\u00f6ket eftersom den till\u00e5ter att ta ut endast den m\u00e4ngd produkt som man avser att konsumera vid varje tillf\u00e4lle.<\/p>\n<p>Inneh\u00e5ller en siciliansk extra jungfruolivolja med en ren och harmonisk smak som p\u00e5minner om de nyligen plockade gr\u00f6na olivernas fruktighet. K\u00e4nslorna av bitterhet och kryddighet, typiska f\u00f6r en produkt av h\u00f6g kvalitet, g\u00f6r att oljan kan beh\u00e5lla sina kvalitativa egenskaper och h\u00e4lsosamma egenskaper l\u00e4ngre.<\/p>\n<p>Oljan kommer fr\u00e5n kallpressning av oliver av sorterna Nocellara del Belice, Cerasuola och Biancolilla fr\u00e5n provinserna Trapani och Palermo. Extraktionen sker i anl\u00e4ggningar med kontinuerlig cykel som garanterar h\u00f6ga hygieniska och sanit\u00e4ra standarder under hela produktionsfasen.<\/p>\n<p>Med sin perfekta balans \u00e4r v\u00e5r olja den ideala kryddan f\u00f6r sallader, soppor och grytor men \u00e4ven f\u00f6r k\u00f6tt- och fiskr\u00e4tter eftersom den f\u00f6rh\u00f6jer deras ursprungliga smak.<\/p>\n<p>Produkten \u00e4r sp\u00e5rbar och f\u00f6rutom certifieringen f\u00f6r Italiensk produktion har den p\u00e5 etiketten certifieringar f\u00f6r Kallpressning och Produktion av den senaste sk\u00f6rden 2023\/2024.<\/p>\n<p>Sk\u00f6rde- och pressningsperiod f\u00f6r oliver: Oktober\/November.<\/p>\n","protected":false},"excerpt":{"rendered":"<h3><span style=\"color: #ffffff;\">OLIVEKAMPANJ 2023\/2024.<\/span><\/h3>\n<p>Bag in Box i svart f\u00e4rg med olivmotiv, utrustad med en slitstark genomskinlig etikett som \u00e4r oljebest\u00e4ndig.<\/p>\n","protected":false},"featured_media":5566,"comment_status":"closed","ping_status":"closed","template":"","meta":{"inline_featured_image":false},"product_cat":[95,96],"product_tag":[],"class_list":{"0":"post-5540","1":"product","2":"type-product","3":"status-publish","4":"has-post-thumbnail","6":"product_cat-linea-privati-sv","7":"product_cat-linea-ristorazione-sv","9":"first","10":"instock","11":"shipping-taxable","12":"purchasable","13":"product-type-variable","14":"has-default-attributes"},"_links":{"self":[{"href":"https:\/\/demo.vphosting.top\/sv\/wp-json\/wp\/v2\/product\/5540"}],"collection":[{"href":"https:\/\/demo.vphosting.top\/sv\/wp-json\/wp\/v2\/product"}],"about":[{"href":"https:\/\/demo.vphosting.top\/sv\/wp-json\/wp\/v2\/types\/product"}],"replies":[{"embeddable":true,"href":"https:\/\/demo.vphosting.top\/sv\/wp-json\/wp\/v2\/comments?post=5540"}],"wp:featuredmedia":[{"embeddable":true,"href":"https:\/\/demo.vphosting.top\/sv\/wp-json\/wp\/v2\/media\/5566"}],"wp:attachment":[{"href":"https:\/\/demo.vphosting.top\/sv\/wp-json\/wp\/v2\/media?parent=5540"}],"wp:term":[{"taxonomy":"product_cat","embeddable":true,"href":"https:\/\/demo.vphosting.top\/sv\/wp-json\/wp\/v2\/product_cat?post=5540"},{"taxonomy":"product_tag","embeddable":true,"href":"https:\/\/demo.vphosting.top\/sv\/wp-json\/wp\/v2\/product_tag?post=5540"}],"curies":[{"name":"wp","href":"https:\/\/api.w.org\/{rel}","templated":true}]}}