{"id":5615,"date":"2024-05-07T13:26:45","date_gmt":"2024-05-07T11:26:45","guid":{"rendered":"https:\/\/demo.vphosting.top\/?page_id=5615"},"modified":"2024-05-07T13:26:45","modified_gmt":"2024-05-07T11:26:45","slug":"vara-odlade-sorter","status":"publish","type":"page","link":"https:\/\/demo.vphosting.top\/sv\/vara-odlade-sorter\/","title":{"rendered":"V\u00e5ra odlade sorter"},"content":{"rendered":"<p><div class=\"fusion-fullwidth fullwidth-box fusion-builder-row-1 fusion-flex-container nonhundred-percent-fullwidth non-hundred-percent-height-scrolling\" style=\"--awb-border-radius-top-left:0px;--awb-border-radius-top-right:0px;--awb-border-radius-bottom-right:0px;--awb-border-radius-bottom-left:0px;--awb-flex-wrap:wrap;\" ><div class=\"fusion-builder-row fusion-row fusion-flex-align-items-flex-start fusion-flex-content-wrap\" style=\"max-width:1430px;margin-left: calc(-4% \/ 2 );margin-right: calc(-4% \/ 2 );\"><div class=\"fusion-layout-column fusion_builder_column fusion-builder-column-0 fusion_builder_column_2_3 2_3 fusion-flex-column\" style=\"--awb-bg-size:cover;--awb-width-large:66.666666666667%;--awb-margin-top-large:0px;--awb-spacing-right-large:2.88%;--awb-margin-bottom-large:8%;--awb-spacing-left-large:2.88%;--awb-width-medium:100%;--awb-order-medium:0;--awb-spacing-right-medium:1.92%;--awb-spacing-left-medium:1.92%;--awb-width-small:100%;--awb-order-small:0;--awb-spacing-right-small:1.92%;--awb-spacing-left-small:1.92%;\"><div class=\"fusion-column-wrapper fusion-column-has-shadow fusion-flex-justify-content-flex-start fusion-content-layout-column\"><div class=\"fusion-text fusion-text-1\"><p>La <strong>Cerasuola<\/strong> odlas p\u00e5 den nordv\u00e4stra sidan av Sicilien, i provinserna Palermo, Trapani och Sciacca.<br \/>\nV\u00e4xten \u00e4r kraftfull med uppr\u00e4tt st\u00e4llning och utbredd krona, den t\u00e5l mycket bra torka.<br \/>\nBladet \u00e4r litet, med en toment\u00f6s \u00f6vre yta med veckade flikar.<br \/>\nDen genomsnittliga blomsterantalet \u00e4r 22 och blomningen sker i slutet av april\/b\u00f6rjan av maj.<br \/>\nV\u00e4xten kallas ocks\u00e5 Purrittara, Ugghiarola, Palermitana, Grappusa, Zimmusa, Ugghiaredda.<br \/>\nFrukten \u00e4r av medelstorlek, sf\u00e4risk form och intensivt gr\u00f6n f\u00e4rg n\u00e4r den inte \u00e4r mogen \u00e4n, svartlila n\u00e4r den \u00e4r mogen.<br \/>\nOljan har utm\u00e4rkt h\u00e5llbarhet \u00f6ver tiden med en avkastning p\u00e5 cirka 20\/24%.<br \/>\nDen har ganska uttalade egenskaper med \u00f6verv\u00e4gande bitterhet och hetta.<br \/>\nN\u00e4r oliverna \u00e4r mer mogna \u00e4r oljans smak mer harmonisk och balanserad med toner av kron\u00e4rtskocka, medan n\u00e4r de fortfarande \u00e4r omogna \u00e4r det tydliga toner av gr\u00f6n paprika.<\/p>\n<\/div><\/div><\/div><div class=\"fusion-layout-column fusion_builder_column fusion-builder-column-1 fusion_builder_column_1_3 1_3 fusion-flex-column\" style=\"--awb-bg-size:cover;--awb-width-large:33.333333333333%;--awb-margin-top-large:0px;--awb-spacing-right-large:5.76%;--awb-margin-bottom-large:8%;--awb-spacing-left-large:5.76%;--awb-width-medium:100%;--awb-order-medium:0;--awb-spacing-right-medium:1.92%;--awb-spacing-left-medium:1.92%;--awb-width-small:100%;--awb-order-small:0;--awb-spacing-right-small:1.92%;--awb-spacing-left-small:1.92%;\"><div class=\"fusion-column-wrapper fusion-column-has-shadow fusion-flex-justify-content-flex-start fusion-content-layout-column\"><div class=\"fusion-image-element \" style=\"--awb-caption-title-font-family:var(--h2_typography-font-family);--awb-caption-title-font-weight:var(--h2_typography-font-weight);--awb-caption-title-font-style:var(--h2_typography-font-style);--awb-caption-title-size:var(--h2_typography-font-size);--awb-caption-title-transform:var(--h2_typography-text-transform);--awb-caption-title-line-height:var(--h2_typography-line-height);--awb-caption-title-letter-spacing:var(--h2_typography-letter-spacing);\"><span class=\" fusion-imageframe imageframe-none imageframe-1 hover-type-none\"><img decoding=\"async\" width=\"1280\" height=\"960\" title=\"2albero-cerasuola\" src=\"https:\/\/demo.vphosting.top\/wp-content\/uploads\/2021\/06\/2albero-cerasuola.jpg\" data-orig-src=\"https:\/\/demo.vphosting.top\/wp-content\/uploads\/2021\/06\/2albero-cerasuola.jpg\" alt class=\"lazyload img-responsive wp-image-5616\" srcset=\"data:image\/svg+xml,%3Csvg%20xmlns%3D%27http%3A%2F%2Fwww.w3.org%2F2000%2Fsvg%27%20width%3D%271280%27%20height%3D%27960%27%20viewBox%3D%270%200%201280%20960%27%3E%3Crect%20width%3D%271280%27%20height%3D%27960%27%20fill-opacity%3D%220%22%2F%3E%3C%2Fsvg%3E\" data-srcset=\"https:\/\/demo.vphosting.top\/wp-content\/uploads\/2021\/06\/2albero-cerasuola-200x150.jpg 200w, https:\/\/demo.vphosting.top\/wp-content\/uploads\/2021\/06\/2albero-cerasuola-400x300.jpg 400w, https:\/\/demo.vphosting.top\/wp-content\/uploads\/2021\/06\/2albero-cerasuola-600x450.jpg 600w, https:\/\/demo.vphosting.top\/wp-content\/uploads\/2021\/06\/2albero-cerasuola-800x600.jpg 800w, https:\/\/demo.vphosting.top\/wp-content\/uploads\/2021\/06\/2albero-cerasuola-1200x900.jpg 1200w, https:\/\/demo.vphosting.top\/wp-content\/uploads\/2021\/06\/2albero-cerasuola.jpg 1280w\" data-sizes=\"auto\" data-orig-sizes=\"(max-width: 1024px) 100vw, (max-width: 640px) 100vw, 600px\" \/><\/span><\/div><\/div><\/div><\/div><\/div><div class=\"fusion-fullwidth fullwidth-box fusion-builder-row-2 fusion-flex-container nonhundred-percent-fullwidth non-hundred-percent-height-scrolling\" style=\"--awb-border-radius-top-left:0px;--awb-border-radius-top-right:0px;--awb-border-radius-bottom-right:0px;--awb-border-radius-bottom-left:0px;--awb-margin-top:50px;--awb-margin-bottom:50px;--awb-flex-wrap:wrap;\" ><div class=\"fusion-builder-row fusion-row fusion-flex-align-items-flex-start fusion-flex-content-wrap\" style=\"max-width:1430px;margin-left: calc(-4% \/ 2 );margin-right: calc(-4% \/ 2 );\"><div class=\"fusion-layout-column fusion_builder_column fusion-builder-column-2 fusion_builder_column_2_3 2_3 fusion-flex-column\" style=\"--awb-bg-size:cover;--awb-width-large:66.666666666667%;--awb-margin-top-large:0px;--awb-spacing-right-large:2.88%;--awb-margin-bottom-large:8%;--awb-spacing-left-large:2.88%;--awb-width-medium:100%;--awb-order-medium:0;--awb-spacing-right-medium:1.92%;--awb-spacing-left-medium:1.92%;--awb-width-small:100%;--awb-order-small:0;--awb-spacing-right-small:1.92%;--awb-spacing-left-small:1.92%;\"><div class=\"fusion-column-wrapper fusion-column-has-shadow fusion-flex-justify-content-flex-start fusion-content-layout-column\"><div class=\"fusion-text fusion-text-2\"><p><strong>Biancolilla<\/strong> \u00e4r vanlig i den central-v\u00e4stra delen av \u00f6n, s\u00e4rskilt i provinserna Palermo och Agrigento.<br \/>\nV\u00e4xten har en h\u00e4ngande vana och en bred krona. Den har utm\u00e4rkt flexibilitet och motst\u00e5r v\u00e4l sena frostn\u00e4tter.<br \/>\nDet smala bladet \u00e4r ljusgr\u00f6nt p\u00e5 ovansidan. Det genomsnittliga antalet blommor \u00e4r 18, korta och kompakta, och blomningen sker i slutet av april\/b\u00f6rjan av maj.<br \/>\nDen kallas ocks\u00e5 Palummara, Janculidda, Buscionetto.<br \/>\nFrukten \u00e4r i \u00e5r med tung fruktform och f\u00e4rgen varierar fr\u00e5n ljusgr\u00f6n till rosa-lila.<br \/>\nI magra \u00e5r \u00e4r den av medelstorlek och f\u00e4rgen varierar fr\u00e5n \u00e4rta-gr\u00f6n till vinr\u00f6d.<br \/>\nOljan har en medelstabil h\u00e5llbarhet \u00f6ver tiden och den genomsnittliga avkastningen \u00e4r 16\/20%.<br \/>\nDen har en l\u00e4tt fruktig doft, delikat smak, med en &#8221;s\u00f6t&#8221; smak och bitterhet och hetta \u00e4r knappt m\u00e4rkbara.<\/p>\n<\/div><\/div><\/div><div class=\"fusion-layout-column fusion_builder_column fusion-builder-column-3 fusion_builder_column_1_3 1_3 fusion-flex-column\" style=\"--awb-bg-size:cover;--awb-width-large:33.333333333333%;--awb-margin-top-large:0px;--awb-spacing-right-large:5.76%;--awb-margin-bottom-large:8%;--awb-spacing-left-large:5.76%;--awb-width-medium:100%;--awb-order-medium:0;--awb-spacing-right-medium:1.92%;--awb-spacing-left-medium:1.92%;--awb-width-small:100%;--awb-order-small:0;--awb-spacing-right-small:1.92%;--awb-spacing-left-small:1.92%;\"><div class=\"fusion-column-wrapper fusion-column-has-shadow fusion-flex-justify-content-flex-start fusion-content-layout-column\"><div class=\"fusion-image-element \" style=\"--awb-caption-title-font-family:var(--h2_typography-font-family);--awb-caption-title-font-weight:var(--h2_typography-font-weight);--awb-caption-title-font-style:var(--h2_typography-font-style);--awb-caption-title-size:var(--h2_typography-font-size);--awb-caption-title-transform:var(--h2_typography-text-transform);--awb-caption-title-line-height:var(--h2_typography-line-height);--awb-caption-title-letter-spacing:var(--h2_typography-letter-spacing);\"><span class=\" fusion-imageframe imageframe-none imageframe-2 hover-type-none\"><img decoding=\"async\" width=\"1280\" height=\"960\" title=\"1albero-biancolilla\" src=\"https:\/\/demo.vphosting.top\/wp-content\/uploads\/2021\/06\/1albero-biancolilla.jpg\" data-orig-src=\"https:\/\/demo.vphosting.top\/wp-content\/uploads\/2021\/06\/1albero-biancolilla.jpg\" alt class=\"lazyload img-responsive wp-image-5617\" srcset=\"data:image\/svg+xml,%3Csvg%20xmlns%3D%27http%3A%2F%2Fwww.w3.org%2F2000%2Fsvg%27%20width%3D%271280%27%20height%3D%27960%27%20viewBox%3D%270%200%201280%20960%27%3E%3Crect%20width%3D%271280%27%20height%3D%27960%27%20fill-opacity%3D%220%22%2F%3E%3C%2Fsvg%3E\" data-srcset=\"https:\/\/demo.vphosting.top\/wp-content\/uploads\/2021\/06\/1albero-biancolilla-200x150.jpg 200w, https:\/\/demo.vphosting.top\/wp-content\/uploads\/2021\/06\/1albero-biancolilla-400x300.jpg 400w, https:\/\/demo.vphosting.top\/wp-content\/uploads\/2021\/06\/1albero-biancolilla-600x450.jpg 600w, https:\/\/demo.vphosting.top\/wp-content\/uploads\/2021\/06\/1albero-biancolilla-800x600.jpg 800w, https:\/\/demo.vphosting.top\/wp-content\/uploads\/2021\/06\/1albero-biancolilla-1200x900.jpg 1200w, https:\/\/demo.vphosting.top\/wp-content\/uploads\/2021\/06\/1albero-biancolilla.jpg 1280w\" data-sizes=\"auto\" data-orig-sizes=\"(max-width: 1024px) 100vw, (max-width: 640px) 100vw, 600px\" \/><\/span><\/div><\/div><\/div><\/div><\/div><div class=\"fusion-fullwidth fullwidth-box fusion-builder-row-3 fusion-flex-container nonhundred-percent-fullwidth non-hundred-percent-height-scrolling\" style=\"--awb-border-radius-top-left:0px;--awb-border-radius-top-right:0px;--awb-border-radius-bottom-right:0px;--awb-border-radius-bottom-left:0px;--awb-flex-wrap:wrap;\" ><div class=\"fusion-builder-row fusion-row fusion-flex-align-items-flex-start fusion-flex-content-wrap\" style=\"max-width:1430px;margin-left: calc(-4% \/ 2 );margin-right: calc(-4% \/ 2 );\"><div class=\"fusion-layout-column fusion_builder_column fusion-builder-column-4 fusion_builder_column_2_3 2_3 fusion-flex-column\" style=\"--awb-bg-size:cover;--awb-width-large:66.666666666667%;--awb-margin-top-large:0px;--awb-spacing-right-large:2.88%;--awb-margin-bottom-large:8%;--awb-spacing-left-large:2.88%;--awb-width-medium:100%;--awb-order-medium:0;--awb-spacing-right-medium:1.92%;--awb-spacing-left-medium:1.92%;--awb-width-small:100%;--awb-order-small:0;--awb-spacing-right-small:1.92%;--awb-spacing-left-small:1.92%;\"><div class=\"fusion-column-wrapper fusion-column-has-shadow fusion-flex-justify-content-flex-start fusion-content-layout-column\"><div class=\"fusion-text fusion-text-3\"><p><strong>Nocellara del Belice<\/strong> finns i omr\u00e5dena Castelvetrano, Campobello di Mazara och Partanna i Trapani.<br \/>\nV\u00e4xten \u00e4r kraftfull och har en h\u00e4ngande vana. Den har raka och breda l\u00f6v av lysande gr\u00f6nt.<br \/>\nDet genomsnittliga antalet blommor \u00e4r 20 i klasar om 4-5 tydligt \u00e5tskilda och dess blomningstid \u00e4r i slutet av april\/b\u00f6rjan av maj.<br \/>\nDen kallas ocks\u00e5 Nebba, Mazzara, Nuciddara.<br \/>\nFrukten \u00e4r mycket stor, n\u00e4stan sf\u00e4risk, och f\u00e4rgen varierar fr\u00e5n intensivt gr\u00f6nt till vinr\u00f6tt, och den har en dubbel anv\u00e4ndning: f\u00f6rutom att ge en utm\u00e4rkt olja \u00e4r den ocks\u00e5 en utm\u00e4rkt bordsoliv. Oljan har en bra stabilitet \u00f6ver tiden och en avkastning p\u00e5 cirka 18\/20%.<br \/>\nN\u00e4r oliverna sk\u00f6rdas gr\u00f6na har oljan en bra fruktig smak med tydlig bitterhet och hetta, medan det vid full mognad finns inslag av tomat.<br \/>\nI de inre kulliga omr\u00e5dena \u00e4r dessa smaker \u00e4nnu mer framtr\u00e4dande.<\/p>\n<\/div><\/div><\/div><div class=\"fusion-layout-column fusion_builder_column fusion-builder-column-5 fusion_builder_column_1_3 1_3 fusion-flex-column\" style=\"--awb-bg-size:cover;--awb-width-large:33.333333333333%;--awb-margin-top-large:0px;--awb-spacing-right-large:5.76%;--awb-margin-bottom-large:8%;--awb-spacing-left-large:5.76%;--awb-width-medium:100%;--awb-order-medium:0;--awb-spacing-right-medium:1.92%;--awb-spacing-left-medium:1.92%;--awb-width-small:100%;--awb-order-small:0;--awb-spacing-right-small:1.92%;--awb-spacing-left-small:1.92%;\"><div class=\"fusion-column-wrapper fusion-column-has-shadow fusion-flex-justify-content-flex-start fusion-content-layout-column\"><div class=\"fusion-image-element \" style=\"--awb-caption-title-font-family:var(--h2_typography-font-family);--awb-caption-title-font-weight:var(--h2_typography-font-weight);--awb-caption-title-font-style:var(--h2_typography-font-style);--awb-caption-title-size:var(--h2_typography-font-size);--awb-caption-title-transform:var(--h2_typography-text-transform);--awb-caption-title-line-height:var(--h2_typography-line-height);--awb-caption-title-letter-spacing:var(--h2_typography-letter-spacing);\"><span class=\" fusion-imageframe imageframe-none imageframe-3 hover-type-none\"><img decoding=\"async\" width=\"1280\" height=\"960\" title=\"3albero-nocellara\" src=\"https:\/\/demo.vphosting.top\/wp-content\/uploads\/2021\/06\/3albero-nocellara.jpg\" data-orig-src=\"https:\/\/demo.vphosting.top\/wp-content\/uploads\/2021\/06\/3albero-nocellara.jpg\" alt class=\"lazyload img-responsive wp-image-5618\" srcset=\"data:image\/svg+xml,%3Csvg%20xmlns%3D%27http%3A%2F%2Fwww.w3.org%2F2000%2Fsvg%27%20width%3D%271280%27%20height%3D%27960%27%20viewBox%3D%270%200%201280%20960%27%3E%3Crect%20width%3D%271280%27%20height%3D%27960%27%20fill-opacity%3D%220%22%2F%3E%3C%2Fsvg%3E\" data-srcset=\"https:\/\/demo.vphosting.top\/wp-content\/uploads\/2021\/06\/3albero-nocellara-200x150.jpg 200w, https:\/\/demo.vphosting.top\/wp-content\/uploads\/2021\/06\/3albero-nocellara-400x300.jpg 400w, https:\/\/demo.vphosting.top\/wp-content\/uploads\/2021\/06\/3albero-nocellara-600x450.jpg 600w, https:\/\/demo.vphosting.top\/wp-content\/uploads\/2021\/06\/3albero-nocellara-800x600.jpg 800w, https:\/\/demo.vphosting.top\/wp-content\/uploads\/2021\/06\/3albero-nocellara-1200x900.jpg 1200w, https:\/\/demo.vphosting.top\/wp-content\/uploads\/2021\/06\/3albero-nocellara.jpg 1280w\" data-sizes=\"auto\" data-orig-sizes=\"(max-width: 1024px) 100vw, (max-width: 640px) 100vw, 600px\" \/><\/span><\/div><\/div><\/div><\/div><\/div><\/p>\n","protected":false},"excerpt":{"rendered":"","protected":false},"author":2,"featured_media":5618,"parent":0,"menu_order":0,"comment_status":"closed","ping_status":"closed","template":"","meta":{"inline_featured_image":false,"footnotes":""},"class_list":["post-5615","page","type-page","status-publish","has-post-thumbnail","hentry"],"_links":{"self":[{"href":"https:\/\/demo.vphosting.top\/sv\/wp-json\/wp\/v2\/pages\/5615"}],"collection":[{"href":"https:\/\/demo.vphosting.top\/sv\/wp-json\/wp\/v2\/pages"}],"about":[{"href":"https:\/\/demo.vphosting.top\/sv\/wp-json\/wp\/v2\/types\/page"}],"author":[{"embeddable":true,"href":"https:\/\/demo.vphosting.top\/sv\/wp-json\/wp\/v2\/users\/2"}],"replies":[{"embeddable":true,"href":"https:\/\/demo.vphosting.top\/sv\/wp-json\/wp\/v2\/comments?post=5615"}],"version-history":[{"count":0,"href":"https:\/\/demo.vphosting.top\/sv\/wp-json\/wp\/v2\/pages\/5615\/revisions"}],"wp:featuredmedia":[{"embeddable":true,"href":"https:\/\/demo.vphosting.top\/sv\/wp-json\/wp\/v2\/media\/5618"}],"wp:attachment":[{"href":"https:\/\/demo.vphosting.top\/sv\/wp-json\/wp\/v2\/media?parent=5615"}],"curies":[{"name":"wp","href":"https:\/\/api.w.org\/{rel}","templated":true}]}}