{"id":5607,"date":"2024-05-07T13:18:16","date_gmt":"2024-05-07T11:18:16","guid":{"rendered":"https:\/\/demo.vphosting.top\/?page_id=5607"},"modified":"2024-05-07T13:19:03","modified_gmt":"2024-05-07T11:19:03","slug":"var-historia","status":"publish","type":"page","link":"https:\/\/demo.vphosting.top\/sv\/var-historia\/","title":{"rendered":"V\u00e5r historia"},"content":{"rendered":"<p><div class=\"fusion-fullwidth fullwidth-box fusion-builder-row-1 fusion-flex-container nonhundred-percent-fullwidth non-hundred-percent-height-scrolling\" style=\"--awb-border-radius-top-left:0px;--awb-border-radius-top-right:0px;--awb-border-radius-bottom-right:0px;--awb-border-radius-bottom-left:0px;--awb-flex-wrap:wrap;\" ><div class=\"fusion-builder-row fusion-row fusion-flex-align-items-flex-start fusion-flex-content-wrap\" style=\"max-width:1430px;margin-left: calc(-4% \/ 2 );margin-right: calc(-4% \/ 2 );\"><div class=\"fusion-layout-column fusion_builder_column fusion-builder-column-0 fusion_builder_column_2_3 2_3 fusion-flex-column\" style=\"--awb-bg-size:cover;--awb-width-large:66.666666666667%;--awb-margin-top-large:0px;--awb-spacing-right-large:2.88%;--awb-margin-bottom-large:8%;--awb-spacing-left-large:2.88%;--awb-width-medium:100%;--awb-order-medium:0;--awb-spacing-right-medium:1.92%;--awb-spacing-left-medium:1.92%;--awb-width-small:100%;--awb-order-small:0;--awb-spacing-right-small:1.92%;--awb-spacing-left-small:1.92%;\"><div class=\"fusion-column-wrapper fusion-column-has-shadow fusion-flex-justify-content-flex-start fusion-content-layout-column\"><div class=\"fusion-text fusion-text-1\"><p>F\u00f6retagets historia \u00e4r historien om tre generationer. Var och en av dem har med olika metoder och syns\u00e4tt bidragit till att g\u00f6ra oss till vad vi \u00e4r idag.<\/p>\n<p>Allt b\u00f6rjade p\u00e5 1950-talet n\u00e4r Rosario Troia senior, efter att ha avslutat sina studier vid seminariet &#8221;U zu Rusario&#8221;, som det var k\u00e4nt i m\u00e5nga delar av Sicilien, best\u00e4mde sig f\u00f6r att omvandla sin fars verksamhet fr\u00e5n att tillverka tv\u00e5l till ett f\u00f6retag som \u00e4gnade sig \u00e5t handel med olivolja och mandlar.<\/p>\n<p>Under 1960-talet v\u00e4xte det nya f\u00f6retaget s\u00e5 mycket att det blev en viktig referenspunkt f\u00f6r grossistf\u00f6rs\u00e4ljning av olivolja \u00f6ver hela Sicilien.<\/p>\n<\/div><\/div><\/div><div class=\"fusion-layout-column fusion_builder_column fusion-builder-column-1 fusion_builder_column_1_3 1_3 fusion-flex-column\" style=\"--awb-bg-size:cover;--awb-width-large:33.333333333333%;--awb-margin-top-large:0px;--awb-spacing-right-large:5.76%;--awb-margin-bottom-large:8%;--awb-spacing-left-large:5.76%;--awb-width-medium:100%;--awb-order-medium:0;--awb-spacing-right-medium:1.92%;--awb-spacing-left-medium:1.92%;--awb-width-small:100%;--awb-order-small:0;--awb-spacing-right-small:1.92%;--awb-spacing-left-small:1.92%;\"><div class=\"fusion-column-wrapper fusion-column-has-shadow fusion-flex-justify-content-flex-start fusion-content-layout-column\"><div class=\"fusion-image-element \" style=\"--awb-caption-title-font-family:var(--h2_typography-font-family);--awb-caption-title-font-weight:var(--h2_typography-font-weight);--awb-caption-title-font-style:var(--h2_typography-font-style);--awb-caption-title-size:var(--h2_typography-font-size);--awb-caption-title-transform:var(--h2_typography-text-transform);--awb-caption-title-line-height:var(--h2_typography-line-height);--awb-caption-title-letter-spacing:var(--h2_typography-letter-spacing);\"><span class=\" fusion-imageframe imageframe-none imageframe-1 hover-type-none\"><img decoding=\"async\" width=\"991\" height=\"671\" title=\"1u-zu-rurariu\" src=\"https:\/\/demo.vphosting.top\/wp-content\/uploads\/2021\/06\/1u-zu-rurariu.jpg\" data-orig-src=\"https:\/\/demo.vphosting.top\/wp-content\/uploads\/2021\/06\/1u-zu-rurariu.jpg\" alt class=\"lazyload img-responsive wp-image-5608\" srcset=\"data:image\/svg+xml,%3Csvg%20xmlns%3D%27http%3A%2F%2Fwww.w3.org%2F2000%2Fsvg%27%20width%3D%27991%27%20height%3D%27671%27%20viewBox%3D%270%200%20991%20671%27%3E%3Crect%20width%3D%27991%27%20height%3D%27671%27%20fill-opacity%3D%220%22%2F%3E%3C%2Fsvg%3E\" data-srcset=\"https:\/\/demo.vphosting.top\/wp-content\/uploads\/2021\/06\/1u-zu-rurariu-200x135.jpg 200w, https:\/\/demo.vphosting.top\/wp-content\/uploads\/2021\/06\/1u-zu-rurariu-400x271.jpg 400w, https:\/\/demo.vphosting.top\/wp-content\/uploads\/2021\/06\/1u-zu-rurariu-600x406.jpg 600w, https:\/\/demo.vphosting.top\/wp-content\/uploads\/2021\/06\/1u-zu-rurariu-800x542.jpg 800w, https:\/\/demo.vphosting.top\/wp-content\/uploads\/2021\/06\/1u-zu-rurariu.jpg 991w\" data-sizes=\"auto\" data-orig-sizes=\"(max-width: 1024px) 100vw, (max-width: 640px) 100vw, 600px\" \/><\/span><\/div><\/div><\/div><\/div><\/div><div class=\"fusion-fullwidth fullwidth-box fusion-builder-row-2 fusion-flex-container nonhundred-percent-fullwidth non-hundred-percent-height-scrolling\" style=\"--awb-border-radius-top-left:0px;--awb-border-radius-top-right:0px;--awb-border-radius-bottom-right:0px;--awb-border-radius-bottom-left:0px;--awb-flex-wrap:wrap;\" ><div class=\"fusion-builder-row fusion-row fusion-flex-align-items-flex-start fusion-flex-content-wrap\" style=\"max-width:1430px;margin-left: calc(-4% \/ 2 );margin-right: calc(-4% \/ 2 );\"><div class=\"fusion-layout-column fusion_builder_column fusion-builder-column-2 fusion_builder_column_2_3 2_3 fusion-flex-column\" style=\"--awb-bg-size:cover;--awb-width-large:66.666666666667%;--awb-margin-top-large:0px;--awb-spacing-right-large:2.88%;--awb-margin-bottom-large:8%;--awb-spacing-left-large:2.88%;--awb-width-medium:100%;--awb-order-medium:0;--awb-spacing-right-medium:1.92%;--awb-spacing-left-medium:1.92%;--awb-width-small:100%;--awb-order-small:0;--awb-spacing-right-small:1.92%;--awb-spacing-left-small:1.92%;\"><div class=\"fusion-column-wrapper fusion-column-has-shadow fusion-flex-justify-content-flex-start fusion-content-layout-column\"><div class=\"fusion-text fusion-text-2\"><p>I b\u00f6rjan av 1970-talet och under tio \u00e5r blev Rosario senior majoritetspartner i Siciliens st\u00f6rsta oljeraffinaderi, ARCAI SPA med s\u00e4te i Trapani. Den hade mycket stora produktfl\u00f6den b\u00e5de nationellt och internationellt.<\/p>\n<p>Den aktiva deltagandet fr\u00e5n familjen Troia i denna stora raffinaderi i cirka 10 \u00e5r, fram till b\u00f6rjan av 1980-talet, m\u00f6jliggjorde f\u00f6r den \u00e4ldste sonen, Giuseppe senior, att utveckla sina egna f\u00e4rdigheter, kunskaper och erfarenheter inom olivoljebranschen i hela Medelhavsomr\u00e5det.<\/p>\n<p>Giuseppe, naturligt optimistisk och med en stark \u00e4ventyrsanda, drev familjef\u00f6retaget vidare. Tack vare sin betydande erfarenhet ins\u00e5g Giuseppe tidigt p\u00e5 1990-talet, under en tid som \u00e4nnu inte var s\u00e4rskilt ben\u00e4gen f\u00f6r stora f\u00f6r\u00e4ndringar, att det f\u00f6r framtiden var n\u00f6dv\u00e4ndigt att ocks\u00e5 rikta familjef\u00f6retagets verksamhet mot den internationella marknaden.<\/p>\n<\/div><\/div><\/div><div class=\"fusion-layout-column fusion_builder_column fusion-builder-column-3 fusion_builder_column_1_3 1_3 fusion-flex-column\" style=\"--awb-bg-size:cover;--awb-width-large:33.333333333333%;--awb-margin-top-large:0px;--awb-spacing-right-large:5.76%;--awb-margin-bottom-large:8%;--awb-spacing-left-large:5.76%;--awb-width-medium:100%;--awb-order-medium:0;--awb-spacing-right-medium:1.92%;--awb-spacing-left-medium:1.92%;--awb-width-small:100%;--awb-order-small:0;--awb-spacing-right-small:1.92%;--awb-spacing-left-small:1.92%;\"><div class=\"fusion-column-wrapper fusion-column-has-shadow fusion-flex-justify-content-flex-start fusion-content-layout-column\"><div class=\"fusion-image-element \" style=\"--awb-caption-title-font-family:var(--h2_typography-font-family);--awb-caption-title-font-weight:var(--h2_typography-font-weight);--awb-caption-title-font-style:var(--h2_typography-font-style);--awb-caption-title-size:var(--h2_typography-font-size);--awb-caption-title-transform:var(--h2_typography-text-transform);--awb-caption-title-line-height:var(--h2_typography-line-height);--awb-caption-title-letter-spacing:var(--h2_typography-letter-spacing);\"><span class=\" fusion-imageframe imageframe-none imageframe-2 hover-type-none\"><img decoding=\"async\" width=\"1030\" height=\"793\" title=\"2peppe\" src=\"https:\/\/demo.vphosting.top\/wp-content\/uploads\/2021\/06\/2peppe.jpg\" data-orig-src=\"https:\/\/demo.vphosting.top\/wp-content\/uploads\/2021\/06\/2peppe.jpg\" alt class=\"lazyload img-responsive wp-image-5609\" srcset=\"data:image\/svg+xml,%3Csvg%20xmlns%3D%27http%3A%2F%2Fwww.w3.org%2F2000%2Fsvg%27%20width%3D%271030%27%20height%3D%27793%27%20viewBox%3D%270%200%201030%20793%27%3E%3Crect%20width%3D%271030%27%20height%3D%27793%27%20fill-opacity%3D%220%22%2F%3E%3C%2Fsvg%3E\" data-srcset=\"https:\/\/demo.vphosting.top\/wp-content\/uploads\/2021\/06\/2peppe-200x154.jpg 200w, https:\/\/demo.vphosting.top\/wp-content\/uploads\/2021\/06\/2peppe-400x308.jpg 400w, https:\/\/demo.vphosting.top\/wp-content\/uploads\/2021\/06\/2peppe-600x462.jpg 600w, https:\/\/demo.vphosting.top\/wp-content\/uploads\/2021\/06\/2peppe-800x616.jpg 800w, https:\/\/demo.vphosting.top\/wp-content\/uploads\/2021\/06\/2peppe.jpg 1030w\" data-sizes=\"auto\" data-orig-sizes=\"(max-width: 1024px) 100vw, (max-width: 640px) 100vw, 600px\" \/><\/span><\/div><\/div><\/div><\/div><\/div><\/p>\n","protected":false},"excerpt":{"rendered":"","protected":false},"author":2,"featured_media":0,"parent":0,"menu_order":0,"comment_status":"closed","ping_status":"closed","template":"","meta":{"inline_featured_image":false,"footnotes":""},"class_list":["post-5607","page","type-page","status-publish","hentry"],"_links":{"self":[{"href":"https:\/\/demo.vphosting.top\/sv\/wp-json\/wp\/v2\/pages\/5607"}],"collection":[{"href":"https:\/\/demo.vphosting.top\/sv\/wp-json\/wp\/v2\/pages"}],"about":[{"href":"https:\/\/demo.vphosting.top\/sv\/wp-json\/wp\/v2\/types\/page"}],"author":[{"embeddable":true,"href":"https:\/\/demo.vphosting.top\/sv\/wp-json\/wp\/v2\/users\/2"}],"replies":[{"embeddable":true,"href":"https:\/\/demo.vphosting.top\/sv\/wp-json\/wp\/v2\/comments?post=5607"}],"version-history":[{"count":0,"href":"https:\/\/demo.vphosting.top\/sv\/wp-json\/wp\/v2\/pages\/5607\/revisions"}],"wp:attachment":[{"href":"https:\/\/demo.vphosting.top\/sv\/wp-json\/wp\/v2\/media?parent=5607"}],"curies":[{"name":"wp","href":"https:\/\/api.w.org\/{rel}","templated":true}]}}