{"id":5598,"date":"2024-05-07T13:13:45","date_gmt":"2024-05-07T11:13:45","guid":{"rendered":"https:\/\/demo.vphosting.top\/?page_id=5598"},"modified":"2024-05-07T13:13:46","modified_gmt":"2024-05-07T11:13:46","slug":"loleificio-al-mulino-idag","status":"publish","type":"page","link":"https:\/\/demo.vphosting.top\/sv\/loleificio-al-mulino-idag\/","title":{"rendered":"L\u2019Oleificio Al Mulino Idag"},"content":{"rendered":"<p><div class=\"fusion-fullwidth fullwidth-box fusion-builder-row-1 fusion-flex-container nonhundred-percent-fullwidth non-hundred-percent-height-scrolling\" style=\"--awb-border-radius-top-left:0px;--awb-border-radius-top-right:0px;--awb-border-radius-bottom-right:0px;--awb-border-radius-bottom-left:0px;--awb-flex-wrap:wrap;\" ><div class=\"fusion-builder-row fusion-row fusion-flex-align-items-flex-start fusion-flex-content-wrap\" style=\"max-width:1430px;margin-left: calc(-4% \/ 2 );margin-right: calc(-4% \/ 2 );\"><div class=\"fusion-layout-column fusion_builder_column fusion-builder-column-0 fusion_builder_column_2_3 2_3 fusion-flex-column\" style=\"--awb-bg-size:cover;--awb-width-large:66.666666666667%;--awb-margin-top-large:0px;--awb-spacing-right-large:2.88%;--awb-margin-bottom-large:0px;--awb-spacing-left-large:2.88%;--awb-width-medium:100%;--awb-spacing-right-medium:1.92%;--awb-spacing-left-medium:1.92%;--awb-width-small:100%;--awb-spacing-right-small:1.92%;--awb-spacing-left-small:1.92%;\"><div class=\"fusion-column-wrapper fusion-flex-justify-content-flex-start fusion-content-layout-column\"><div class=\"fusion-text fusion-text-1\"><p>Efter att ha avlagt examen i ekonomi och handel i b\u00f6rjan av 2000-talet best\u00e4mde sig Rosario Troia junior, \u00e4ldste son till Giuseppe, f\u00f6r att ta en ny riktning f\u00f6r familjef\u00f6retaget genom att satsa uteslutande p\u00e5 produktion av h\u00f6gkvalitativ siciliansk extra jungfruolja. Idag \u00e4r f\u00f6retagets m\u00e5l, som har utrustats med modernare faciliteter, att st\u00e4ndigt utveckla produktionsprocesserna och implementera produktinnovationer genom att skapa produktlinjer som kan tillgodose sina kunders behov.<\/p>\n<p>Den nya generationen vet v\u00e4l att Sicilien, bel\u00e4get i mitten av Medelhavet, med sitt tempererade klimat och sina b\u00f6rdiga marker, representerar den perfekta platsen f\u00f6r odling av olika olivsorter som ger olja med uttalade organoleptiska egenskaper, rika p\u00e5 n\u00e4ringsv\u00e4rden och h\u00e4lsofr\u00e4mjande egenskaper. \u00c5rtionden av verksamhet inom sektorn har gett oss god k\u00e4nnedom om Siciliens territorium och identifierat vissa omr\u00e5den i v\u00e4stra Sicilien s\u00e4rskilt l\u00e4mpade f\u00f6r olivodling, d\u00e4r vi har byggt upp synergier och avtal med jordbruksf\u00f6retag som str\u00e4var efter excellens.<\/p>\n<p>Vi \u00e4r medvetna om hur viktigt det \u00e4r att l\u00e4gga stor vikt vid varje fas av produktionscykeln, var och en av vilka \u00e4r mycket k\u00e4nslig och har en betydande inverkan p\u00e5 kvaliteten p\u00e5 det slutliga produkten. Det r\u00e4cker med att bara en s\u00e5dan fas f\u00f6rsummas f\u00f6r att p\u00e5verka det slutliga resultatet och f\u00e5 en produkt av l\u00e5g kvalitet som med tiden kommer att visa allt fler brister. Det \u00e4r d\u00e4rf\u00f6r den m\u00e4nskliga faktorn spelar en avg\u00f6rande roll. F\u00f6r att f\u00e5 en extra jungfruolja av h\u00f6g kvalitet g\u00f6r \u00e4ven de minsta detaljerna skillnaden, och det kan bara vara m\u00e4nniskan, med sina v\u00e4rderingar, sin f\u00f6rm\u00e5ga och sin erfarenhet, som starkt p\u00e5verkar det slutliga resultatet. &#8221;Oavsett geografiskt omr\u00e5de, oavsett sort, oavsett arbetsprocess som antagits, \u00e4r m\u00e4nniskans v\u00e4rde alltid viktigast&#8221;.<\/p>\n<\/div><\/div><\/div><div class=\"fusion-layout-column fusion_builder_column fusion-builder-column-1 fusion_builder_column_1_3 1_3 fusion-flex-column\" style=\"--awb-bg-size:cover;--awb-width-large:33.333333333333%;--awb-margin-top-large:0px;--awb-spacing-right-large:5.76%;--awb-margin-bottom-large:0px;--awb-spacing-left-large:5.76%;--awb-width-medium:100%;--awb-spacing-right-medium:1.92%;--awb-spacing-left-medium:1.92%;--awb-width-small:100%;--awb-spacing-right-small:1.92%;--awb-spacing-left-small:1.92%;\"><div class=\"fusion-column-wrapper fusion-flex-justify-content-flex-start fusion-content-layout-column\"><div class=\"fusion-image-element \" style=\"--awb-caption-title-font-family:var(--h2_typography-font-family);--awb-caption-title-font-weight:var(--h2_typography-font-weight);--awb-caption-title-font-style:var(--h2_typography-font-style);--awb-caption-title-size:var(--h2_typography-font-size);--awb-caption-title-transform:var(--h2_typography-text-transform);--awb-caption-title-line-height:var(--h2_typography-line-height);--awb-caption-title-letter-spacing:var(--h2_typography-letter-spacing);\"><span class=\" fusion-imageframe imageframe-none imageframe-1 hover-type-none\"><img decoding=\"async\" width=\"1024\" height=\"824\" title=\"1rosario\" src=\"https:\/\/demo.vphosting.top\/wp-content\/uploads\/2021\/06\/1rosario.jpg\" data-orig-src=\"https:\/\/demo.vphosting.top\/wp-content\/uploads\/2021\/06\/1rosario.jpg\" alt class=\"lazyload img-responsive wp-image-5599\" srcset=\"data:image\/svg+xml,%3Csvg%20xmlns%3D%27http%3A%2F%2Fwww.w3.org%2F2000%2Fsvg%27%20width%3D%271024%27%20height%3D%27824%27%20viewBox%3D%270%200%201024%20824%27%3E%3Crect%20width%3D%271024%27%20height%3D%27824%27%20fill-opacity%3D%220%22%2F%3E%3C%2Fsvg%3E\" data-srcset=\"https:\/\/demo.vphosting.top\/wp-content\/uploads\/2021\/06\/1rosario-200x161.jpg 200w, https:\/\/demo.vphosting.top\/wp-content\/uploads\/2021\/06\/1rosario-400x322.jpg 400w, https:\/\/demo.vphosting.top\/wp-content\/uploads\/2021\/06\/1rosario-600x483.jpg 600w, https:\/\/demo.vphosting.top\/wp-content\/uploads\/2021\/06\/1rosario-800x644.jpg 800w, https:\/\/demo.vphosting.top\/wp-content\/uploads\/2021\/06\/1rosario.jpg 1024w\" data-sizes=\"auto\" data-orig-sizes=\"(max-width: 1024px) 100vw, (max-width: 640px) 100vw, 600px\" \/><\/span><\/div><\/div><\/div><\/div><\/div><div class=\"fusion-fullwidth fullwidth-box fusion-builder-row-2 fusion-flex-container nonhundred-percent-fullwidth non-hundred-percent-height-scrolling\" style=\"--awb-border-radius-top-left:0px;--awb-border-radius-top-right:0px;--awb-border-radius-bottom-right:0px;--awb-border-radius-bottom-left:0px;--awb-margin-top:50px;--awb-margin-bottom:50px;--awb-flex-wrap:wrap;\" ><div class=\"fusion-builder-row fusion-row fusion-flex-align-items-flex-start fusion-flex-content-wrap\" style=\"max-width:1430px;margin-left: calc(-4% \/ 2 );margin-right: calc(-4% \/ 2 );\"><div class=\"fusion-layout-column fusion_builder_column fusion-builder-column-2 fusion_builder_column_2_3 2_3 fusion-flex-column\" style=\"--awb-bg-size:cover;--awb-width-large:66.666666666667%;--awb-margin-top-large:0px;--awb-spacing-right-large:2.88%;--awb-margin-bottom-large:0px;--awb-spacing-left-large:2.88%;--awb-width-medium:100%;--awb-spacing-right-medium:1.92%;--awb-spacing-left-medium:1.92%;--awb-width-small:100%;--awb-spacing-right-small:1.92%;--awb-spacing-left-small:1.92%;\"><div class=\"fusion-column-wrapper fusion-flex-justify-content-flex-start fusion-content-layout-column\"><div class=\"fusion-text fusion-text-2\"><p>Varje \u00e5r, fr\u00e5n och med oktober, marknadsf\u00f6r vi cirka 25 000 liter \u00e5rg\u00e5ngsextra jungfruolja. En exklusiv produkt av mycket h\u00f6g kvalitet, n\u00e4stan uteslutande fr\u00e5n provinserna Trapani och Palermo.<\/p>\n<p>Det h\u00e4r oljan \u00e4r resultatet av kallpressning av inhemska sorter av olivolivarieteter Nocellara del Belice, Cerasuola och Biancolilla fr\u00e5n omr\u00e5det och utm\u00e4rker sig f\u00f6r en medelintensiv fruktighet, en ren och harmonisk smak med lite bitterhet och hetta, faktorer som vittnar om dess excellens.<\/p>\n<\/div><\/div><\/div><div class=\"fusion-layout-column fusion_builder_column fusion-builder-column-3 fusion_builder_column_1_3 1_3 fusion-flex-column\" style=\"--awb-bg-size:cover;--awb-width-large:33.333333333333%;--awb-margin-top-large:0px;--awb-spacing-right-large:5.76%;--awb-margin-bottom-large:0px;--awb-spacing-left-large:5.76%;--awb-width-medium:100%;--awb-spacing-right-medium:1.92%;--awb-spacing-left-medium:1.92%;--awb-width-small:100%;--awb-spacing-right-small:1.92%;--awb-spacing-left-small:1.92%;\"><div class=\"fusion-column-wrapper fusion-flex-justify-content-flex-start fusion-content-layout-column\"><div class=\"fusion-image-element \" style=\"--awb-caption-title-font-family:var(--h2_typography-font-family);--awb-caption-title-font-weight:var(--h2_typography-font-weight);--awb-caption-title-font-style:var(--h2_typography-font-style);--awb-caption-title-size:var(--h2_typography-font-size);--awb-caption-title-transform:var(--h2_typography-text-transform);--awb-caption-title-line-height:var(--h2_typography-line-height);--awb-caption-title-letter-spacing:var(--h2_typography-letter-spacing);\"><span class=\" fusion-imageframe imageframe-none imageframe-2 hover-type-none\"><img decoding=\"async\" width=\"1280\" height=\"960\" title=\"2raccolta-olive\" src=\"https:\/\/demo.vphosting.top\/wp-content\/uploads\/2021\/06\/2raccolta-olive.jpg\" data-orig-src=\"https:\/\/demo.vphosting.top\/wp-content\/uploads\/2021\/06\/2raccolta-olive.jpg\" alt class=\"lazyload img-responsive wp-image-5600\" srcset=\"data:image\/svg+xml,%3Csvg%20xmlns%3D%27http%3A%2F%2Fwww.w3.org%2F2000%2Fsvg%27%20width%3D%271280%27%20height%3D%27960%27%20viewBox%3D%270%200%201280%20960%27%3E%3Crect%20width%3D%271280%27%20height%3D%27960%27%20fill-opacity%3D%220%22%2F%3E%3C%2Fsvg%3E\" data-srcset=\"https:\/\/demo.vphosting.top\/wp-content\/uploads\/2021\/06\/2raccolta-olive-200x150.jpg 200w, https:\/\/demo.vphosting.top\/wp-content\/uploads\/2021\/06\/2raccolta-olive-400x300.jpg 400w, https:\/\/demo.vphosting.top\/wp-content\/uploads\/2021\/06\/2raccolta-olive-600x450.jpg 600w, https:\/\/demo.vphosting.top\/wp-content\/uploads\/2021\/06\/2raccolta-olive-800x600.jpg 800w, https:\/\/demo.vphosting.top\/wp-content\/uploads\/2021\/06\/2raccolta-olive-1200x900.jpg 1200w, https:\/\/demo.vphosting.top\/wp-content\/uploads\/2021\/06\/2raccolta-olive.jpg 1280w\" data-sizes=\"auto\" data-orig-sizes=\"(max-width: 1024px) 100vw, (max-width: 640px) 100vw, 600px\" \/><\/span><\/div><\/div><\/div><\/div><\/div><div class=\"fusion-fullwidth fullwidth-box fusion-builder-row-3 fusion-flex-container nonhundred-percent-fullwidth non-hundred-percent-height-scrolling\" style=\"--awb-border-radius-top-left:0px;--awb-border-radius-top-right:0px;--awb-border-radius-bottom-right:0px;--awb-border-radius-bottom-left:0px;--awb-flex-wrap:wrap;\" ><div class=\"fusion-builder-row fusion-row fusion-flex-align-items-flex-start fusion-flex-content-wrap\" style=\"max-width:1430px;margin-left: calc(-4% \/ 2 );margin-right: calc(-4% \/ 2 );\"><div class=\"fusion-layout-column fusion_builder_column fusion-builder-column-4 fusion_builder_column_2_3 2_3 fusion-flex-column\" style=\"--awb-bg-size:cover;--awb-width-large:66.666666666667%;--awb-margin-top-large:0px;--awb-spacing-right-large:2.88%;--awb-margin-bottom-large:0px;--awb-spacing-left-large:2.88%;--awb-width-medium:100%;--awb-spacing-right-medium:1.92%;--awb-spacing-left-medium:1.92%;--awb-width-small:100%;--awb-spacing-right-small:1.92%;--awb-spacing-left-small:1.92%;\"><div class=\"fusion-column-wrapper fusion-flex-justify-content-flex-start fusion-content-layout-column\"><div class=\"fusion-text fusion-text-3\"><p>Tack vare registreringen hos SIAN, det nationella jordbruksinformationssystemet, kan vi n\u00e4r som helst tillhandah\u00e5lla fullst\u00e4ndig sp\u00e5rbarhet f\u00f6r produkten.<\/p>\n<p>F\u00f6rutom p\u00e5 nationell niv\u00e5 marknadsf\u00f6rs produkten i vissa europeiska l\u00e4nder och i Nordamerika d\u00e4r den inte bara uppskattas f\u00f6r sin utm\u00e4rkta kvalitet utan ocks\u00e5 f\u00f6r det utm\u00e4rkta f\u00f6rh\u00e5llandet mellan pris och kvalitet.<\/p>\n<p>F\u00f6retaget \u00e4r bel\u00e4get i Capaci, i provinsen Palermo, p\u00e5 en plats som alltid har varit k\u00e4nd som &#8221;O Mulinu&#8221;, vilket ocks\u00e5 \u00e4r namnet p\u00e5 f\u00f6retaget. Nyligen har anl\u00e4ggningen renoverats och uppdelats i v\u00e4l separerade omr\u00e5den.<\/p>\n<p>I f\u00f6rpackningslaboratoriet finns flera rostfria silos med en lagringskapacitet p\u00e5 cirka 70 000 liter olja. Inuti finns tv\u00e5 f\u00f6rpackningslinjer av rostfritt st\u00e5l med en produktionskapacitet p\u00e5 cirka 1 000 flaskor per timme.<\/p>\n<\/div><\/div><\/div><div class=\"fusion-layout-column fusion_builder_column fusion-builder-column-5 fusion_builder_column_1_3 1_3 fusion-flex-column\" style=\"--awb-bg-size:cover;--awb-width-large:33.333333333333%;--awb-margin-top-large:0px;--awb-spacing-right-large:5.76%;--awb-margin-bottom-large:0px;--awb-spacing-left-large:5.76%;--awb-width-medium:100%;--awb-spacing-right-medium:1.92%;--awb-spacing-left-medium:1.92%;--awb-width-small:100%;--awb-spacing-right-small:1.92%;--awb-spacing-left-small:1.92%;\"><div class=\"fusion-column-wrapper fusion-flex-justify-content-flex-start fusion-content-layout-column\"><div class=\"fusion-image-element \" style=\"--awb-caption-title-font-family:var(--h2_typography-font-family);--awb-caption-title-font-weight:var(--h2_typography-font-weight);--awb-caption-title-font-style:var(--h2_typography-font-style);--awb-caption-title-size:var(--h2_typography-font-size);--awb-caption-title-transform:var(--h2_typography-text-transform);--awb-caption-title-line-height:var(--h2_typography-line-height);--awb-caption-title-letter-spacing:var(--h2_typography-letter-spacing);\"><span class=\" fusion-imageframe imageframe-none imageframe-3 hover-type-none\"><img decoding=\"async\" width=\"1238\" height=\"925\" title=\"4etichettatura\" src=\"https:\/\/demo.vphosting.top\/wp-content\/uploads\/2021\/06\/4etichettatura.jpg\" data-orig-src=\"https:\/\/demo.vphosting.top\/wp-content\/uploads\/2021\/06\/4etichettatura.jpg\" alt class=\"lazyload img-responsive wp-image-5602\" srcset=\"data:image\/svg+xml,%3Csvg%20xmlns%3D%27http%3A%2F%2Fwww.w3.org%2F2000%2Fsvg%27%20width%3D%271238%27%20height%3D%27925%27%20viewBox%3D%270%200%201238%20925%27%3E%3Crect%20width%3D%271238%27%20height%3D%27925%27%20fill-opacity%3D%220%22%2F%3E%3C%2Fsvg%3E\" data-srcset=\"https:\/\/demo.vphosting.top\/wp-content\/uploads\/2021\/06\/4etichettatura-200x149.jpg 200w, https:\/\/demo.vphosting.top\/wp-content\/uploads\/2021\/06\/4etichettatura-400x299.jpg 400w, https:\/\/demo.vphosting.top\/wp-content\/uploads\/2021\/06\/4etichettatura-600x448.jpg 600w, https:\/\/demo.vphosting.top\/wp-content\/uploads\/2021\/06\/4etichettatura-800x598.jpg 800w, https:\/\/demo.vphosting.top\/wp-content\/uploads\/2021\/06\/4etichettatura-1200x897.jpg 1200w, https:\/\/demo.vphosting.top\/wp-content\/uploads\/2021\/06\/4etichettatura.jpg 1238w\" data-sizes=\"auto\" data-orig-sizes=\"(max-width: 1024px) 100vw, (max-width: 640px) 100vw, 600px\" \/><\/span><\/div><\/div><\/div><\/div><\/div><\/p>\n","protected":false},"excerpt":{"rendered":"","protected":false},"author":2,"featured_media":5601,"parent":0,"menu_order":0,"comment_status":"closed","ping_status":"closed","template":"","meta":{"inline_featured_image":false,"footnotes":""},"class_list":["post-5598","page","type-page","status-publish","has-post-thumbnail","hentry"],"_links":{"self":[{"href":"https:\/\/demo.vphosting.top\/sv\/wp-json\/wp\/v2\/pages\/5598"}],"collection":[{"href":"https:\/\/demo.vphosting.top\/sv\/wp-json\/wp\/v2\/pages"}],"about":[{"href":"https:\/\/demo.vphosting.top\/sv\/wp-json\/wp\/v2\/types\/page"}],"author":[{"embeddable":true,"href":"https:\/\/demo.vphosting.top\/sv\/wp-json\/wp\/v2\/users\/2"}],"replies":[{"embeddable":true,"href":"https:\/\/demo.vphosting.top\/sv\/wp-json\/wp\/v2\/comments?post=5598"}],"version-history":[{"count":0,"href":"https:\/\/demo.vphosting.top\/sv\/wp-json\/wp\/v2\/pages\/5598\/revisions"}],"wp:featuredmedia":[{"embeddable":true,"href":"https:\/\/demo.vphosting.top\/sv\/wp-json\/wp\/v2\/media\/5601"}],"wp:attachment":[{"href":"https:\/\/demo.vphosting.top\/sv\/wp-json\/wp\/v2\/media?parent=5598"}],"curies":[{"name":"wp","href":"https:\/\/api.w.org\/{rel}","templated":true}]}}