{"id":5285,"date":"2020-04-01T18:38:33","date_gmt":"2020-04-01T16:38:33","guid":{"rendered":"https:\/\/demo.vphosting.top\/prodotto\/silos-inox-lt-5-avec-support-et-robinet\/"},"modified":"2022-10-19T07:52:25","modified_gmt":"2022-10-19T05:52:25","slug":"silos-inox-lt-5-avec-support-et-robinet","status":"publish","type":"product","link":"https:\/\/demo.vphosting.top\/fr\/produit\/silos-inox-lt-5-avec-support-et-robinet\/","title":{"rendered":"SILOS INOX AVEC SUPPORT E ROBINET LT 5"},"content":{"rendered":"<p>Pr\u00e9cieux r\u00e9cipient en acier inoxydable qui permet de mieux pr\u00e9server le produit. Il est \u00e9quip\u00e9 d&rsquo;un robinet distributeur pour faciliter l&rsquo;approvisionnement de l\u2019huile en cuisine. R\u00e9cipient avec un design moderne, facilement lavable et r\u00e9utilisable en toute saison.<\/p>\n<p>Contient une huile d&rsquo;olive extra vierge sicilienne au <a href=\"https:\/\/demo.vphosting.top\/fr\/facteurs-qui-determinent-la-qualite-de-lhuile-dolive\/\"><span style=\"color: #99cc00;\">go\u00fbt propre et harmonieux<\/span><\/a> qui rappelle le fruit\u00e9 des olives vertes fra\u00eechement cueillies. Les sensations am\u00e8res et \u00e9pic\u00e9es, typiques d&rsquo;un produit de haute qualit\u00e9, permettent \u00e0 l&rsquo;huile de conserver plus longtemps ses <span style=\"color: #99cc00;\"><a style=\"color: #99cc00;\" href=\"https:\/\/demo.vphosting.top\/fr\/la-qualite-objective-de-lhuile-dolive\/\">caract\u00e9ristiques qualitatives<\/a> <span style=\"color: #000000;\">et<\/span> <a style=\"color: #99cc00;\" href=\"https:\/\/demo.vphosting.top\/fr\/proprietes-benefiques\/\">propri\u00e9t\u00e9s b\u00e9n\u00e9fiques<\/a><\/span>.<\/p>\n<p>L&rsquo;huile provient de la pression \u00e0 froid des olives des vari\u00e9t\u00e9s <a href=\"https:\/\/demo.vphosting.top\/fr\/nos-cultivars\/\"><span style=\"color: #99cc00;\">Nocellara del Belice, Cerasuola et Biancolilla<\/span><\/a> des provinces de Trapani et Palerme. L&rsquo;extraction a lieu dans des usines \u00e0 cycle continu qui garantissent des normes sanitaires \u00e9lev\u00e9es pendant toute la phase du cycle de production.<\/p>\n<p>Avec son \u00e9quilibre parfait, notre huile est le <a href=\"https:\/\/demo.vphosting.top\/fr\/faux-mythes-sur-lhuile-dolive\/\"><span style=\"color: #99cc00;\">condiment id\u00e9al<\/span> <\/a>pour les salades, les soupes et les soupes mais aussi pour les plats de viande et de poisson car elle rehausse leur go\u00fbt d&rsquo;origine.<\/p>\n<p>Le produit est trac\u00e9 et en plus de la certification de production italienne, il poss\u00e8de sur l&rsquo;\u00e9tiquette la\u00a0<a href=\"https:\/\/demo.vphosting.top\/fr\/oleificio-al-mulino-aujourdhui\/\"><span style=\"color: #99cc00;\">certification d&rsquo;extraction \u00e0 froid et de production 2022\/2023.<\/span><\/a><\/p>\n<p>P\u00e9riode de r\u00e9colte et de pressurage des olives: octobre \/ novembre.<\/p>\n<p><a href=\"https:\/\/demo.vphosting.top\/wp-content\/uploads\/2021\/06\/SCHEDA-SILOS-INOX-LT-5.pdf\">SCHEDA PRODOTTO PDF<\/a><\/p>\n","protected":false},"excerpt":{"rendered":"<h3><span style=\"color: #ffffff;\">RECOLTE 2022\/2023<\/span><\/h3>\n<p>Pr\u00e9cieux r\u00e9cipient en acier inoxydable qui permet de mieux pr\u00e9server les\u00a0caract\u00e9ristiques qualitatives et propri\u00e9t\u00e9s b\u00e9n\u00e9fiques de notre huile d&rsquo;olive extra vierge.<\/p>\n","protected":false},"featured_media":5390,"comment_status":"closed","ping_status":"closed","template":"","meta":{"inline_featured_image":false},"product_cat":[79],"product_tag":[],"class_list":{"0":"post-5285","1":"product","2":"type-product","3":"status-publish","4":"has-post-thumbnail","6":"product_cat-ligne-cadeaux-fr","8":"first","9":"instock","10":"sold-individually","11":"shipping-taxable","12":"purchasable","13":"product-type-simple"},"_links":{"self":[{"href":"https:\/\/demo.vphosting.top\/fr\/wp-json\/wp\/v2\/product\/5285"}],"collection":[{"href":"https:\/\/demo.vphosting.top\/fr\/wp-json\/wp\/v2\/product"}],"about":[{"href":"https:\/\/demo.vphosting.top\/fr\/wp-json\/wp\/v2\/types\/product"}],"replies":[{"embeddable":true,"href":"https:\/\/demo.vphosting.top\/fr\/wp-json\/wp\/v2\/comments?post=5285"}],"wp:featuredmedia":[{"embeddable":true,"href":"https:\/\/demo.vphosting.top\/fr\/wp-json\/wp\/v2\/media\/5390"}],"wp:attachment":[{"href":"https:\/\/demo.vphosting.top\/fr\/wp-json\/wp\/v2\/media?parent=5285"}],"wp:term":[{"taxonomy":"product_cat","embeddable":true,"href":"https:\/\/demo.vphosting.top\/fr\/wp-json\/wp\/v2\/product_cat?post=5285"},{"taxonomy":"product_tag","embeddable":true,"href":"https:\/\/demo.vphosting.top\/fr\/wp-json\/wp\/v2\/product_tag?post=5285"}],"curies":[{"name":"wp","href":"https:\/\/api.w.org\/{rel}","templated":true}]}}