{"id":5277,"date":"2020-04-01T18:44:06","date_gmt":"2020-04-01T16:44:06","guid":{"rendered":"https:\/\/demo.vphosting.top\/prodotto\/boitier-avec-anfora-soubreme-ml-500\/"},"modified":"2022-10-19T07:50:27","modified_gmt":"2022-10-19T05:50:27","slug":"boitier-avec-anfora-soubreme-ml-500","status":"publish","type":"product","link":"https:\/\/demo.vphosting.top\/fr\/produit\/boitier-avec-anfora-soubreme-ml-500\/","title":{"rendered":"BOITIER \u00c0 FEUILLES DE BOIS AVEC ANFORA SOUBREME ML 500"},"content":{"rendered":"<p>\u00c9l\u00e9gant bo\u00eetier cylindrique en feuille de bois, avec fermeture \u00e0 cordon et logo Oleificio Al Mulino. Coffret id\u00e9al pour nos <a href=\"https:\/\/demo.vphosting.top\/fr\/produit\/fragranza-novella-anfora-soubreme\/\"><span style=\"color: #99cc00;\">Anfora Soubr\u00e8me Fragranza Novella ml 500.<\/span><\/a><\/p>\n<p>L&rsquo;huile provient de la pression \u00e0 froid des olives des vari\u00e9t\u00e9s <a href=\"https:\/\/demo.vphosting.top\/fr\/nos-cultivars\/\"><span style=\"color: #99cc00;\">Nocellara del Belice, Cerasuola et Biancolilla<\/span> <\/a>des provinces de Trapani et Palerme. L&rsquo;extraction a lieu dans des usines \u00e0 cycle continu qui garantissent des normes sanitaires \u00e9lev\u00e9es pendant toute la phase du cycle de production.<\/p>\n<p>Avec son \u00e9quilibre parfait, notre huile est le <a href=\"https:\/\/demo.vphosting.top\/fr\/faux-mythes-sur-lhuile-dolive\/\"><span style=\"color: #99cc00;\">condiment id\u00e9al<\/span> <\/a>pour les salades, les soupes et les soupes mais aussi pour les plats de viande et de poisson car elle rehausse leur go\u00fbt d&rsquo;origine.<\/p>\n<p>Le produit est trac\u00e9 et en plus de la certification de production italienne, il poss\u00e8de sur l&rsquo;\u00e9tiquette la <a href=\"https:\/\/demo.vphosting.top\/fr\/oleificio-al-mulino-aujourdhui\/\"><span style=\"color: #99cc00;\">certification d&rsquo;extraction \u00e0 froid et de production 2022\/2023.<\/span><\/a><\/p>\n<p>P\u00e9riode de r\u00e9colte et de pressurage des olives: octobre \/ novembre.<\/p>\n<p><a href=\"https:\/\/demo.vphosting.top\/wp-content\/uploads\/2021\/06\/SCHEDA-ASTUCCIO-F-L-ANF-S-ML-500.pdf\">SCHEDA PRODOTTO PDF<\/a><\/p>\n","protected":false},"excerpt":{"rendered":"<h3><span style=\"color: #ffffff;\">RECOLTE 2022\/2023<\/span><\/h3>\n<p>\u00c9l\u00e9gant bo\u00eetier cylindrique en feuille de bois, avec fermeture \u00e0 cordon et logo Oleificio Al Mulino. Coffret id\u00e9al pour nos Anfora Soubr\u00e8me Fragranza Novella ml 500.<\/p>\n","protected":false},"featured_media":5399,"comment_status":"closed","ping_status":"closed","template":"","meta":{"inline_featured_image":false},"product_cat":[79],"product_tag":[],"class_list":{"0":"post-5277","1":"product","2":"type-product","3":"status-publish","4":"has-post-thumbnail","6":"product_cat-ligne-cadeaux-fr","8":"first","9":"outofstock","10":"sold-individually","11":"shipping-taxable","12":"purchasable","13":"product-type-simple"},"_links":{"self":[{"href":"https:\/\/demo.vphosting.top\/fr\/wp-json\/wp\/v2\/product\/5277"}],"collection":[{"href":"https:\/\/demo.vphosting.top\/fr\/wp-json\/wp\/v2\/product"}],"about":[{"href":"https:\/\/demo.vphosting.top\/fr\/wp-json\/wp\/v2\/types\/product"}],"replies":[{"embeddable":true,"href":"https:\/\/demo.vphosting.top\/fr\/wp-json\/wp\/v2\/comments?post=5277"}],"wp:featuredmedia":[{"embeddable":true,"href":"https:\/\/demo.vphosting.top\/fr\/wp-json\/wp\/v2\/media\/5399"}],"wp:attachment":[{"href":"https:\/\/demo.vphosting.top\/fr\/wp-json\/wp\/v2\/media?parent=5277"}],"wp:term":[{"taxonomy":"product_cat","embeddable":true,"href":"https:\/\/demo.vphosting.top\/fr\/wp-json\/wp\/v2\/product_cat?post=5277"},{"taxonomy":"product_tag","embeddable":true,"href":"https:\/\/demo.vphosting.top\/fr\/wp-json\/wp\/v2\/product_tag?post=5277"}],"curies":[{"name":"wp","href":"https:\/\/api.w.org\/{rel}","templated":true}]}}