{"id":5267,"date":"2020-04-01T18:48:44","date_gmt":"2020-04-01T16:48:44","guid":{"rendered":"https:\/\/demo.vphosting.top\/prodotto\/coffre-en-bois-avec-flacone-ml-500\/"},"modified":"2022-10-19T07:47:27","modified_gmt":"2022-10-19T05:47:27","slug":"coffre-en-bois-avec-flacone-ml-500","status":"publish","type":"product","link":"https:\/\/demo.vphosting.top\/fr\/produit\/coffre-en-bois-avec-flacone-ml-500\/","title":{"rendered":"COFFREE EN BOIS DE BOULEAU AVEC FLACONE ML 500"},"content":{"rendered":"<p>Raffin\u00e9e coffret cadeau en bois de bouleau, \u00e9quip\u00e9 d&rsquo;une fermeture \u00e0 glissi\u00e8re avec le logo Oleificio Al Mulino. \u00c9tui id\u00e9al pour notre <a href=\"https:\/\/demo.vphosting.top\/fr\/produit\/fragranza-novella-flacone\/\"><span style=\"color: #99cc00;\">flacon Fragranza Novella ml 500<\/span>.<\/a><\/p>\n<p>L&rsquo;huile provient de la pression \u00e0 froid des olives des vari\u00e9t\u00e9s <a href=\"https:\/\/demo.vphosting.top\/fr\/nos-cultivars\/\"><span style=\"color: #99cc00;\">Nocellara del Belice, Cerasuola et Biancolilla<\/span><\/a> des provinces de Trapani et Palerme. L&rsquo;extraction a lieu dans des usines \u00e0 cycle continu qui garantissent des normes sanitaires \u00e9lev\u00e9es pendant toute la phase du cycle de production.<\/p>\n<p>Avec son \u00e9quilibre parfait, notre huile est le<a href=\"https:\/\/demo.vphosting.top\/fr\/faux-mythes-sur-lhuile-dolive\/\"><span style=\"color: #99cc00;\"> condiment id\u00e9al<\/span> <\/a>pour les salades, les soupes et les soupes mais aussi pour les plats de viande et de poisson car elle rehausse leur go\u00fbt d&rsquo;origine.<\/p>\n<p>Le produit est trac\u00e9 et en plus de la certification de production italienne, il poss\u00e8de sur l&rsquo;\u00e9tiquette la <a href=\"https:\/\/demo.vphosting.top\/fr\/oleificio-al-mulino-aujourdhui\/\"><span style=\"color: #99cc00;\">certification d&rsquo;extraction \u00e0 froid et de production 2022\/2023.<\/span><\/a><\/p>\n<p>P\u00e9riode de r\u00e9colte et de pressurage des olives: octobre \/ novembre.<\/p>\n<p><a href=\"https:\/\/demo.vphosting.top\/wp-content\/uploads\/2021\/06\/SCHEDA-CASSETTA-1-FLAC-ML-500.pdf\">SCHEDA PRODOTTO PDF<\/a><\/p>\n","protected":false},"excerpt":{"rendered":"<h3><span style=\"color: #ffffff;\">RECOLTE 2022\/2023<\/span><\/h3>\n<p>Raffin\u00e9e coffret cadeau en bois de bouleau, \u00e9quip\u00e9 d&rsquo;une fermeture \u00e0 glissi\u00e8re avec le logo Oleificio Al Mulino. \u00c9tui id\u00e9al pour notre flacon Fragranza Novella ml 500.<\/p>\n","protected":false},"featured_media":5402,"comment_status":"closed","ping_status":"closed","template":"","meta":{"inline_featured_image":false},"product_cat":[79],"product_tag":[],"class_list":{"0":"post-5267","1":"product","2":"type-product","3":"status-publish","4":"has-post-thumbnail","6":"product_cat-ligne-cadeaux-fr","8":"first","9":"instock","10":"sold-individually","11":"shipping-taxable","12":"purchasable","13":"product-type-simple"},"_links":{"self":[{"href":"https:\/\/demo.vphosting.top\/fr\/wp-json\/wp\/v2\/product\/5267"}],"collection":[{"href":"https:\/\/demo.vphosting.top\/fr\/wp-json\/wp\/v2\/product"}],"about":[{"href":"https:\/\/demo.vphosting.top\/fr\/wp-json\/wp\/v2\/types\/product"}],"replies":[{"embeddable":true,"href":"https:\/\/demo.vphosting.top\/fr\/wp-json\/wp\/v2\/comments?post=5267"}],"wp:featuredmedia":[{"embeddable":true,"href":"https:\/\/demo.vphosting.top\/fr\/wp-json\/wp\/v2\/media\/5402"}],"wp:attachment":[{"href":"https:\/\/demo.vphosting.top\/fr\/wp-json\/wp\/v2\/media?parent=5267"}],"wp:term":[{"taxonomy":"product_cat","embeddable":true,"href":"https:\/\/demo.vphosting.top\/fr\/wp-json\/wp\/v2\/product_cat?post=5267"},{"taxonomy":"product_tag","embeddable":true,"href":"https:\/\/demo.vphosting.top\/fr\/wp-json\/wp\/v2\/product_tag?post=5267"}],"curies":[{"name":"wp","href":"https:\/\/api.w.org\/{rel}","templated":true}]}}