{"id":5253,"date":"2020-04-01T18:50:15","date_gmt":"2020-04-01T16:50:15","guid":{"rendered":"https:\/\/demo.vphosting.top\/prodotto\/fragranza-novella-anfora-egizia\/"},"modified":"2022-10-19T07:44:52","modified_gmt":"2022-10-19T05:44:52","slug":"fragranza-novella-anfora-egizia","status":"publish","type":"product","link":"https:\/\/demo.vphosting.top\/fr\/produit\/fragranza-novella-anfora-egizia\/","title":{"rendered":"FRAGRANZA NOVELLA ANFORA EGIZIA"},"content":{"rendered":"<p>\u00c9l\u00e9gante amphore en verre transparent avec bec verseur, ferm\u00e9e par un capuchon champignon en silicone et par une capsule thermor\u00e9tractable transparente.<\/p>\n<p>Cet emballage donnera une touche sp\u00e9ciale \u00e0 vos tables en vous permettant de savourer le <a href=\"https:\/\/demo.vphosting.top\/fr\/facteurs-qui-determinent-la-qualite-de-lhuile-dolive\/\"><span style=\"color: #99cc00;\">go\u00fbt propre et harmonieux<\/span><\/a> de notre huile d&rsquo;olive extra vierge. Les sensations am\u00e8res et \u00e9pic\u00e9es, typiques d&rsquo;un produit de haute qualit\u00e9, permettent \u00e0 l&rsquo;huile de conserver plus longtemps ses<a href=\"https:\/\/demo.vphosting.top\/fr\/la-qualite-objective-de-lhuile-dolive\/\"> <span style=\"color: #99cc00;\">caract\u00e9ristiques qualitatives <\/span><\/a>et <span style=\"color: #99cc00;\"><a href=\"https:\/\/demo.vphosting.top\/fr\/proprietes-benefiques\/\">propri\u00e9t\u00e9s b\u00e9n\u00e9fiques<\/a>.<\/span><\/p>\n<p>L&rsquo;huile provient de la pression \u00e0 froid des olives des vari\u00e9t\u00e9s <a href=\"https:\/\/demo.vphosting.top\/fr\/nos-cultivars\/\"><span style=\"color: #99cc00;\">Nocellara del Belice, Cerasuola et Biancolilla<\/span> <\/a>des provinces de Trapani et Palerme. L&rsquo;extraction a lieu dans des usines \u00e0 cycle continu qui garantissent des normes sanitaires \u00e9lev\u00e9es pendant toute la phase du cycle de production.<\/p>\n<p>Avec son \u00e9quilibre parfait, notre huile est le <a href=\"https:\/\/demo.vphosting.top\/fr\/faux-mythes-sur-lhuile-dolive\/\"><span style=\"color: #99cc00;\">condiment id\u00e9al<\/span> <\/a>pour les salades, les soupes et les soupes mais aussi pour les plats de viande et de poisson car elle rehausse leur go\u00fbt d&rsquo;origine.<\/p>\n<p>Le produit est trac\u00e9 et en plus de la certification de production italienne, il poss\u00e8de sur l&rsquo;\u00e9tiquette la <a href=\"https:\/\/demo.vphosting.top\/fr\/oleificio-al-mulino-aujourdhui\/\"><span style=\"color: #99cc00;\">certification d&rsquo;extraction \u00e0 froid et de production 2022\/2023.<\/span><\/a><\/p>\n<p>P\u00e9riode de r\u00e9colte et de pressurage des olives: octobre \/ novembre.<\/p>\n<p><a href=\"https:\/\/demo.vphosting.top\/wp-content\/uploads\/2021\/06\/SCHEDA-ANFORA-EGIZIA-ML-500.pdf\">SCHEDA PRODOTTO PDF<\/a><\/p>\n","protected":false},"excerpt":{"rendered":"<h3><span style=\"color: #ffffff;\">RECOLTE 2022\/2023<\/span><\/h3>\n<p>Elegante Amphore en verre transparent avec bec verseur, ferm\u00e9e par un capuchon champignon en silicone et par une capsule thermor\u00e9tractable transparente.<\/p>\n","protected":false},"featured_media":5386,"comment_status":"closed","ping_status":"closed","template":"","meta":{"inline_featured_image":false},"product_cat":[79],"product_tag":[],"class_list":{"0":"post-5253","1":"product","2":"type-product","3":"status-publish","4":"has-post-thumbnail","6":"product_cat-ligne-cadeaux-fr","8":"first","9":"instock","10":"shipping-taxable","11":"purchasable","12":"product-type-variable","13":"has-default-attributes"},"_links":{"self":[{"href":"https:\/\/demo.vphosting.top\/fr\/wp-json\/wp\/v2\/product\/5253"}],"collection":[{"href":"https:\/\/demo.vphosting.top\/fr\/wp-json\/wp\/v2\/product"}],"about":[{"href":"https:\/\/demo.vphosting.top\/fr\/wp-json\/wp\/v2\/types\/product"}],"replies":[{"embeddable":true,"href":"https:\/\/demo.vphosting.top\/fr\/wp-json\/wp\/v2\/comments?post=5253"}],"wp:featuredmedia":[{"embeddable":true,"href":"https:\/\/demo.vphosting.top\/fr\/wp-json\/wp\/v2\/media\/5386"}],"wp:attachment":[{"href":"https:\/\/demo.vphosting.top\/fr\/wp-json\/wp\/v2\/media?parent=5253"}],"wp:term":[{"taxonomy":"product_cat","embeddable":true,"href":"https:\/\/demo.vphosting.top\/fr\/wp-json\/wp\/v2\/product_cat?post=5253"},{"taxonomy":"product_tag","embeddable":true,"href":"https:\/\/demo.vphosting.top\/fr\/wp-json\/wp\/v2\/product_tag?post=5253"}],"curies":[{"name":"wp","href":"https:\/\/api.w.org\/{rel}","templated":true}]}}