{"id":5231,"date":"2021-07-16T13:57:00","date_gmt":"2021-07-16T11:57:00","guid":{"rendered":"https:\/\/demo.vphosting.top\/prodotto\/fragranza-novella-bottiglia\/"},"modified":"2022-10-19T07:36:22","modified_gmt":"2022-10-19T05:36:22","slug":"fragranza-novella-bouteille","status":"publish","type":"product","link":"https:\/\/demo.vphosting.top\/fr\/produit\/fragranza-novella-bouteille\/","title":{"rendered":"FRAGRANZA NOVELLA BOUTEILLE"},"content":{"rendered":"<p>Bouteille de couleur vert fonc\u00e9, scell\u00e9 par un bouchon r\u00e9tractable et \u00e9quip\u00e9 d&rsquo;une \u00e9tiquette r\u00e9sistante et transparente anti-huile.<\/p>\n<p>Contient une huile d&rsquo;olive extra vierge sicilienne au <a href=\"https:\/\/demo.vphosting.top\/fr\/facteurs-qui-determinent-la-qualite-de-lhuile-dolive\/\"><span style=\"color: #99cc00;\">go\u00fbt prpre et harmonieux<\/span><\/a> qui rappelle le fruit\u00e9 des olives vertes fra\u00eechement cueillies. Les sensations am\u00e8res et \u00e9pic\u00e9es, typiques d&rsquo;un produit de haute qualit\u00e9, permettent \u00e0 l&rsquo;huile de conserver plus longtemps ses <span style=\"color: #99cc00;\"><a href=\"https:\/\/demo.vphosting.top\/fr\/la-qualite-objective-de-lhuile-dolive\/\"><span style=\"color: #99cc00;\">caract\u00e9ristiques qualitatives<\/span> <\/a><\/span>et <span style=\"color: #99cc00;\"><a style=\"color: #99cc00;\" href=\"https:\/\/demo.vphosting.top\/fr\/proprietes-benefiques\/\">propri\u00e9t\u00e9s b\u00e9n\u00e9fiques<\/a>.<\/span><\/p>\n<p>L&rsquo;huile provient de la pression \u00e0 froid des olives des vari\u00e9t\u00e9s<a href=\"https:\/\/demo.vphosting.top\/fr\/nos-cultivars\/\"> <span style=\"color: #99cc00;\">Nocellara del Belice, Cerasuola et Biancolill<\/span><span style=\"color: #99cc00;\">a<\/span><\/a>\u00a0des provinces de Trapani et Palerme. L&rsquo;extraction a lieu dans des usines \u00e0 cycle continu qui garantissent des normes sanitaires \u00e9lev\u00e9es pendant toute la phase du cycle de production.<\/p>\n<p>Avec son \u00e9quilibre parfait, notre huile est le <a href=\"https:\/\/demo.vphosting.top\/fr\/faux-mythes-sur-lhuile-dolive\/\"><span style=\"color: #99cc00;\">condiment id\u00e9al<\/span><\/a> pour les salades, les soupes et les soupes mais aussi pour les plats de viande et de poisson car elle rehausse leur go\u00fbt d&rsquo;origine.<\/p>\n<p>Le produit est trac\u00e9 et en plus de la certification de production italienne, il poss\u00e8de sur l&rsquo;\u00e9tiquette la <a href=\"https:\/\/demo.vphosting.top\/fr\/oleificio-al-mulino-aujourdhui\/\"><span style=\"color: #99cc00;\">certification d&rsquo;extraction \u00e0 froid et de production 2022\/2023.<\/span><\/a><\/p>\n<p>P\u00e9riode de r\u00e9colte et de pressurage des olives: octobre \/ novembre.<\/p>\n","protected":false},"excerpt":{"rendered":"<h3><span style=\"color: #ffffff;\">RECOLTE 2022\/2023<\/span><\/h3>\n<p>Bouteille de couleur vert fonc\u00e9, scell\u00e9 par un bouchon r\u00e9tractable et \u00e9quip\u00e9 d&rsquo;une \u00e9tiquette r\u00e9sistante et anti-huile.<\/p>\n","protected":false},"featured_media":5378,"comment_status":"closed","ping_status":"closed","template":"","meta":{"inline_featured_image":false},"product_cat":[78],"product_tag":[],"class_list":{"0":"post-5231","1":"product","2":"type-product","3":"status-publish","4":"has-post-thumbnail","6":"product_cat-ligne-prives-fr","8":"first","9":"instock","10":"shipping-taxable","11":"purchasable","12":"product-type-variable","13":"has-default-attributes"},"_links":{"self":[{"href":"https:\/\/demo.vphosting.top\/fr\/wp-json\/wp\/v2\/product\/5231"}],"collection":[{"href":"https:\/\/demo.vphosting.top\/fr\/wp-json\/wp\/v2\/product"}],"about":[{"href":"https:\/\/demo.vphosting.top\/fr\/wp-json\/wp\/v2\/types\/product"}],"replies":[{"embeddable":true,"href":"https:\/\/demo.vphosting.top\/fr\/wp-json\/wp\/v2\/comments?post=5231"}],"wp:featuredmedia":[{"embeddable":true,"href":"https:\/\/demo.vphosting.top\/fr\/wp-json\/wp\/v2\/media\/5378"}],"wp:attachment":[{"href":"https:\/\/demo.vphosting.top\/fr\/wp-json\/wp\/v2\/media?parent=5231"}],"wp:term":[{"taxonomy":"product_cat","embeddable":true,"href":"https:\/\/demo.vphosting.top\/fr\/wp-json\/wp\/v2\/product_cat?post=5231"},{"taxonomy":"product_tag","embeddable":true,"href":"https:\/\/demo.vphosting.top\/fr\/wp-json\/wp\/v2\/product_tag?post=5231"}],"curies":[{"name":"wp","href":"https:\/\/api.w.org\/{rel}","templated":true}]}}