{"id":5203,"date":"2021-07-16T14:04:12","date_gmt":"2021-07-16T12:04:12","guid":{"rendered":"https:\/\/demo.vphosting.top\/prodotto\/fragranza-novella-flacone\/"},"modified":"2022-10-19T07:32:27","modified_gmt":"2022-10-19T05:32:27","slug":"fragranza-novella-flacone","status":"publish","type":"product","link":"https:\/\/demo.vphosting.top\/fr\/produit\/fragranza-novella-flacone\/","title":{"rendered":"FRAGRANZA NOVELLA FLACONE"},"content":{"rendered":"<p>Flacon cylindrique \u00e9l\u00e9gant de couleur vert antique, scell\u00e9 herm\u00e9tiquement avec un solide bouchon noir anti-topping et \u00e9quip\u00e9 d&rsquo;une \u00e9tiquette r\u00e9sistante et transparente anti-huile.<\/p>\n<p>Cet emballage est en mesure de tirer le meilleur parti d&rsquo;une excellente huile d&rsquo;olive extra vierge au <a href=\"https:\/\/demo.vphosting.top\/fr\/facteurs-qui-determinent-la-qualite-de-lhuile-dolive\/\"><span style=\"color: #99cc00;\">go\u00fbt propre et harmonieux<\/span><\/a> qui rappelle le fruit\u00e9 des olives vertes fra\u00eechement cueillies, dont les sensations am\u00e8res et \u00e9pic\u00e9es permettent \u00e0 l&rsquo;huile de conserver plus longtemps ses <a href=\"https:\/\/demo.vphosting.top\/fr\/la-qualite-objective-de-lhuile-dolive\/\"><span style=\"color: #99cc00;\">caract\u00e9ristiques qualitatives<\/span><\/a> et <span style=\"color: #99cc00;\"><a href=\"https:\/\/demo.vphosting.top\/fr\/proprietes-benefiques\/\">propri\u00e9t\u00e9s b\u00e9n\u00e9fiques<\/a>.<\/span><\/p>\n<p>L&rsquo;huile provient de la pression \u00e0 froid des olives des vari\u00e9t\u00e9s <span style=\"color: #99cc00;\"><a style=\"color: #99cc00;\" href=\"https:\/\/demo.vphosting.top\/fr\/nos-cultivars\/\">Nocellara del Belice, Cerasuola et Biancolilla<\/a> <\/span>des provinces de Trapani et Palerme. L&rsquo;extraction a lieu dans des usines \u00e0 cycle continu qui garantissent des normes sanitaires \u00e9lev\u00e9es pendant toute la phase du cycle de production.<\/p>\n<p>Avec son \u00e9quilibre parfait, notre huile est le <span style=\"color: #99cc00;\"><a style=\"color: #99cc00;\" href=\"https:\/\/demo.vphosting.top\/fr\/faux-mythes-sur-lhuile-dolive\/\">condiment id\u00e9al<\/a> <\/span>pour les salades, les soupes et les soupes mais aussi pour les plats de viande et de poisson car elle rehausse leur go\u00fbt d&rsquo;origine.<\/p>\n<p>Le produit est trac\u00e9 et en plus de la certification de production italienne, il poss\u00e8de sur l&rsquo;\u00e9tiquette la <a href=\"https:\/\/demo.vphosting.top\/fr\/oleificio-al-mulino-aujourdhui\/\"><span style=\"color: #99cc00;\">certification d&rsquo;extraction \u00e0 froid et de production 2022\/2023.<\/span><\/a><\/p>\n<p>P\u00e9riode de r\u00e9colte et de pressurage des olives: octobre \/ novembre.<\/p>\n","protected":false},"excerpt":{"rendered":"<h3><span style=\"color: #ffffff;\">RECOLTE 2022\/2023<\/span><\/h3>\n<p>Flacon cylindrique \u00e9l\u00e9gant de couleur vert antique, scell\u00e9 herm\u00e9tiquement avec un solide bouchon noir anti-topping et \u00e9quip\u00e9 d&rsquo;une \u00e9tiquette r\u00e9sistante et transparente anti-huile.<\/p>\n","protected":false},"featured_media":5222,"comment_status":"closed","ping_status":"closed","template":"","meta":{"inline_featured_image":false},"product_cat":[80],"product_tag":[],"class_list":{"0":"post-5203","1":"product","2":"type-product","3":"status-publish","4":"has-post-thumbnail","6":"product_cat-ligne-restaurants-fr","8":"first","9":"instock","10":"shipping-taxable","11":"purchasable","12":"product-type-variable","13":"has-default-attributes"},"_links":{"self":[{"href":"https:\/\/demo.vphosting.top\/fr\/wp-json\/wp\/v2\/product\/5203"}],"collection":[{"href":"https:\/\/demo.vphosting.top\/fr\/wp-json\/wp\/v2\/product"}],"about":[{"href":"https:\/\/demo.vphosting.top\/fr\/wp-json\/wp\/v2\/types\/product"}],"replies":[{"embeddable":true,"href":"https:\/\/demo.vphosting.top\/fr\/wp-json\/wp\/v2\/comments?post=5203"}],"wp:featuredmedia":[{"embeddable":true,"href":"https:\/\/demo.vphosting.top\/fr\/wp-json\/wp\/v2\/media\/5222"}],"wp:attachment":[{"href":"https:\/\/demo.vphosting.top\/fr\/wp-json\/wp\/v2\/media?parent=5203"}],"wp:term":[{"taxonomy":"product_cat","embeddable":true,"href":"https:\/\/demo.vphosting.top\/fr\/wp-json\/wp\/v2\/product_cat?post=5203"},{"taxonomy":"product_tag","embeddable":true,"href":"https:\/\/demo.vphosting.top\/fr\/wp-json\/wp\/v2\/product_tag?post=5203"}],"curies":[{"name":"wp","href":"https:\/\/api.w.org\/{rel}","templated":true}]}}