{"id":5134,"date":"2021-07-16T17:24:16","date_gmt":"2021-07-16T15:24:16","guid":{"rendered":"https:\/\/demo.vphosting.top\/prodotto\/fragranza-novella-bag-in-box\/"},"modified":"2022-10-19T07:25:21","modified_gmt":"2022-10-19T05:25:21","slug":"fragranza-novella-bag-in-box","status":"publish","type":"product","link":"https:\/\/demo.vphosting.top\/fr\/produit\/fragranza-novella-bag-in-box\/","title":{"rendered":"FRAGRANZA NOVELLA BAG IN BOX"},"content":{"rendered":"<p>Bag in Box en noir avec olive, \u00e9quip\u00e9 d&rsquo;une \u00e9tiquette anti-huile transparente r\u00e9sistante. Il repr\u00e9sente le conteneur id\u00e9al pour stocker une huile d&rsquo;olive extra vierge de haute qualit\u00e9 car le produit est conditionn\u00e9 dans le sac interne en <a href=\"https:\/\/demo.vphosting.top\/fr\/facteurs-qui-determinent-la-qualite-de-lhuile-dolive\/\"><span style=\"color: #99cc00;\">absence d&rsquo;oxyg\u00e8ne<\/span><\/a>. Au fur et \u00e0 mesure que le sac se vide, il se compresse sur lui-m\u00eame sans former de bulles d&rsquo;air, allongeant les temps d&rsquo;oxydation de l&rsquo;huile. M\u00eame la bo\u00eete ext\u00e9rieure, pratique et facile \u00e0 d\u00e9placer, est constitu\u00e9e d&rsquo;un carton solide de haute qualit\u00e9 et recouverte de peintures anti-UV. Il est tr\u00e8s pratique en cuisine car il permet de pr\u00e9lever du robinet que la quantit\u00e9 de produit que l&rsquo;on compte consommer de temps en temps.<\/p>\n<p>Contient une huile d&rsquo;olive extra vierge sicilienne au <a href=\"https:\/\/demo.vphosting.top\/fr\/facteurs-qui-determinent-la-qualite-de-lhuile-dolive\/\"><span style=\"color: #99cc00;\">go\u00fbt propre et harmonieux<\/span><\/a> qui rappelle le fruit\u00e9 des olives vertes fra\u00eechement cueillies. Les sensations am\u00e8res et \u00e9pic\u00e9es, typiques d&rsquo;un produit de haute qualit\u00e9, permettent \u00e0 l&rsquo;huile de conserver plus longtemps ses <a href=\"https:\/\/demo.vphosting.top\/fr\/la-qualite-objective-de-lhuile-dolive\/\"><span style=\"color: #99cc00;\">caract\u00e9ristiques qualitatives<\/span><\/a> et <a href=\"https:\/\/demo.vphosting.top\/fr\/proprietes-benefiques\/\"><span style=\"color: #99cc00;\">propri\u00e9t\u00e9s b\u00e9n\u00e9fiques.<\/span><\/a><\/p>\n<p>L&rsquo;huile provient de la pression \u00e0 froid des olives des vari\u00e9t\u00e9s <a href=\"https:\/\/demo.vphosting.top\/fr\/nos-cultivars\/\"><span style=\"color: #99cc00;\">Nocellara del Belice, Cerasuola et Biancolilla <\/span><\/a>des provinces de Trapani et Palerme. L&rsquo;extraction a lieu dans des usines \u00e0 cycle continu qui garantissent des normes sanitaires \u00e9lev\u00e9es pendant toute la phase du cycle de production.<\/p>\n<p>Avec son \u00e9quilibre parfait, notre huile est le <a href=\"https:\/\/demo.vphosting.top\/fr\/faux-mythes-sur-lhuile-dolive\/\"><span style=\"color: #99cc00;\">condiment id\u00e9al<\/span><\/a> pour les salades, les soupes et les soupes mais aussi pour les plats de viande et de poisson car elle rehausse leur go\u00fbt d&rsquo;origine.<\/p>\n<p>Le produit est trac\u00e9 et en plus de la certification de production italienne, il poss\u00e8de sur l&rsquo;\u00e9tiquette la <a href=\"https:\/\/demo.vphosting.top\/fr\/oleificio-al-mulino-aujourdhui\/\"><span style=\"color: #99cc00;\">certification d&rsquo;extraction a froid et de production 2022\/2023.<\/span><\/a><\/p>\n<p>P\u00e9riode de r\u00e9colte et de pressurage des olives: octobre \/ novembre.<\/p>\n","protected":false},"excerpt":{"rendered":"<h3><span style=\"color: #ffffff;\">RECOLTE 2022\/2023.<\/span><\/h3>\n<p>R\u00e9cipient parfait pour conserver une huile d&rsquo;olive extra vierge de haute qualit\u00e9.<\/p>\n","protected":false},"featured_media":5415,"comment_status":"closed","ping_status":"closed","template":"","meta":{"inline_featured_image":false},"product_cat":[78,80],"product_tag":[],"class_list":{"0":"post-5134","1":"product","2":"type-product","3":"status-publish","4":"has-post-thumbnail","6":"product_cat-ligne-prives-fr","7":"product_cat-ligne-restaurants-fr","9":"first","10":"instock","11":"shipping-taxable","12":"purchasable","13":"product-type-variable","14":"has-default-attributes"},"_links":{"self":[{"href":"https:\/\/demo.vphosting.top\/fr\/wp-json\/wp\/v2\/product\/5134"}],"collection":[{"href":"https:\/\/demo.vphosting.top\/fr\/wp-json\/wp\/v2\/product"}],"about":[{"href":"https:\/\/demo.vphosting.top\/fr\/wp-json\/wp\/v2\/types\/product"}],"replies":[{"embeddable":true,"href":"https:\/\/demo.vphosting.top\/fr\/wp-json\/wp\/v2\/comments?post=5134"}],"wp:featuredmedia":[{"embeddable":true,"href":"https:\/\/demo.vphosting.top\/fr\/wp-json\/wp\/v2\/media\/5415"}],"wp:attachment":[{"href":"https:\/\/demo.vphosting.top\/fr\/wp-json\/wp\/v2\/media?parent=5134"}],"wp:term":[{"taxonomy":"product_cat","embeddable":true,"href":"https:\/\/demo.vphosting.top\/fr\/wp-json\/wp\/v2\/product_cat?post=5134"},{"taxonomy":"product_tag","embeddable":true,"href":"https:\/\/demo.vphosting.top\/fr\/wp-json\/wp\/v2\/product_tag?post=5134"}],"curies":[{"name":"wp","href":"https:\/\/api.w.org\/{rel}","templated":true}]}}