{"id":5051,"date":"2021-09-16T13:34:52","date_gmt":"2021-09-16T11:34:52","guid":{"rendered":"https:\/\/demo.vphosting.top\/?page_id=5051"},"modified":"2021-09-16T13:34:52","modified_gmt":"2021-09-16T11:34:52","slug":"privacy-policy","status":"publish","type":"page","link":"https:\/\/demo.vphosting.top\/fr\/privacy-policy\/","title":{"rendered":"Privacy Policy"},"content":{"rendered":"<p>Pour Oleificio Al Mulino di Troia Rosario, votre privacy et la s\u00e9curit\u00e9 de vos informations personnelles sont importantes, c&rsquo;est pourquoi nous collectons et g\u00e9rons vos informations personnelles avec le plus grand soin et prenons les mesures appropri\u00e9es pour les prot\u00e9ger.<\/p>\n<p>Vous trouverez ci-dessous des informations sur le traitement par Oleificio Al Mulino di Troia Rosario de vos informations personnelles en relation avec votre navigation sur oleificioalmulino.it et l&rsquo;utilisation des services propos\u00e9s. Pour des informations d\u00e9taill\u00e9es sur la fa\u00e7on dont Oleificio Al Mulino di Troia Rosario g\u00e8re vos information personnelles, veuillez lire cette politique de confidentialit\u00e9 dans son int\u00e9gralit\u00e9.<\/p>\n<p>Certains services peuvent \u00eatre soumis \u00e0 des conditions juridiques diff\u00e9rentes, auquel cas nous vous fournirons de temps \u00e0 autre toutes les informations pertinentes.<\/p>\n<p>&nbsp;<\/p>\n<p><strong>LE TITULAIRE DU TRAITEMENT<\/strong><\/p>\n<p>Le propri\u00e9taire du traitement des informations personnelles est Oleificio Al Mulino di Troia Rosario dont le si\u00e8ge est Piazza Venezia 6 &#8211; 90040 Capaci (PA), num\u00e9ro de TVA IT05974860826.<\/p>\n<p>&nbsp;<\/p>\n<p><strong>RESPONSABLE DU TRAITEMENT<\/strong><\/p>\n<p>L\u00ecOleificio Al Mulino di Troia Rosario dont le si\u00e8ge est Piazza Venezia 6 &#8211; 90040 Capaci (PA), num\u00e9ro de TVA IT05974860826, a \u00e9t\u00e9 d\u00e9sign\u00e9 comme responsable du traitement des informationss personnelles.<\/p>\n<p>Pour toute clarification, question ou besoin li\u00e9 \u00e0 votre vie priv\u00e9e et au traitement de vos informations personnelles, vous pouvez contacter le sous-traitant \u00e0 tout moment en envoyant un e-mail \u00e0 info@oleificioalmulino.it en ins\u00e9rant \u00abprivacy \u00bb comme objet.<\/p>\n<p>&nbsp;<\/p>\n<p><strong>INFORMATIONS PERSONNELLES COLLECT\u00c9ES<\/strong><\/p>\n<p>Les cat\u00e9gories de informations personnelles que Oleificio Al Mulino di Troia Rosario collecte et traite lorsque vous naviguez ou achetez sur oleificioalmulino.it sont les suivantes :<\/p>\n<ul>\n<li>nous collectons les informatios personnelles que vous nous fournissez lorsque vous remplissez l&rsquo;un des formulaires de contact ;<\/li>\n<li>nous collectons les informations personnelles que vous nous fournissez lorsque vous demandez un service offert sur oleificioalmulino.it ;<\/li>\n<li>nous collectons les informations personnelles que vous nous fournissez lorsque vous vous inscrivez \u00e0 notre service de newsletter ;<\/li>\n<li>nous collectons des informations sur votre navigation sur oleificioalmulino.it, telles que les pages que vous visitez et comment vous interagissez avec la page unique et nous enregistrons ces informations sur nos serveurs ;<\/li>\n<li>dans le cas o\u00f9 vous fournissez \u00e0 oleificioalmulino.it des informatios personnelles de tiers, par exemple dans les cas o\u00f9 vous d\u00e9cidez de demander des informations au nom d&rsquo;un ami, lors de la notification, oleificioalmulino.it s&rsquo;assurera de fournir les informations au tiers confidentialit\u00e9 au moment de la premi\u00e8re communication. Nous vous rappelons que l&rsquo;utilisation des informationss personnelles de tiers est soumise aux r\u00e8gles sur la protection des informations personnelles.<\/li>\n<\/ul>\n<p>Nous vous informons que Oleificio Al Mulino di Troia Rosario ne traite pas les informations personnelles relatives aux mineurs. Si vous acc\u00e9dez et utilisez les services propos\u00e9s par Oleificio Al Mulino di Troia Rosario, vous d\u00e9clarez \u00eatre majeur.<\/p>\n<p>&nbsp;<\/p>\n<p><strong>FINALIT\u00c9 D&rsquo;UTILISATION DES INFORMATIONS PERSONNELLES<\/strong><\/p>\n<p>Oleificio Al Mulino di Troia Rosario collecte et traite vos informations personnelles aux fins suivantes :<\/p>\n<ol>\n<li>sous r\u00e9serve de votre consentement expr\u00e8s, la gestion de vos demandes \u00e0 Oleificio Al Mulino di Troia Rosario, en utilisant les informations personnelles que vous fournissez pour satisfaire vos demandes d&rsquo;informations et demandes d&rsquo;assistance ;<\/li>\n<li>sous r\u00e9serve de votre consentement expr\u00e8s, la fourniture des services offerts sur oleificioalmulino.it. \u00c0 cette fin, Oleificio Al Mulino di Troia Rosario doit collecter, en relation avec chaque service et ses caract\u00e9ristiques, les informations personnelles n\u00e9cessaires \u00e0 l&rsquo;ex\u00e9cution du service demand\u00e9 par vous;<\/li>\n<li>sous r\u00e9serve de votre consentement expr\u00e8s, nous pouvons utiliser les informations personnelles que vous nous avez fournies pour des communications commerciales sur nos produits et services afin de vous tenir au courant des nouveaut\u00e9s, offres, promotions et autres communications concernant la soci\u00e9t\u00e9 et les marques qui lui sont li\u00e9es;<\/li>\n<li>sous r\u00e9serve de votre consentement expr\u00e8s, nous pouvons utiliser vos contacts dans le cadre d&rsquo;\u00e9tudes statistiques, de sondages d&rsquo;opinion et d&rsquo;\u00e9tudes de march\u00e9 afin d&rsquo;am\u00e9liorer nos services, nos produits, nos activit\u00e9s et la relation avec nos utilisateurs ;<\/li>\n<li>nous traitons les informations personnelles relatives \u00e0 votre navigation telles que les pages que vous visitez et la mani\u00e8re dont vous interagissez avec la page unique, c&rsquo;est-\u00e0-dire le trafic, dans une mesure strictement n\u00e9cessaire et proportionn\u00e9e pour assurer la s\u00e9curit\u00e9 du r\u00e9seau et des informations;<\/li>\n<li>sous r\u00e9serve de votre consentement expr\u00e8s, sur les informations personnelles informations personnelles collect\u00e9es, nous pouvons utiliser des m\u00e9canismes de profilage automatis\u00e9s ou non, notamment : l&rsquo;analyse comportementale \u00e0 des fins promotionnelles et publicitaires; la cr\u00e9ation de listes \u00e0 des fins promotionnelles, par exemple pour l&rsquo;utilisation et l&rsquo;activation d&rsquo;audiences personnalis\u00e9es et publiques jug\u00e9es similaires, d&rsquo;outils de profilage d&rsquo;ID utilisateur de Google Analytics et d&rsquo;activit\u00e9s similaires sur Facebook, Google et d&rsquo;autres tiers ad\u00e9quatement s\u00e9lectionn\u00e9s et qui offrent une garantie appropri\u00e9e de le respect des r\u00e8gles sur le traitement des informations personnelles; la cr\u00e9ation de listes pour la communication commerciale; la cr\u00e9ation de listes d&rsquo;envoi de newsletters ; l&rsquo;\u00e9laboration de profils pour la fourniture de services cibl\u00e9s et personnalis\u00e9s aux besoins du client; analyse de vos habitudes de navigation et de consommation dans le cadre de l&rsquo;utilisation de votre profil Oleificio Al Mulino di Troia Rosario, afin de personnaliser votre exp\u00e9rience sur notre Site.<\/li>\n<\/ol>\n<p>Ces m\u00e9canismes de profilage ne fondent pas de d\u00e9cisions ayant des effets juridiques et n&rsquo;affectent pas de mani\u00e8re significative les personnes physiques impliqu\u00e9es de mani\u00e8re similaire.<\/p>\n<p>En ce qui concerne toutes les activit\u00e9s indiqu\u00e9es ci-dessus, nous traiterons vos informations personnelles principalement par le biais d&rsquo;outils informatiques et \u00e9lectroniques, dans le plein respect de la l\u00e9gislation en vigueur en la mati\u00e8re.<\/p>\n<p>&nbsp;<\/p>\n<p><strong>BASE JURIDIQUE DU TRAITEMENT<\/strong><\/p>\n<p>Nous ne traitons vos informations personnelles qu&rsquo;en pr\u00e9sence de l&rsquo;une des conditions pr\u00e9vues par la l\u00e9gislation en vigueur, et notamment :<\/p>\n<p><strong>pour la conclusion et l&rsquo;ex\u00e9cution d&rsquo;un contrat auquel vous \u00eates partie<\/strong><\/p>\n<p>Lorsque nous traitons vos donn\u00e9es pour la conclusion du contrat d&rsquo;achat dont vous faites partie, nous veillons \u00e0 n&rsquo;utiliser que les informations minimales n\u00e9cessaires \u00e0 l&rsquo;ex\u00e9cution de celui-ci. Cette base l\u00e9gitime le traitement des informations personnelles qui a lieu dans les activit\u00e9s suivantes:<\/p>\n<p>&#8211; conclusion et ex\u00e9cution d&rsquo;un contrat d&rsquo;achat pour les produits propos\u00e9s sur oleificioalmulino.it;<\/p>\n<p>&#8211; inscription sur le Site et utilisation des services r\u00e9serv\u00e9s aux utilisateurs inscrits ;<\/p>\n<p>&#8211; prestation de services offerts sur oleificioalmulino.it;<\/p>\n<p>&#8211; la gestion de vos demandes par nos bureaux.<\/p>\n<p>La fourniture de vos informations personnelles pour ces activit\u00e9s est une obligation contractuelle. Vous \u00eates libre de nous communiquer vos informations ou non, mais en l&rsquo;absence des informations demand\u00e9es, il ne nous sera pas possible de conclure ou d&rsquo;ex\u00e9cuter le contrat et vos demandes. Cela signifie que vous ne pourrez pas acheter les produits et que vous ne pourrez pas utiliser les services de l&rsquo;Oleificio Al Mulino di Troia Rosario et que l&rsquo;Oleificio Al Mulino di Troia Rosario ne pourra pas g\u00e9rer vos demandes;<\/p>\n<p><strong>donner suite \u00e0 une obligation l\u00e9gale<\/strong><\/p>\n<p>En cas de conclusion d&rsquo;un contrat d&rsquo;achat de biens sur oleificioalmulino.it, le traitement des informations de l&rsquo;utilisateur aura lieu pour remplir les obligations l\u00e9gales auxquelles Oleificio Al Mulino di Troia Rosario est tenu conform\u00e9ment aux dispositions fiscales et autres r\u00e9glementations auxquelles l&rsquo;Oleificio Al Mulino di Troia Rosario est soumis. Vous \u00eates libre de d\u00e9cider de conclure un contrat et de nous communiquer ou non vos donn\u00e9es, mais si vous le concluez, vos informations seront n\u00e9cessaires et seront trait\u00e9es pour remplir les obligations l\u00e9gales susmentionn\u00e9es auxquelles Oleificio Al Mulino di Troia Rosario est li\u00e9;<\/p>\n<p><strong>pour notre int\u00e9r\u00eat l\u00e9gitime<\/strong><\/p>\n<p>Certaines de vos informations personnelles en cas d&rsquo;achat de produits sur oleificioalmulino.it, peuvent \u00eatre trait\u00e9es pour mener des activit\u00e9s anti-fraude : nous avons un int\u00e9r\u00eat l\u00e9gitime \u00e0 mener cette activit\u00e9 pour pr\u00e9venir et poursuivre toute activit\u00e9 frauduleuse.<\/p>\n<p>Sur la base de votre consentement, nous effectuerons les traitements suivants uniquement si vous nous avez donn\u00e9 votre consentement expr\u00e8s :<\/p>\n<p>&#8211; la r\u00e9alisation d&rsquo;activit\u00e9s de marketing et de sondages d&rsquo;opinion et d&rsquo;\u00e9tudes de march\u00e9 ;<\/p>\n<p>&#8211; analyse de vos habitudes de navigation et de consommation dans le cadre de l&rsquo;utilisation de votre profil Oleificio Al Mulino di Troia Rosario, afin de personnaliser votre exp\u00e9rience sur notre Site;<\/p>\n<p>Nous fournir vos informations personnelles pour ces activit\u00e9s est absolument facultatif. Vous \u00eates libre de nous fournir vos donn\u00e9es \u00e0 ces fins ou non, mais en l&rsquo;absence de celles-ci, il ne sera pas possible pour Oleificio Al Mulino di Troia Rosario d&rsquo;effectuer des activit\u00e9s de marketing, des sondages d&rsquo;opinion et des \u00e9tudes de march\u00e9, et d&rsquo;analyser vos habitudes.<\/p>\n<p><strong>\u00a0<\/strong><\/p>\n<p><strong>QUI TRAITER LES INFORMATIONS<\/strong><\/p>\n<p>Vos informations personnelles seront trait\u00e9es par le personnel interne de l&rsquo;Oleificio Al Mulino di Troia Rosario qui est sp\u00e9cifiquement form\u00e9 et autoris\u00e9 \u00e0 traiter.<\/p>\n<p>Vos informations personnelles seront \u00e9galement \u00e9ventuellement transmises \u00e0 des tiers que nous utilisons pour fournir nos services ou exercer nos activit\u00e9s ; ces sujets ont \u00e9t\u00e9 s\u00e9lectionn\u00e9s de mani\u00e8re ad\u00e9quate et offrent une garantie appropri\u00e9e de respect des r\u00e8gles sur le traitement des informations s personnelles. Ces sujets ont \u00e9t\u00e9 d\u00e9sign\u00e9s par Oleificio Al Mulino di Troia Rosario, exercent leurs activit\u00e9s selon les instructions informations s par Oleificio Al Mulino di Troia Rosario et sous son contr\u00f4le.<\/p>\n<p>Vos informations peuvent \u00eatre transmises aux forces de police et aux autorit\u00e9s judiciaires et administratives, conform\u00e9ment \u00e0 la loi, pour la d\u00e9tection et la poursuite des d\u00e9lits, la pr\u00e9vention et la protection contre les menaces \u00e0 la s\u00e9curit\u00e9 publique, pour permettre \u00e0 Oleificio Al Mulino \u00e0 Troia Rosario de constater, exercer ou d\u00e9fendre un droit en justice, ainsi que pour d&rsquo;autres raisons li\u00e9es \u00e0 la protection des droits et libert\u00e9s d&rsquo;autrui.<\/p>\n<p>&nbsp;<\/p>\n<p><strong>TRANSFERT DE DONN\u00c9ES EXTRA UE<\/strong><\/p>\n<p>Certains des tiers \u00e9num\u00e9r\u00e9s au paragraphe pr\u00e9c\u00e9dent \u00ab Qui traite les informations \u00bb peuvent \u00eatre bas\u00e9s dans des pays en dehors de l&rsquo;Union europ\u00e9enne qui offrent n\u00e9anmoins un niveau ad\u00e9quat de protection des informations, tel qu&rsquo;\u00e9tabli par des d\u00e9cisions sp\u00e9cifiques de la Commission europ\u00e9enne (http:\/\/www .garanteprivacy.it \/ home \/ dispositions-l\u00e9gislation \/ l\u00e9gislation \/ l\u00e9gislation-communautaire-et-internationale \/ transfert-de-donn\u00e9es-vers-pays-tiers # 1).<\/p>\n<p>Le transfert de vos informations personnelles vers des pays qui n&rsquo;appartiennent pas \u00e0 l&rsquo;Union europ\u00e9enne et qui n&rsquo;assurent pas des niveaux de protection ad\u00e9quats ne sera effectu\u00e9 qu&rsquo;apr\u00e8s la conclusion entre Oleificio Al Mulino di Troia Rosario et lesdits sujets d&rsquo;accords sp\u00e9cifiques, contenant des clauses de sauvegarde et des garanties appropri\u00e9es pour la protection de vos informations personnelles dites \u00ab\u00a0clauses contractuelles types\u00a0\u00bb, \u00e9galement approuv\u00e9es par la Commission europ\u00e9enne, ou si le transfert est n\u00e9cessaire \u00e0 la conclusion et \u00e0 l&rsquo;ex\u00e9cution d&rsquo;un contrat entre vous et Oleificio Al Mulino di Troia Rosario ( pour l&rsquo;inscription sur le Site ou l&rsquo;utilisation des services du Site) ou pour la gestion de vos demandes.<\/p>\n<p>&nbsp;<\/p>\n<p><strong>COMBIEN DE TEMPS NOUS CONSERVONS LES INFORMATIONS<\/strong><\/p>\n<p>Nous conservons vos informations personnelles pour une dur\u00e9e limit\u00e9e, qui varie en fonction du type d&rsquo;activit\u00e9 impliquant le traitement de vos informations personnelles.<\/p>\n<p>Pass\u00e9 ce d\u00e9lai, vos informations seront d\u00e9finitivement supprim\u00e9es ou en tout cas rendues irr\u00e9versiblement anonymes.<\/p>\n<p>Vos informations personnelles sont stock\u00e9es dans le respect des modalit\u00e9s et crit\u00e8res pr\u00e9cis\u00e9s ci-dessous :<\/p>\n<p>Les informations informations collect\u00e9es pour conclure et ex\u00e9cuter des contrats d&rsquo;achat de biens sur oleificioalmulino.it seront conserv\u00e9es jusqu&rsquo;\u00e0 l&rsquo;ach\u00e8vement des formalit\u00e9s administratives et comptables.<\/p>\n<p>Les informations de facturation seront conserv\u00e9es pendant dix ans \u00e0 compter de la date de facturation ;<\/p>\n<p>Les informations de l&rsquo;utilisateur enregistr\u00e9 seront conserv\u00e9es jusqu&rsquo;\u00e0 ce que vous demandiez l&rsquo;annulation de votre compte Oleificio Al Mulino di Troia Rosario ;<\/p>\n<p>Les informations relatives au paiement seront conserv\u00e9es jusqu&rsquo;\u00e0 la certification du paiement et la conclusion des formalit\u00e9s administratives-comptables aff\u00e9rentes r\u00e9sultant de l&rsquo;expiration du droit de r\u00e9tractation et des modalit\u00e9s appliqu\u00e9es pour contester le paiement ;<\/p>\n<p>Les informations collect\u00e9es dans le cadre de l&rsquo;utilisation des services propos\u00e9s sur oleificioalmulino.it seront conserv\u00e9es jusqu&rsquo;\u00e0 la r\u00e9siliation du service ou l&rsquo;annulation de l&rsquo;abonnement au service par l&rsquo;utilisateur ;<\/p>\n<p>Les informations s relatives aux demandes des utilisateurs \u00e0 nos bureaux seront conserv\u00e9es jusqu&rsquo;\u00e0 ce que votre demande soit satisfaite ;<\/p>\n<p>Les informations utilis\u00e9es pour les activit\u00e9s de communication commerciale envers les utilisateurs qui ach\u00e8tent des produits sur oleificioalmulino.it (spam logiciel) seront conserv\u00e9es jusqu&rsquo;\u00e0 la r\u00e9siliation du service ou l&rsquo;exercice de l&rsquo;opposition en se d\u00e9sinscrivant par l&rsquo;utilisateur;<\/p>\n<p>Les informations fournies pour les activit\u00e9s de communication commerciale, les sondages d&rsquo;opinion et les \u00e9tudes de march\u00e9 seront conserv\u00e9es jusqu&rsquo;\u00e0 la demande de l&rsquo;utilisateur d&rsquo;interrompre l&rsquo;activit\u00e9 et en tout cas dans les 2 ans \u00e0 compter de la derni\u00e8re interaction de tout type de l&rsquo;utilisateur avec Oleificio Al Mill de Troy Rosario ;<\/p>\n<p>Les informations utilis\u00e9es pour personnaliser le Site et afficher des offres commerciales personnalis\u00e9es seront conserv\u00e9es jusqu&rsquo;\u00e0 ce que l&rsquo;utilisateur demande la cessation de l&rsquo;activit\u00e9 et en tout cas dans les deux ans \u00e0 compter de la derni\u00e8re interaction de tout type d&rsquo;utilisateur avec Oleificio Al Mulino di Troia Rosario. ;<\/p>\n<p>Les informations utilis\u00e9es pour la r\u00e9alisation d&rsquo;\u00e9tudes de march\u00e9 et d&rsquo;enqu\u00eates pour la d\u00e9tection de satisfaction : tant que l&rsquo;Utilisateur ne demande pas la cessation de l&rsquo;activit\u00e9.<\/p>\n<p>Dans tous les cas, pour des raisons techniques, la fin du traitement et l&rsquo;annulation d\u00e9finitive ou l&rsquo;anonymisation irr\u00e9versible des informations personnelles correspondantes seront d\u00e9finitives dans les trente jours \u00e0 compter des termes indiqu\u00e9s ci-dessus.<\/p>\n<p><strong>\u00a0<\/strong><\/p>\n<p><strong>RETRAIT DU CONSENTEMENT, ACC\u00c8S AUX INFORMATIONS ET AUTRES DROITS<\/strong><\/p>\n<p>Vous pouvez exercer vos droits \u00e0 tout moment en r\u00e9f\u00e9rence au traitement sp\u00e9cifique de vos informations personnelles par Oleificio Al Mulino di Troia Rosario. Retrouvez ci-dessous leur description g\u00e9n\u00e9rale et comment les exercer.<\/p>\n<p>Acc\u00e9der \u00e0 vos informations et les modifier : vous avez le droit d&rsquo;acc\u00e9der \u00e0 vos informations personnelles et de demander qu&rsquo;elles soient corrig\u00e9es, modifi\u00e9es ou int\u00e9gr\u00e9es \u00e0 d&rsquo;autres informations. Si vous le souhaitez, nous vous fournirons une copie de vos informations en notre possession.<\/p>\n<p>R\u00e9voquer votre consentement: vous pouvez r\u00e9voquer \u00e0 tout moment un consentement que vous avez donn\u00e9 pour le traitement de vos informations personnelles en relation avec toute activit\u00e9 \u00e0 des fins de marketing. D\u00e8s r\u00e9ception de votre demande, nous cesserons rapidement le traitement de vos informations personnelles sur la base de ce consentement, tandis que des traitements diff\u00e9rents ou bas\u00e9s sur d&rsquo;autres hypoth\u00e8ses continueront \u00e0 \u00eatre effectu\u00e9s dans le plein respect des dispositions en vigueur.<\/p>\n<p>Opposition au traitement de vos informations: vous avez le droit de vous opposer \u00e0 tout moment au traitement de vos informations personnelles effectu\u00e9 sur la base de notre int\u00e9r\u00eat l\u00e9gitime, en expliquant les raisons qui justifient votre demande; avant de vous accueillir, Oleificio Al Mulino di Troia Rosario devra \u00e9valuer les raisons de votre demande.<\/p>\n<p>Supprimer vos informations: dans les cas pr\u00e9vus par la l\u00e9gislation en vigueur, vous pouvez demander la suppression de vos informations personnelles. Une fois votre demande re\u00e7ue et examin\u00e9e, si elle est l\u00e9gitime, nous cesserons rapidement de traiter et supprimerons vos informations personnelles.<\/p>\n<p>Demander que le traitement de vos informations personnelles soit temporairement limit\u00e9 : dans ce cas, Oleificio Al Mulino di Troia Rosario continuera \u00e0 conserver vos informations personnelles mais ne les traitera pas, sauf si cela est soumis \u00e0 votre demande diff\u00e9rente et aux exceptions pr\u00e9vues par la loi . Vous pouvez obtenir la limitation du traitement lorsque vous contestez l&rsquo;exactitude de vos informations personnelles, lorsque le traitement est illicite mais que vous vous opposez \u00e0 l&rsquo;annulation de vos donn\u00e9es, lorsque vos informations ne nous servent plus mais vous en avez besoin pour exercer votre droit en justice et lorsque vous vous opposez au traitement, pendant la p\u00e9riode pendant laquelle nous \u00e9valuons les raisons de votre demande.<\/p>\n<p>Demandez vos informations ou transf\u00e9rez-les \u00e0 une personne autre que Oleificio Al Mulino di Troia Rosario (\u00ab\u00a0droit \u00e0 la portabilit\u00e9 des informations \u00ab\u00a0). Vous pouvez demander \u00e0 recevoir vos informations s que nous traitons sur la base de votre consentement ou sur la base d&rsquo;un contrat avec vous dans un format standard. Si vous le souhaitez, dans la mesure o\u00f9 cela est techniquement possible, nous pouvons \u00e0 votre demande transf\u00e9rer vos informations directement \u00e0 un tiers indiqu\u00e9 par vous.<\/p>\n<p>Afin d&rsquo;exercer certains de vos droits d\u00e9crits ci-dessus, vous pouvez envoyer un e-mail \u00e0 info@oleificioalmulino.it en ins\u00e9rant \u00abprivacy \u00bb comme objet.<\/p>\n<p>Pour s&rsquo;assurer que les donn\u00e9es de nos utilisateurs ne sont pas viol\u00e9es ou ill\u00e9gitimes par des tiers, avant d&rsquo;accepter votre demande d&rsquo;exercer l&rsquo;un des droits indiqu\u00e9s, nous vous demanderons certaines informations pour \u00eatre s\u00fbr de votre identit\u00e9.<\/p>\n<p><strong>\u00a0<\/strong><\/p>\n<p><strong>MESURES DE S\u00c9CURIT\u00c9<\/strong><\/p>\n<p>Nous prot\u00e9geons vos informations personnelles avec des mesures de s\u00e9curit\u00e9 techniques et organisationnelles sp\u00e9cifiques, visant \u00e0 emp\u00eacher que vos informations personnelles ne soient utilis\u00e9es de mani\u00e8re ill\u00e9gitime ou frauduleuse. En particulier, nous utilisons des mesures de s\u00e9curit\u00e9 qui garantissent : la pseudonymisation ou le cryptage de vos informations; la confidentialit\u00e9, l&rsquo;int\u00e9grit\u00e9, la disponibilit\u00e9 de vos informations ainsi que la r\u00e9silience des syst\u00e8mes et services qui les traitent; la possibilit\u00e9 de restaurer les informations en cas de violation de informations. De plus, Oleificio Al Mulino di Troia Rosario s&rsquo;engage \u00e0 tester, v\u00e9rifier et \u00e9valuer r\u00e9guli\u00e8rement l&rsquo;efficacit\u00e9 des mesures techniques et organisationnelles afin d&rsquo;assurer une am\u00e9lioration continue de la s\u00e9curit\u00e9 du traitement.<\/p>\n<p><strong>\u00a0<\/strong><\/p>\n<p><strong>PLAINTES<\/strong><\/p>\n<p>Si vous pensez que le traitement de vos informations personnelles a \u00e9t\u00e9 effectu\u00e9 de mani\u00e8re ill\u00e9gitime, vous pouvez d\u00e9poser une r\u00e9clamation aupr\u00e8s de l&rsquo;une des autorit\u00e9s de contr\u00f4le comp\u00e9tentes pour le respect des r\u00e8gles relatives \u00e0 la protection des informations personnelles.<\/p>\n<p>En Italie, la plainte peut \u00eatre pr\u00e9sent\u00e9e au Garant pour la protection des informations personnelles.<\/p>\n<p>De plus amples informations sur les modalit\u00e9s de pr\u00e9sentation sont disponibles sur le site Internet du Garant, \u00e0 l&rsquo;adresse http:\/\/www.garanteprivacy.it.<\/p>\n<p><strong>\u00a0<\/strong><\/p>\n<p><strong>MODIFICATIONS DE CET AVIS D&rsquo;INFORMATION<\/strong><\/p>\n<p>L&rsquo;\u00e9volution constante de nos services peut entra\u00eener des changements dans les caract\u00e9ristiques du traitement de vos information personnelles d\u00e9crites jusqu&rsquo;\u00e0 pr\u00e9sent. Par cons\u00e9quent, cette d\u00e9claration de confidentialit\u00e9 peut subir des modifications et des ajouts au fil du temps, qui peuvent \u00e9galement \u00eatre n\u00e9cessaires en relation avec de nouvelles interventions r\u00e9glementaires en mati\u00e8re de protection des information personnelles.<\/p>\n<p>Nous vous invitons donc \u00e0 v\u00e9rifier p\u00e9riodiquement le contenu : dans la mesure du possible, nous essaierons de vous informer dans les meilleurs d\u00e9lais des modifications apport\u00e9es et de leurs cons\u00e9quences.<\/p>\n<p>La version mise \u00e0 jour de la politique de confidentialit\u00e9, dans tous les cas, sera publi\u00e9e sur cette page, indiquant la date de sa derni\u00e8re mise \u00e0 jour.<\/p>\n<p><strong>\u00a0<\/strong><\/p>\n<p><strong>R\u00c9F\u00c9RENCES L\u00c9GISLATIVES ET LIENS UTILES<\/strong><\/p>\n<p>Le traitement de vos information personnelles est effectu\u00e9 par Oleificio Al Mulino di Troia Rosario en pleine conformit\u00e9 avec la r\u00e9glementation en la mati\u00e8re pr\u00e9vue par le R\u00e8glement g\u00e9n\u00e9ral sur la protection des information (UE) 2016\/679, les r\u00e8gles sur le traitement des donn\u00e9es personnelles.<\/p>\n","protected":false},"excerpt":{"rendered":"<p>Pour Oleificio Al Mulino di Troia Rosario, votre privacy et [&hellip;]<\/p>\n","protected":false},"author":2,"featured_media":0,"parent":0,"menu_order":0,"comment_status":"closed","ping_status":"open","template":"","meta":{"inline_featured_image":false,"footnotes":""},"class_list":["post-5051","page","type-page","status-publish","hentry"],"_links":{"self":[{"href":"https:\/\/demo.vphosting.top\/fr\/wp-json\/wp\/v2\/pages\/5051"}],"collection":[{"href":"https:\/\/demo.vphosting.top\/fr\/wp-json\/wp\/v2\/pages"}],"about":[{"href":"https:\/\/demo.vphosting.top\/fr\/wp-json\/wp\/v2\/types\/page"}],"author":[{"embeddable":true,"href":"https:\/\/demo.vphosting.top\/fr\/wp-json\/wp\/v2\/users\/2"}],"replies":[{"embeddable":true,"href":"https:\/\/demo.vphosting.top\/fr\/wp-json\/wp\/v2\/comments?post=5051"}],"version-history":[{"count":0,"href":"https:\/\/demo.vphosting.top\/fr\/wp-json\/wp\/v2\/pages\/5051\/revisions"}],"wp:attachment":[{"href":"https:\/\/demo.vphosting.top\/fr\/wp-json\/wp\/v2\/media?parent=5051"}],"curies":[{"name":"wp","href":"https:\/\/api.w.org\/{rel}","templated":true}]}}