{"id":5043,"date":"2021-09-16T13:35:27","date_gmt":"2021-09-16T11:35:27","guid":{"rendered":"https:\/\/demo.vphosting.top\/?page_id=5043"},"modified":"2021-09-16T13:35:27","modified_gmt":"2021-09-16T11:35:27","slug":"cookie-policy","status":"publish","type":"page","link":"https:\/\/demo.vphosting.top\/fr\/cookie-policy\/","title":{"rendered":"Cookie Policy"},"content":{"rendered":"<p><strong>LE TITULAIRE DU TRAITEMENT<\/strong><\/p>\n<p>Le propri\u00e9taire du traitement des informations personnelles est Oleificio Al Mulino di Troia Rosario dont le si\u00e8ge est \u00e0 Piazza Venezia 6 &#8211; 90040 Capaci (PA), num\u00e9ro de TVA IT05964860826, code fiscal TRORSR69R08G273I.<\/p>\n<p>&nbsp;<\/p>\n<p><strong>INFORMATIONS SUR LES COOKIES<\/strong><\/p>\n<p>Conform\u00e9ment aux pratiques standard de nombreux sites Web, oleificioalmulino.it pourrait installer sur l&rsquo;ordinateur utilis\u00e9 par l&rsquo;utilisateur et acc\u00e9der \u00e0 des cookies, des balises Web, des cookies Flash et d&rsquo;autres technologies.<\/p>\n<p><strong>En utilisant oleificioalmulino.it, l&rsquo;utilisateur accepte l&rsquo;utilisation de cookies.<\/strong><\/p>\n<p>Vous trouverez ci-dessous la liste des cookies tiers (tous les autres sont des cookies techniques), que oleificioalmulino.it peut stocker sur votre ordinateur pour fournir des produits, des informations, des donn\u00e9es et fournir des services. Il est \u00e9tabli conform\u00e9ment \u00e0 la disposition no. 229 du 8 mai 2014, point 2, du Garant de la confidentialit\u00e9.<\/p>\n<p><strong>Source des cookies de Google Analytics google.com<\/strong><\/p>\n<p>Types Cookies statistiques et\/ou cookies de profilage. Dans le cadre de l&rsquo;utilisation de cookies de profilage, les fonctionnalit\u00e9s de Google Analytics pourraient \u00eatre activ\u00e9es via des cookies tels que l&rsquo;ID utilisateur de Google Analytics, des audiences similaires et des outils similaires.<\/p>\n<p>Plus d&rsquo;informations<\/p>\n<p>https:\/\/developers.google.com\/analytics\/devguides\/collection\/gtagjs\/cookie-usage?hl=it, https:\/\/policies.google.com\/technologies\/partner-sites<\/p>\n<p><strong>Source des cookies Facebook facebook.com<\/strong><\/p>\n<p>Types Cookies statistiques et\/ou cookies de profilage. Dans le cadre de l&rsquo;utilisation des cookies de profilage, des fonctionnalit\u00e9s li\u00e9es au Pixel Facebook peuvent \u00eatre activ\u00e9es.<\/p>\n<p>Plus d&rsquo;informations https:\/\/www.facebook.com\/policies\/cookies\/<\/p>\n<p>Source des cookies Twitter twitter.com<\/p>\n<p>Types Cookies statistiques et\/ou cookies de profilage.<\/p>\n<p>Plus d&rsquo;informations https:\/\/help.twitter.com\/it\/rules-and-policies\/twitter-cookies<\/p>\n<p><strong>Source des cookies Google Ads google.com<\/strong><\/p>\n<p>Types Cookies statistiques et\/ou cookies de profilage. Dans le cadre de l&rsquo;utilisation de cookies de profilage, des fonctionnalit\u00e9s de Google Ads telles que le code de suivi global pourraient \u00eatre activ\u00e9es, avec un suivi des \u00e9v\u00e9nements et des actions sur le site pendant la navigation, et l&rsquo;activation de messages publicitaires bas\u00e9s sur ceux-ci.<\/p>\n<p>Plus d&rsquo;informations https:\/\/policies.google.com\/technologies\/partner-sites<\/p>\n<p>L&rsquo;utilisateur peut refuser son consentement \u00e0 l&rsquo;utilisation des informations personnelles pour tout ou partie des cookies appartenant \u00e0 la liste, en visitant le site Web de l&rsquo;IAB Italie.<\/p>\n<p>Veuillez noter que lorsque vous visitez le Site, des tiers tels que des r\u00e9seaux publicitaires, des agences de publicit\u00e9, des annonceurs et des fournisseurs de segments d&rsquo;audience pourront installer et acc\u00e9der \u00e0 des cookies, des balises Web, des cookies Flash et d&rsquo;autres technologies sur votre computer.<\/p>\n<p>&nbsp;<\/p>\n<p><strong>COOKIES DE PREMI\u00c8RE PART<\/strong><\/p>\n<p>Nous pouvons envoyer des cookies oleificioalmulino.it \u00e0 votre appareil via notre site.Nous autorisons \u00e9galement des tiers \u00e0 envoyer des cookies sur votre appareil.<\/p>\n<p>La diff\u00e9rence entre un cookie de premiere part et un cookie tiers concerne le contr\u00f4le par la personne qui envoie le cookie. Bien que nous permettions \u00e0 des tiers d&rsquo;acc\u00e9der au Site pour envoyer des cookies \u00e0 l&rsquo;appareil de l&rsquo;utilisateur, nous n&rsquo;avons aucun contr\u00f4le sur les informations fournies par les cookies et nous n&rsquo;avons pas acc\u00e8s \u00e0 ces informations. Ces informations sont totalement contr\u00f4l\u00e9es par des tiers comme d\u00e9crit dans la Politique de confidentialit\u00e9 relative.<\/p>\n<p>Certains cookies tiers sont des cookies statistiques. Les cookies de premiere part sont des cookies qui appartiennent au site qui les a cr\u00e9\u00e9s. L&rsquo;utilisation de ces cookies nous permet d&rsquo;exploiter le Site efficacement et de fournir nos services.<\/p>\n<p>Sur ce site, tous les cookies de premiere fete, aucun exclu, sont des cookies techniques.<\/p>\n<p>Il est possible de modifier ou de supprimer ces cookies via le navigateur de navigation utilis\u00e9 en suivant les instructions fournies dans le guide de votre navigateur. Les guides de certains des navigateurs les plus courants se trouvent aux adresses suivantes : Google Chrome, Mozilla Firefox, Apple Safari et Microsoft Windows Explorer.<\/p>\n<p>&nbsp;<\/p>\n<p><strong>COOKIES TIERS PARTS<\/strong><\/p>\n<p>Ils collectent des informations sur la mani\u00e8re dont le site Web est utilis\u00e9 par l&rsquo;utilisateur, par exemple : quelles pages sont visit\u00e9es et les erreurs qui peuvent \u00eatre trouv\u00e9es. Ces cookies sont utilis\u00e9s pour nous aider \u00e0 am\u00e9liorer le fonctionnement du Site et \u00e0 comprendre les int\u00e9r\u00eats des utilisateurs.<\/p>\n<p>En conclusion, ils nous servent \u00e0 : obtenir des statistiques sur l&rsquo;utilisation du Site ; contribuer \u00e0 l&rsquo;am\u00e9lioration du Site en mesurant les erreurs \u00e9ventuelles.<\/p>\n<p>Il s&rsquo;agit de cookies utilis\u00e9s pour envoyer des messages publicitaires conformes aux pr\u00e9f\u00e9rences exprim\u00e9es par l&rsquo;utilisateur lors de sa navigation sur le net. Ces cookies sont appel\u00e9s cookies de profilage et peuvent \u00eatre fournis via notre site exclusivement par des tiers. Les entreprises qui proposent ou font la publicit\u00e9 de leurs produits via ce site peuvent attribuer des cookies aux terminaux des utilisateurs. Les cat\u00e9gories de cookies utilis\u00e9s et le type de traitement des informations personnelles par ces soci\u00e9t\u00e9s sont r\u00e9glement\u00e9s conform\u00e9ment aux informations fournies par ces soci\u00e9t\u00e9s.<\/p>\n<p>L&rsquo;utilisateur, pour certains cookies, tous provenant de tiers, peut refuser son consentement \u00e0 l&rsquo;utilisation de vos informations personnelles en visitant le site Web de l&rsquo;IAB Italie. Finalement, vous recevrez toujours des publicit\u00e9s qui ne sont pas adapt\u00e9es \u00e0 vos int\u00e9r\u00eats personnels.<\/p>\n<p>L&rsquo;utilisateur peut d\u00e9sactiver s\u00e9lectivement l&rsquo;action de Google Analytics en installant le composant de d\u00e9sinscription fourni par Google sur son navigateur. Pour d\u00e9sactiver l&rsquo;action de Google Analytics, veuillez vous r\u00e9f\u00e9rer au lien ci-dessous : https:\/\/tools.google.com\/dlpage\/gaoptout.<\/p>\n<p>Vous pouvez \u00e0 tout moment choisir de d\u00e9sactiver ou de supprimer les cookies tiers directement dans le navigateur de navigation utilis\u00e9 en suivant les instructions fournies dans le guide de votre navigateur. Les guides de certains des navigateurs les plus courants se trouvent aux adresses suivantes : Google Chrome, Mozilla Firefox, Apple Safari, Microsoft Windows Explorer et Microsoft Edge.<\/p>\n<p>Gr\u00e2ce aux informations et aux outils indiqu\u00e9s dans cette politique en mati\u00e8re de cookies, il est donc possible de d\u00e9sactiver, supprimer ou refuser le consentement \u00e0 l&rsquo;utilisation de tout cookie.<\/p>\n<p>&nbsp;<\/p>\n<p><strong>PLUS D&rsquo;INFORMATIONS SUR LES COOKIES<\/strong><\/p>\n<p>Les cookies sont de petites informations stock\u00e9es dans des fichiers du navigateur utilis\u00e9 par l&rsquo;utilisateur. Les sites Web ne peuvent acc\u00e9der qu&rsquo;aux cookies qu&rsquo;ils ont stock\u00e9s sur votre ordinateur. Par exemple, si Google stocke un cookie sur votre navigateur, Google pourra acc\u00e9der \u00e0 son propre cookie, mais pas \u00e0 celui d&rsquo;une autre entreprise.<\/p>\n<p><strong>oleificioalmulino.it peut utiliser des cookies aux fins suivantes<\/strong>:<\/p>\n<p>pour reconna\u00eetre que votre navigateur a d\u00e9j\u00e0 visit\u00e9 le site, et pour enregistrer et m\u00e9moriser toutes les pr\u00e9f\u00e9rences qui ont pu \u00eatre d\u00e9finies pendant que votre navigateur a visit\u00e9 le site.Par exemple, oleificioalmulino.it peut enregistrer vos informations de connexion, afin que l&rsquo;utilisateur ne avoir \u00e0 effectuer la proc\u00e9dure de connexion \u00e0 chaque fois qu&rsquo;il acc\u00e8de au site ; personnaliser le contenu et les publicit\u00e9s que l&rsquo;utilisateur visualise lorsqu&rsquo;il visite le Site ; pour mesurer et rechercher l&rsquo;efficacit\u00e9 du contenu interactif en ligne, des fonctionnalit\u00e9s, des publicit\u00e9s et d&rsquo;autres communications ; analyser le Site et son utilisation et am\u00e9liorer les services du Site.<\/p>\n<p>&nbsp;<\/p>\n<p><strong>OPTIONS D&rsquo;EXCLUSION<\/strong><\/p>\n<p>Pour certains cookies, pour vous opposer au traitement de vos informations personnelles afin de nous permettre de vous proposer des publicit\u00e9s comportementales ou de collecter des informations statistiques, vous pouvez param\u00e9trer le cookie d&rsquo;exclusion de publicit\u00e9 relative en visitant le Site Internet http:\/\/www.youronlinechoices.com\/it \/le-your-choices \/ et en suivant les instructions qui y sont fournies.<\/p>\n<p>Veuillez noter que, m\u00eame en cas d&rsquo;exercice du droit d&rsquo;opposition, vous pouvez toujours recevoir des publicit\u00e9s, m\u00eame si ce ne sont plus des publicit\u00e9s personnalis\u00e9es en fonction de vos centres d&rsquo;int\u00e9r\u00eat.<\/p>\n<p>Si vous supprimez vos cookies \u00e0 l&rsquo;avenir, vous devrez \u00e0 nouveau exercer votre droit d&rsquo;opposition. Vous devrez \u00e0 nouveau exercer votre droit d&rsquo;opposition m\u00eame si vous utilisez un autre navigateur.<\/p>\n<p>L&rsquo;utilisateur peut d\u00e9sactiver s\u00e9lectivement l&rsquo;action de Google Analytics en installant le composant de d\u00e9sinscription fourni par Google sur son navigateur. Pour d\u00e9sactiver l&rsquo;action de Google Analytics, veuillez vous r\u00e9f\u00e9rer au lien ci-dessous : https:\/\/tools.google.com\/dlpage\/gaoptout.<\/p>\n<p>Il peut \u00e9galement g\u00e9rer les cookies directement via les commandes du navigateur de navigation utilis\u00e9. Pour plus d&rsquo;informations sur la suppression et le contr\u00f4le des cookies de votre navigateur, vous pouvez contacter les adresses suivantes : Google Chrome, Mozilla Firefox, Apple Safari, Microsoft Windows Explorer et Microsoft Edge.<\/p>\n<p>Gr\u00e2ce aux informations et aux outils indiqu\u00e9s dans cette politique en mati\u00e8re de cookies, il est donc possible de d\u00e9sactiver, supprimer ou refuser le consentement \u00e0 l&rsquo;utilisation de tout cookie.<\/p>\n<p>&nbsp;<\/p>\n<p><strong>PLUS D&rsquo;INFORMATIONS SUR LE TRAITEMENT DES INFORMATIONS<\/strong><\/p>\n<p>Pour plus d&rsquo;informations sur le traitement des informations personnelles, vous pouvez consulter la politique de confidentialit\u00e9 du site Web \u00e0 cette adresse : https:\/\/oleificioalmulino.it.\/privacy-policy<\/p>\n<p>L&rsquo;utilisation de cookies et la compilation de cette politique de cookies ont lieu conform\u00e9ment \u00e0 http:\/\/www.garanteprivacy.it\/web\/guest\/home\/docweb\/-\/docweb-display\/docweb\/3118884.<\/p>\n","protected":false},"excerpt":{"rendered":"<p>LE TITULAIRE DU TRAITEMENT Le propri\u00e9taire du traitement des informations [&hellip;]<\/p>\n","protected":false},"author":2,"featured_media":0,"parent":0,"menu_order":0,"comment_status":"closed","ping_status":"closed","template":"","meta":{"inline_featured_image":false,"footnotes":""},"class_list":["post-5043","page","type-page","status-publish","hentry"],"_links":{"self":[{"href":"https:\/\/demo.vphosting.top\/fr\/wp-json\/wp\/v2\/pages\/5043"}],"collection":[{"href":"https:\/\/demo.vphosting.top\/fr\/wp-json\/wp\/v2\/pages"}],"about":[{"href":"https:\/\/demo.vphosting.top\/fr\/wp-json\/wp\/v2\/types\/page"}],"author":[{"embeddable":true,"href":"https:\/\/demo.vphosting.top\/fr\/wp-json\/wp\/v2\/users\/2"}],"replies":[{"embeddable":true,"href":"https:\/\/demo.vphosting.top\/fr\/wp-json\/wp\/v2\/comments?post=5043"}],"version-history":[{"count":0,"href":"https:\/\/demo.vphosting.top\/fr\/wp-json\/wp\/v2\/pages\/5043\/revisions"}],"wp:attachment":[{"href":"https:\/\/demo.vphosting.top\/fr\/wp-json\/wp\/v2\/media?parent=5043"}],"curies":[{"name":"wp","href":"https:\/\/api.w.org\/{rel}","templated":true}]}}