{"id":5012,"date":"2021-09-16T13:31:58","date_gmt":"2021-09-16T11:31:58","guid":{"rendered":"https:\/\/demo.vphosting.top\/?page_id=5012"},"modified":"2021-09-16T13:41:03","modified_gmt":"2021-09-16T11:41:03","slug":"proprietes-benefiques","status":"publish","type":"page","link":"https:\/\/demo.vphosting.top\/fr\/proprietes-benefiques\/","title":{"rendered":"Propri\u00e9t\u00e9s b\u00e9n\u00e9fiques d&rsquo;une bonne huile d&rsquo;olive extra vierge"},"content":{"rendered":"<p><img decoding=\"async\" class=\"aligncenter size-full wp-image-5003 lazyload\" src=\"data:image\/gif;base64,R0lGODlhAQABAIAAAAAAAP\/\/\/yH5BAEAAAAALAAAAAABAAEAAAIBRAA7\" data-src=\"https:\/\/demo.vphosting.top\/wp-content\/uploads\/2021\/06\/1digestione.jpg\" alt=\"\" width=\"700\" height=\"402\" \/><noscript><img decoding=\"async\" class=\"aligncenter size-full wp-image-5003 lazyload\" src=\"https:\/\/demo.vphosting.top\/wp-content\/uploads\/2021\/06\/1digestione.jpg\" alt=\"\" width=\"700\" height=\"402\" srcset=\"https:\/\/demo.vphosting.top\/wp-content\/uploads\/2021\/06\/1digestione-200x115.jpg 200w, https:\/\/demo.vphosting.top\/wp-content\/uploads\/2021\/06\/1digestione-300x172.jpg 300w, https:\/\/demo.vphosting.top\/wp-content\/uploads\/2021\/06\/1digestione-400x230.jpg 400w, https:\/\/demo.vphosting.top\/wp-content\/uploads\/2021\/06\/1digestione-500x287.jpg 500w, https:\/\/demo.vphosting.top\/wp-content\/uploads\/2021\/06\/1digestione-600x345.jpg 600w, https:\/\/demo.vphosting.top\/wp-content\/uploads\/2021\/06\/1digestione.jpg 700w\" sizes=\"(max-width: 700px) 100vw, 700px\" \/><\/noscript> Les bienfaits pour la sant\u00e9 d&rsquo;une bonne huile d&rsquo;olive extra vierge sont in\u00e9gal\u00e9s et la recherche en r\u00e9v\u00e8le de nouveaux chaque jour. Malgr\u00e9 cela, \u00e9tant une graisse qui apporte beaucoup de calories, il est bon de ne pas en abuser, son utilisation rationnelle peut donner \u00e0 notre corps de nombreux effets positifs.<\/p>\n<p>Le plus important est li\u00e9 au fait qu&rsquo;il <strong><span style=\"color: #99cc00;\">abaisse le niveau de mauvais cholest\u00e9rol LDL et augmente le bon cholest\u00e9rol HDL<\/span><\/strong> r\u00e9duisant le risque de crises cardiaques, d&rsquo;accidents vasculaires c\u00e9r\u00e9braux et de thrombose. La sup\u00e9riorit\u00e9 de l&rsquo;huile d&rsquo;olive sur les autres graisses v\u00e9g\u00e9tales r\u00e9side dans le fait qu&rsquo;elle contient une forte pr\u00e9sence d&rsquo;acides gras monoinsatur\u00e9s, environ 77%. Ceux-ci, au m\u00eame titre que les acides gras polyinsatur\u00e9s (pr\u00e9sents en grande pr\u00e9valence dans les huiles de graines), ont l&rsquo;avantage de contribuer \u00e0 l&rsquo;amincissement du sang, mais par rapport \u00e0 eux ils ont l&rsquo;avantage d&rsquo;\u00eatre peu sensibles aux processus d&rsquo;oxydation qui sont principale cause de l&rsquo;augmentation du mauvais cholest\u00e9rol LDL.<\/p>\n<p>Il fournit \u00e0 notre corps des <span style=\"color: #99cc00;\"><strong>acides gras essentiels dans le m\u00eame rapport que celui du lait maternel<\/strong><\/span>. Les acides gras essentiels sont ces acides gras n\u00e9cessaires \u00e0 notre corps mais que l&rsquo;homme est incapable de synth\u00e9tiser de fa\u00e7on autonome. Leur formation d\u00e9pend des processus photosynth\u00e9tiques du r\u00e8gne v\u00e9g\u00e9tal pour lesquels il est essentiel de les emmener par l&rsquo;alimentation.<\/p>\n<p>Un autre aspect important est li\u00e9 \u00e0 la <span style=\"color: #99cc00;\"><strong>riche pr\u00e9sence de vitamines liposolubles A, D, E K<\/strong>.<\/span> En effet, comme celles-ci ont normalement une dur\u00e9e de vie courte, notre corps a besoin d&rsquo;\u00eatre constamment int\u00e9gr\u00e9 \u00e0 la nourriture.<\/p>\n<p><img decoding=\"async\" class=\"aligncenter size-full wp-image-5004 lazyload\" src=\"data:image\/gif;base64,R0lGODlhAQABAIAAAAAAAP\/\/\/yH5BAEAAAAALAAAAAABAAEAAAIBRAA7\" data-src=\"https:\/\/demo.vphosting.top\/wp-content\/uploads\/2021\/06\/2vitamina-e.jpg\" alt=\"\" width=\"1400\" height=\"600\" \/><noscript><img decoding=\"async\" class=\"aligncenter size-full wp-image-5004 lazyload\" src=\"https:\/\/demo.vphosting.top\/wp-content\/uploads\/2021\/06\/2vitamina-e.jpg\" alt=\"\" width=\"1400\" height=\"600\" srcset=\"https:\/\/demo.vphosting.top\/wp-content\/uploads\/2021\/06\/2vitamina-e-200x86.jpg 200w, https:\/\/demo.vphosting.top\/wp-content\/uploads\/2021\/06\/2vitamina-e-300x129.jpg 300w, https:\/\/demo.vphosting.top\/wp-content\/uploads\/2021\/06\/2vitamina-e-400x171.jpg 400w, https:\/\/demo.vphosting.top\/wp-content\/uploads\/2021\/06\/2vitamina-e-500x214.jpg 500w, https:\/\/demo.vphosting.top\/wp-content\/uploads\/2021\/06\/2vitamina-e-600x257.jpg 600w, https:\/\/demo.vphosting.top\/wp-content\/uploads\/2021\/06\/2vitamina-e-700x300.jpg 700w, https:\/\/demo.vphosting.top\/wp-content\/uploads\/2021\/06\/2vitamina-e-768x329.jpg 768w, https:\/\/demo.vphosting.top\/wp-content\/uploads\/2021\/06\/2vitamina-e-800x343.jpg 800w, https:\/\/demo.vphosting.top\/wp-content\/uploads\/2021\/06\/2vitamina-e-1024x439.jpg 1024w, https:\/\/demo.vphosting.top\/wp-content\/uploads\/2021\/06\/2vitamina-e-1200x514.jpg 1200w, https:\/\/demo.vphosting.top\/wp-content\/uploads\/2021\/06\/2vitamina-e.jpg 1400w\" sizes=\"(max-width: 1400px) 100vw, 1400px\" \/><\/noscript><\/p>\n<p>Une bonne huile d&rsquo;olive extra vierge est \u00e9galement <span style=\"color: #99cc00;\"><strong>riche en antioxydants naturels tels que la vitamine E et les polyph\u00e9nols<\/strong><\/span>. Ceci associ\u00e9 \u00e0 la pr\u00e9sence importante d&rsquo;acides gras monoinsatur\u00e9s r\u00e9duit la formation de radicaux libres qui sont la principale cause de dommages aux cellules saines avec la formation cons\u00e9quente de diverses maladies dont des tumeurs.<\/p>\n<p>Les polyph\u00e9nols pr\u00e9sents dans une bonne huile d&rsquo;olive extra vierge ont \u00e9galement un <span style=\"color: #99cc00;\"><strong>effet protecteur sur le foie<\/strong><\/span>. En effet, ils augmentent la production de bile dont la fonction est de dissoudre les graisses, r\u00e9duisant ainsi les exc\u00e8s de graisses qui ne s&rsquo;accumulent pas.<\/p>\n<p>Une huile d&rsquo;olive extra vierge de bonne qualit\u00e9 s&rsquo;av\u00e8re <span style=\"color: #99cc00;\"><strong>tr\u00e8s digeste et a une excellente tol\u00e9rance gastrique<\/strong><\/span>. En effet, l&rsquo;acide ol\u00e9ique stimule la v\u00e9sicule biliaire qui produit des acides biliaires qui facilitent la digestion. De plus, la consommation r\u00e9guli\u00e8re d&rsquo;huile d&rsquo;olive extra vierge r\u00e9gule l&rsquo;intestin et pr\u00e9vient la constipation.<\/p>\n<p><img decoding=\"async\" class=\"aligncenter size-full wp-image-5005 lazyload\" src=\"data:image\/gif;base64,R0lGODlhAQABAIAAAAAAAP\/\/\/yH5BAEAAAAALAAAAAABAAEAAAIBRAA7\" data-src=\"https:\/\/demo.vphosting.top\/wp-content\/uploads\/2021\/06\/3olio-pelle.jpg\" alt=\"\" width=\"400\" height=\"273\" \/><noscript><img decoding=\"async\" class=\"aligncenter size-full wp-image-5005 lazyload\" src=\"https:\/\/demo.vphosting.top\/wp-content\/uploads\/2021\/06\/3olio-pelle.jpg\" alt=\"\" width=\"400\" height=\"273\" srcset=\"https:\/\/demo.vphosting.top\/wp-content\/uploads\/2021\/06\/3olio-pelle-200x137.jpg 200w, https:\/\/demo.vphosting.top\/wp-content\/uploads\/2021\/06\/3olio-pelle-300x205.jpg 300w, https:\/\/demo.vphosting.top\/wp-content\/uploads\/2021\/06\/3olio-pelle.jpg 400w\" sizes=\"(max-width: 400px) 100vw, 400px\" \/><\/noscript><\/p>\n<p>Il est reconnu depuis longtemps que l&rsquo;huile d&rsquo;olive est un <span style=\"color: #99cc00;\"><strong>excellent adoucissant pour la peau<\/strong><\/span>, elle peut donc \u00eatre utilis\u00e9e pour pr\u00e9venir la peau s\u00e8che et nourrir le cuir chevelu, le rendant plus doux et plus brillant.<\/p>\n","protected":false},"excerpt":{"rendered":"<p>Les bienfaits pour la sant\u00e9 d&rsquo;une bonne huile d&rsquo;olive extra [&hellip;]<\/p>\n","protected":false},"author":2,"featured_media":0,"parent":0,"menu_order":0,"comment_status":"closed","ping_status":"closed","template":"","meta":{"inline_featured_image":false,"footnotes":""},"class_list":["post-5012","page","type-page","status-publish","hentry"],"_links":{"self":[{"href":"https:\/\/demo.vphosting.top\/fr\/wp-json\/wp\/v2\/pages\/5012"}],"collection":[{"href":"https:\/\/demo.vphosting.top\/fr\/wp-json\/wp\/v2\/pages"}],"about":[{"href":"https:\/\/demo.vphosting.top\/fr\/wp-json\/wp\/v2\/types\/page"}],"author":[{"embeddable":true,"href":"https:\/\/demo.vphosting.top\/fr\/wp-json\/wp\/v2\/users\/2"}],"replies":[{"embeddable":true,"href":"https:\/\/demo.vphosting.top\/fr\/wp-json\/wp\/v2\/comments?post=5012"}],"version-history":[{"count":0,"href":"https:\/\/demo.vphosting.top\/fr\/wp-json\/wp\/v2\/pages\/5012\/revisions"}],"wp:attachment":[{"href":"https:\/\/demo.vphosting.top\/fr\/wp-json\/wp\/v2\/media?parent=5012"}],"curies":[{"name":"wp","href":"https:\/\/api.w.org\/{rel}","templated":true}]}}