{"id":4993,"date":"2021-09-16T13:29:58","date_gmt":"2021-09-16T11:29:58","guid":{"rendered":"https:\/\/demo.vphosting.top\/?page_id=4993"},"modified":"2021-09-17T13:54:49","modified_gmt":"2021-09-17T11:54:49","slug":"la-qualite-objective-de-lhuile-dolive","status":"publish","type":"page","link":"https:\/\/demo.vphosting.top\/fr\/la-qualite-objective-de-lhuile-dolive\/","title":{"rendered":"La qualit\u00e9 objective de l&rsquo;huile d&rsquo;olive"},"content":{"rendered":"<p>Identifier la qualit\u00e9 objective d&rsquo;une huile d&rsquo;olive extra vierge est possible gr\u00e2ce \u00e0 certains param\u00e8tres qui nous permettent d&rsquo;\u00e9tablir la valeur r\u00e9elle du produit.<\/p>\n<p>Voici notre repr\u00e9sentation graphique personnelle des <a href=\"https:\/\/demo.vphosting.top\/fr\/qualite-percue-et-qualite-reelle\/\"><span style=\"color: #99cc00;\">param\u00e8tres qualitatifs<\/span><\/a> d&rsquo;une huile d&rsquo;olive.<\/p>\n<p><img decoding=\"async\" class=\"aligncenter size-full wp-image-4995 lazyload\" src=\"data:image\/gif;base64,R0lGODlhAQABAIAAAAAAAP\/\/\/yH5BAEAAAAALAAAAAABAAEAAAIBRAA7\" data-src=\"https:\/\/demo.vphosting.top\/wp-content\/uploads\/2021\/06\/1stella-qualita-olio.png\" alt=\"\" width=\"702\" height=\"469\" \/><noscript><img decoding=\"async\" class=\"aligncenter size-full wp-image-4995 lazyload\" src=\"https:\/\/demo.vphosting.top\/wp-content\/uploads\/2021\/06\/1stella-qualita-olio.png\" alt=\"\" width=\"702\" height=\"469\" srcset=\"https:\/\/demo.vphosting.top\/wp-content\/uploads\/2021\/06\/1stella-qualita-olio-200x134.png 200w, https:\/\/demo.vphosting.top\/wp-content\/uploads\/2021\/06\/1stella-qualita-olio-300x200.png 300w, https:\/\/demo.vphosting.top\/wp-content\/uploads\/2021\/06\/1stella-qualita-olio-400x267.png 400w, https:\/\/demo.vphosting.top\/wp-content\/uploads\/2021\/06\/1stella-qualita-olio-500x334.png 500w, https:\/\/demo.vphosting.top\/wp-content\/uploads\/2021\/06\/1stella-qualita-olio-600x401.png 600w, https:\/\/demo.vphosting.top\/wp-content\/uploads\/2021\/06\/1stella-qualita-olio-700x468.png 700w, https:\/\/demo.vphosting.top\/wp-content\/uploads\/2021\/06\/1stella-qualita-olio.png 702w\" sizes=\"(max-width: 702px) 100vw, 702px\" \/><\/noscript><\/p>\n<p><img decoding=\"async\" class=\"alignright wp-image-4996 lazyload\" src=\"data:image\/gif;base64,R0lGODlhAQABAIAAAAAAAP\/\/\/yH5BAEAAAAALAAAAAABAAEAAAIBRAA7\" data-src=\"https:\/\/demo.vphosting.top\/wp-content\/uploads\/2021\/06\/3acidi-grassi.jpg\" alt=\"\" width=\"450\" height=\"236\" \/><noscript><img decoding=\"async\" class=\"alignright wp-image-4996 lazyload\" src=\"https:\/\/demo.vphosting.top\/wp-content\/uploads\/2021\/06\/3acidi-grassi.jpg\" alt=\"\" width=\"450\" height=\"236\" srcset=\"https:\/\/demo.vphosting.top\/wp-content\/uploads\/2021\/06\/3acidi-grassi-200x105.jpg 200w, https:\/\/demo.vphosting.top\/wp-content\/uploads\/2021\/06\/3acidi-grassi-300x157.jpg 300w, https:\/\/demo.vphosting.top\/wp-content\/uploads\/2021\/06\/3acidi-grassi-400x209.jpg 400w, https:\/\/demo.vphosting.top\/wp-content\/uploads\/2021\/06\/3acidi-grassi-500x262.jpg 500w, https:\/\/demo.vphosting.top\/wp-content\/uploads\/2021\/06\/3acidi-grassi-600x314.jpg 600w, https:\/\/demo.vphosting.top\/wp-content\/uploads\/2021\/06\/3acidi-grassi-700x366.jpg 700w, https:\/\/demo.vphosting.top\/wp-content\/uploads\/2021\/06\/3acidi-grassi-768x402.jpg 768w, https:\/\/demo.vphosting.top\/wp-content\/uploads\/2021\/06\/3acidi-grassi-800x419.jpg 800w, https:\/\/demo.vphosting.top\/wp-content\/uploads\/2021\/06\/3acidi-grassi.jpg 1024w\" sizes=\"(max-width: 450px) 100vw, 450px\" \/><\/noscript><\/p>\n<p>Les <a href=\"https:\/\/demo.vphosting.top\/fr\/facteurs-qui-determinent-la-qualite-de-lhuile-dolive\/\"><span style=\"color: #99cc00;\"><strong>caract\u00e9ristiques organoleptiques<\/strong><\/span><\/a> sont l&rsquo;ensemble des caract\u00e9ristiques physiques et chimiques de l&rsquo;huile per\u00e7ues par les organes des sens : le go\u00fbt, l&rsquo;odorat et la vue. Ces sensations dans l&rsquo;huile peuvent \u00eatre positives ou n\u00e9gatives. Parmi les aspects positifs, le fruit\u00e9, l&rsquo;amer et l&rsquo;\u00e9pic\u00e9 sont absolument \u00e0 retrouver. Alors que parmi les n\u00e9gatifs, les plus importants sont le rance, le r\u00e9chauffage, la moisissure, la boue.<\/p>\n<p>Le<a href=\"https:\/\/demo.vphosting.top\/fr\/facteurs-qui-determinent-la-qualite-de-lhuile-dolive\/\"><span style=\"color: #99cc00;\"><strong> degr\u00e9 d&rsquo;acidit\u00e9<\/strong><\/span><\/a> (% d&rsquo;acide ol\u00e9ique libre) est la partie des acides gras d&rsquo;une huile d&rsquo;olive qui reste \u00e0 l&rsquo;\u00e9tat libre, c&rsquo;est-\u00e0-dire non li\u00e9e \u00e0 la glyc\u00e9rine. Dans l&rsquo;huile pour un faible pourcentage ces acides gras sont \u00e0 l&rsquo;\u00e9tat libre de mani\u00e8re naturelle, mais pour une autre partie la rupture de la liaison est caus\u00e9e par des facteurs externes : lorsque les olives se d\u00e9chirent (comme par exemple pour la pr\u00e9sence d&rsquo;insectes, pour la cueillette effectu\u00e9e en vrac, pour le transport en masse ou le stockage des fruits pendant plusieurs jours avant le broyage), la liaison entre la glyc\u00e9rine et l&rsquo;acide gras est rompue en raison d&rsquo;une enzyme (lipase) pr\u00e9sente dans les olives et cela augmente le niveau d&rsquo;acidit\u00e9 de l&rsquo;huile qui par cons\u00e9quent perd en qualit\u00e9. Dans une huile d&rsquo;olive extra vierge, l&rsquo;acidit\u00e9 ne doit pas d\u00e9passer 0,8%, car des niveaux d&rsquo;acidit\u00e9 plus \u00e9lev\u00e9s rendent l&rsquo;huile difficile \u00e0 dig\u00e9rer. Des niveaux inf\u00e9rieurs \u00e0 0,4% rendent le produit excellent.<\/p>\n<p>Les<a href=\"https:\/\/demo.vphosting.top\/fr\/facteurs-qui-determinent-la-qualite-de-lhuile-dolive\/\"><span style=\"color: #99cc00;\"><strong> peroxydes<\/strong><\/span><\/a> sont des substances qui oxydent les acides gras li\u00e9s \u00e0 la glyc\u00e9rine gr\u00e2ce \u00e0 l&rsquo;action d&rsquo;une enzyme appel\u00e9e lipoxydase. Les radicaux libres proviennent du processus d&rsquo;oxydation et exercent une action extr\u00eamement nocive sur le corps humain. Pour que cette oxydation primaire soit activ\u00e9e, les olives doivent \u00eatre bless\u00e9es et l&rsquo;huile doit entrer en contact avec l&rsquo;oxyg\u00e8ne de l&rsquo;air. Ce processus d&rsquo;oxydation en pr\u00e9sence de peu d&rsquo;oxyg\u00e8ne est tr\u00e8s lent, en l&rsquo;absence d&rsquo;oxyg\u00e8ne il s&rsquo;arr\u00eate. Dans les huiles vierges et les huiles d&rsquo;olive extra vierge, le nombre de peroxydes ne doit pas d\u00e9passer 20 m. \u00e9q.\/Kg.<\/p>\n<p><img decoding=\"async\" class=\"alignright wp-image-4997 lazyload\" src=\"data:image\/gif;base64,R0lGODlhAQABAIAAAAAAAP\/\/\/yH5BAEAAAAALAAAAAABAAEAAAIBRAA7\" data-src=\"https:\/\/demo.vphosting.top\/wp-content\/uploads\/2021\/06\/4analisi-olio.jpg\" alt=\"\" width=\"450\" height=\"257\" \/><noscript><img decoding=\"async\" class=\"alignright wp-image-4997 lazyload\" src=\"https:\/\/demo.vphosting.top\/wp-content\/uploads\/2021\/06\/4analisi-olio.jpg\" alt=\"\" width=\"450\" height=\"257\" srcset=\"https:\/\/demo.vphosting.top\/wp-content\/uploads\/2021\/06\/4analisi-olio-200x114.jpg 200w, https:\/\/demo.vphosting.top\/wp-content\/uploads\/2021\/06\/4analisi-olio-300x171.jpg 300w, https:\/\/demo.vphosting.top\/wp-content\/uploads\/2021\/06\/4analisi-olio-400x229.jpg 400w, https:\/\/demo.vphosting.top\/wp-content\/uploads\/2021\/06\/4analisi-olio-500x286.jpg 500w, https:\/\/demo.vphosting.top\/wp-content\/uploads\/2021\/06\/4analisi-olio-600x343.jpg 600w, https:\/\/demo.vphosting.top\/wp-content\/uploads\/2021\/06\/4analisi-olio.jpg 698w\" sizes=\"(max-width: 450px) 100vw, 450px\" \/><\/noscript><\/p>\n<p>Les<a href=\"https:\/\/demo.vphosting.top\/fr\/proprietes-benefiques\/\"><span style=\"color: #99cc00;\"><strong> substances ph\u00e9noliques<\/strong><\/span><\/a> sont des substances capables de retarder ou d&#8217;emp\u00eacher de mani\u00e8re significative l&rsquo;oxydation de l&rsquo;huile. Les antioxydants contrecarrent les processus peroxydatifs qui produisent des radicaux libres. Ce sont ces substances qui donnent \u00e0 l&rsquo;huile ses sensations am\u00e8res et \u00e9pic\u00e9es. Le riche patrimoine d&rsquo;antioxydants de l&rsquo;huile est d\u00fb au fait que l&rsquo;olive, \u00e9tant un fruit expos\u00e9 pendant de nombreuses heures \u00e0 l&rsquo;action de l&rsquo;air et de la lumi\u00e8re, doit se d\u00e9fendre de l&rsquo;oxyg\u00e8ne en synth\u00e9tisant une plus grande quantit\u00e9 de substances antioxydantes qui sont ensuite transf\u00e9r\u00e9es dans l&rsquo;huile. Ils sont pr\u00e9sents dans des constituants mineurs, notamment dans les polyph\u00e9nols qui, gr\u00e2ce \u00e0 leur activit\u00e9 antioxydante, aident \u00e0 pr\u00e9venir les maladies cardiovasculaires, l&rsquo;inflammation, le cancer.<\/p>\n<p>Les<a href=\"https:\/\/demo.vphosting.top\/fr\/facteurs-qui-determinent-la-qualite-de-lhuile-dolive\/\"><span style=\"color: #99cc00;\"><strong> acides gras <\/strong><\/span><\/a>pr\u00e9sents dans notre corps proviennent en partie de l&rsquo;alimentation quotidienne et sont en partie synth\u00e9tis\u00e9s par le corps humain. Les graisses v\u00e9g\u00e9tales pr\u00e9sentes dans les aliments (fruits et graines) sont principalement constitu\u00e9es d&rsquo;acides gras insatur\u00e9s qui par nature contribuent \u00e0 fluidifier le sang. Leur consommation contribue positivement \u00e0 contrebalancer la pr\u00e9sence importante dans les tissus humains d&rsquo;acides gras satur\u00e9s qui, contrairement aux insatur\u00e9s, ont des effets n\u00e9gatifs car ils \u00e9paississent le sang. Parmi toutes les graisses v\u00e9g\u00e9tales, la sup\u00e9riorit\u00e9 de l&rsquo;huile d&rsquo;olive r\u00e9side dans le fait qu&rsquo;elle contiene une<a href=\"https:\/\/demo.vphosting.top\/fr\/proprietes-benefiques\/\"><span style=\"color: #99cc00;\"> relevant quantit\u00e9 d&rsquo;acides gras monoinsatur\u00e9s<\/span> <\/a>(avec une seule double liaison) qui sont peu sensibles au processus oxydatif et qui ne n\u00e9cessitent aucune protection antioxydante. Dans les huiles des grains, au contraire, les acides gras polyinsatur\u00e9s sont pr\u00e9sents en grande quantit\u00e9 et \u00e9tant sensibles \u00e0 l&rsquo;oxydation, contribuent \u00e0 la formation de radicaux libres et ont des effets n\u00e9gatifs sur l&rsquo;organisme.<\/p>\n<p>&nbsp;<\/p>\n","protected":false},"excerpt":{"rendered":"<p>Identifier la qualit\u00e9 objective d&rsquo;une huile d&rsquo;olive extra vierge est [&hellip;]<\/p>\n","protected":false},"author":2,"featured_media":4994,"parent":0,"menu_order":0,"comment_status":"closed","ping_status":"closed","template":"","meta":{"inline_featured_image":false,"footnotes":""},"class_list":["post-4993","page","type-page","status-publish","has-post-thumbnail","hentry"],"_links":{"self":[{"href":"https:\/\/demo.vphosting.top\/fr\/wp-json\/wp\/v2\/pages\/4993"}],"collection":[{"href":"https:\/\/demo.vphosting.top\/fr\/wp-json\/wp\/v2\/pages"}],"about":[{"href":"https:\/\/demo.vphosting.top\/fr\/wp-json\/wp\/v2\/types\/page"}],"author":[{"embeddable":true,"href":"https:\/\/demo.vphosting.top\/fr\/wp-json\/wp\/v2\/users\/2"}],"replies":[{"embeddable":true,"href":"https:\/\/demo.vphosting.top\/fr\/wp-json\/wp\/v2\/comments?post=4993"}],"version-history":[{"count":0,"href":"https:\/\/demo.vphosting.top\/fr\/wp-json\/wp\/v2\/pages\/4993\/revisions"}],"wp:featuredmedia":[{"embeddable":true,"href":"https:\/\/demo.vphosting.top\/fr\/wp-json\/wp\/v2\/media\/4994"}],"wp:attachment":[{"href":"https:\/\/demo.vphosting.top\/fr\/wp-json\/wp\/v2\/media?parent=4993"}],"curies":[{"name":"wp","href":"https:\/\/api.w.org\/{rel}","templated":true}]}}