{"id":4978,"date":"2021-09-16T13:29:37","date_gmt":"2021-09-16T11:29:37","guid":{"rendered":"https:\/\/demo.vphosting.top\/?page_id=4978"},"modified":"2021-09-16T13:29:37","modified_gmt":"2021-09-16T11:29:37","slug":"nos-cultivars","status":"publish","type":"page","link":"https:\/\/demo.vphosting.top\/fr\/nos-cultivars\/","title":{"rendered":"Nos cultivars"},"content":{"rendered":"<p><div class=\"fusion-fullwidth fullwidth-box fusion-builder-row-1 fusion-flex-container nonhundred-percent-fullwidth non-hundred-percent-height-scrolling\" style=\"--awb-border-radius-top-left:0px;--awb-border-radius-top-right:0px;--awb-border-radius-bottom-right:0px;--awb-border-radius-bottom-left:0px;--awb-flex-wrap:wrap;\" ><div class=\"fusion-builder-row fusion-row fusion-flex-align-items-flex-start fusion-flex-content-wrap\" style=\"max-width:1430px;margin-left: calc(-4% \/ 2 );margin-right: calc(-4% \/ 2 );\"><div class=\"fusion-layout-column fusion_builder_column fusion-builder-column-0 fusion_builder_column_2_3 2_3 fusion-flex-column\" style=\"--awb-bg-size:cover;--awb-width-large:66.666666666667%;--awb-margin-top-large:0px;--awb-spacing-right-large:2.88%;--awb-margin-bottom-large:8%;--awb-spacing-left-large:2.88%;--awb-width-medium:100%;--awb-order-medium:0;--awb-spacing-right-medium:1.92%;--awb-spacing-left-medium:1.92%;--awb-width-small:100%;--awb-order-small:0;--awb-spacing-right-small:1.92%;--awb-spacing-left-small:1.92%;\"><div class=\"fusion-column-wrapper fusion-column-has-shadow fusion-flex-justify-content-flex-start fusion-content-layout-column\"><div class=\"fusion-text fusion-text-1\"><p style=\"text-align: left;\">La <strong><span style=\"color: #99cc00;\">Cerasuola<\/span><\/strong> est cultiv\u00e9e au nord-ouest de la Sicile, dans les provinces de Palerme, Trapani et Sciacca.<\/p>\n<p style=\"text-align: left;\">La plante, vigoureuse avec un port dress\u00e9 et un feuillage d\u00e9ploy\u00e9, r\u00e9siste tr\u00e8s bien \u00e0 la s\u00e9cheresse. Le feuillet est petit, avec une page sup\u00e9rieure tomenteuse \u00e0 rabats repli\u00e9s.<\/p>\n<p style=\"text-align: left;\">Le nombre moyen de fleurs est de 22 et la floraison a lieu fin avril\/d\u00e9but mai.<\/p>\n<p style=\"text-align: left;\">La plante est aussi appel\u00e9e Purrittara, Ugghiarola, Palermitana, Grappusa, Zimmusa, Ugghiaredda.<\/p>\n<p style=\"text-align: left;\">Le fruit est de taille moyenne, de forme sph\u00e9ro\u00efdale et de couleur vert intense \u00e0 maturit\u00e9, noir violac\u00e9 \u00e0 maturit\u00e9.<\/p>\n<p style=\"text-align: left;\">L&rsquo;huile pr\u00e9sente une excellente stabilit\u00e9 dans le temps avec un rendement d&rsquo;environ 20\/24 %. Il a des caract\u00e8res assez forts avec une pr\u00e9dominance d&rsquo;amer et d&rsquo;\u00e9pic\u00e9. Lorsque les olives sont plus m\u00fbres, le go\u00fbt de l&rsquo;huile est plus harmonieux et \u00e9quilibr\u00e9 avec des notes d&rsquo;artichaut, tandis que lorsqu&rsquo;elles ne sont pas encore m\u00fbres, des notes de poivre vert sont \u00e9videntes.<\/p>\n<\/div><\/div><\/div><div class=\"fusion-layout-column fusion_builder_column fusion-builder-column-1 fusion_builder_column_1_3 1_3 fusion-flex-column\" style=\"--awb-bg-size:cover;--awb-width-large:33.333333333333%;--awb-margin-top-large:0px;--awb-spacing-right-large:5.76%;--awb-margin-bottom-large:8%;--awb-spacing-left-large:5.76%;--awb-width-medium:100%;--awb-order-medium:0;--awb-spacing-right-medium:1.92%;--awb-spacing-left-medium:1.92%;--awb-width-small:100%;--awb-order-small:0;--awb-spacing-right-small:1.92%;--awb-spacing-left-small:1.92%;\"><div class=\"fusion-column-wrapper fusion-column-has-shadow fusion-flex-justify-content-flex-start fusion-content-layout-column\"><div class=\"fusion-image-element \" style=\"--awb-caption-title-font-family:var(--h2_typography-font-family);--awb-caption-title-font-weight:var(--h2_typography-font-weight);--awb-caption-title-font-style:var(--h2_typography-font-style);--awb-caption-title-size:var(--h2_typography-font-size);--awb-caption-title-transform:var(--h2_typography-text-transform);--awb-caption-title-line-height:var(--h2_typography-line-height);--awb-caption-title-letter-spacing:var(--h2_typography-letter-spacing);\"><span class=\" fusion-imageframe imageframe-none imageframe-1 hover-type-none\"><img decoding=\"async\" width=\"1280\" height=\"960\" title=\"2albero-cerasuola\" src=\"https:\/\/demo.vphosting.top\/wp-content\/uploads\/2021\/06\/2albero-cerasuola.jpg\" data-orig-src=\"https:\/\/demo.vphosting.top\/wp-content\/uploads\/2021\/06\/2albero-cerasuola.jpg\" alt class=\"lazyload img-responsive wp-image-4979\" srcset=\"data:image\/svg+xml,%3Csvg%20xmlns%3D%27http%3A%2F%2Fwww.w3.org%2F2000%2Fsvg%27%20width%3D%271280%27%20height%3D%27960%27%20viewBox%3D%270%200%201280%20960%27%3E%3Crect%20width%3D%271280%27%20height%3D%27960%27%20fill-opacity%3D%220%22%2F%3E%3C%2Fsvg%3E\" data-srcset=\"https:\/\/demo.vphosting.top\/wp-content\/uploads\/2021\/06\/2albero-cerasuola-200x150.jpg 200w, https:\/\/demo.vphosting.top\/wp-content\/uploads\/2021\/06\/2albero-cerasuola-400x300.jpg 400w, https:\/\/demo.vphosting.top\/wp-content\/uploads\/2021\/06\/2albero-cerasuola-600x450.jpg 600w, https:\/\/demo.vphosting.top\/wp-content\/uploads\/2021\/06\/2albero-cerasuola-800x600.jpg 800w, https:\/\/demo.vphosting.top\/wp-content\/uploads\/2021\/06\/2albero-cerasuola-1200x900.jpg 1200w, https:\/\/demo.vphosting.top\/wp-content\/uploads\/2021\/06\/2albero-cerasuola.jpg 1280w\" data-sizes=\"auto\" data-orig-sizes=\"(max-width: 1024px) 100vw, (max-width: 640px) 100vw, 600px\" \/><\/span><\/div><\/div><\/div><\/div><\/div><div class=\"fusion-fullwidth fullwidth-box fusion-builder-row-2 fusion-flex-container nonhundred-percent-fullwidth non-hundred-percent-height-scrolling\" style=\"--awb-border-radius-top-left:0px;--awb-border-radius-top-right:0px;--awb-border-radius-bottom-right:0px;--awb-border-radius-bottom-left:0px;--awb-margin-top:50px;--awb-margin-bottom:50px;--awb-flex-wrap:wrap;\" ><div class=\"fusion-builder-row fusion-row fusion-flex-align-items-flex-start fusion-flex-content-wrap\" style=\"max-width:1430px;margin-left: calc(-4% \/ 2 );margin-right: calc(-4% \/ 2 );\"><div class=\"fusion-layout-column fusion_builder_column fusion-builder-column-2 fusion_builder_column_2_3 2_3 fusion-flex-column\" style=\"--awb-bg-size:cover;--awb-width-large:66.666666666667%;--awb-margin-top-large:0px;--awb-spacing-right-large:2.88%;--awb-margin-bottom-large:8%;--awb-spacing-left-large:2.88%;--awb-width-medium:100%;--awb-order-medium:0;--awb-spacing-right-medium:1.92%;--awb-spacing-left-medium:1.92%;--awb-width-small:100%;--awb-order-small:0;--awb-spacing-right-small:1.92%;--awb-spacing-left-small:1.92%;\"><div class=\"fusion-column-wrapper fusion-column-has-shadow fusion-flex-justify-content-flex-start fusion-content-layout-column\"><div class=\"fusion-text fusion-text-2\"><p>La<span style=\"color: #99cc00;\"><strong> Biancolilla<\/strong><\/span>, en revanche, est r\u00e9pandu dans la zone centre-ouest de l&rsquo;\u00eele, en particulier dans les provinces de Palerme et d&rsquo;Agrigente.<\/p>\n<p>La plante a une posture pendante et une couronne \u00e9largie. Il a une excellente plasticit\u00e9 d&rsquo;adaptation et r\u00e9siste bien aux gel\u00e9es tardives. La feuille \u00e9troite est vert clair sur la face sup\u00e9rieure.<\/p>\n<p>Le nombre moyen de fleurs est de 18, courtes et compactes et la floraison a lieu fin avril\/d\u00e9but mai.<\/p>\n<p>On l&rsquo;appelle aussi Palummara, Janculidda, Buscionetto.<\/p>\n<p>Dans les premi\u00e8res ann\u00e9es, le fruit a une petite forme ovo\u00efde et une couleur allant du vert p\u00e2le au rose violac\u00e9. Par contre, dans les ann\u00e9es de d\u00e9charge, il est de taille moyenne et sa couleur varie du vert pois au rouge vineux.<\/p>\n<p>L&rsquo;huile a une stabilit\u00e9 moyenne dans le temps et le rendement moyen est de 16\/20%. Il a un ar\u00f4me fruit\u00e9 l\u00e9ger et d\u00e9licat, avec une saveur \u00ab\u00a0douce\u00a0\u00bb et l&rsquo;amertume et le piquant ne sont pas tr\u00e8s \u00e9vidents.<\/p>\n<\/div><\/div><\/div><div class=\"fusion-layout-column fusion_builder_column fusion-builder-column-3 fusion_builder_column_1_3 1_3 fusion-flex-column\" style=\"--awb-bg-size:cover;--awb-width-large:33.333333333333%;--awb-margin-top-large:0px;--awb-spacing-right-large:5.76%;--awb-margin-bottom-large:8%;--awb-spacing-left-large:5.76%;--awb-width-medium:100%;--awb-order-medium:0;--awb-spacing-right-medium:1.92%;--awb-spacing-left-medium:1.92%;--awb-width-small:100%;--awb-order-small:0;--awb-spacing-right-small:1.92%;--awb-spacing-left-small:1.92%;\"><div class=\"fusion-column-wrapper fusion-column-has-shadow fusion-flex-justify-content-flex-start fusion-content-layout-column\"><div class=\"fusion-image-element \" style=\"--awb-caption-title-font-family:var(--h2_typography-font-family);--awb-caption-title-font-weight:var(--h2_typography-font-weight);--awb-caption-title-font-style:var(--h2_typography-font-style);--awb-caption-title-size:var(--h2_typography-font-size);--awb-caption-title-transform:var(--h2_typography-text-transform);--awb-caption-title-line-height:var(--h2_typography-line-height);--awb-caption-title-letter-spacing:var(--h2_typography-letter-spacing);\"><span class=\" fusion-imageframe imageframe-none imageframe-2 hover-type-none\"><img decoding=\"async\" width=\"1280\" height=\"960\" title=\"1albero-biancolilla\" src=\"https:\/\/demo.vphosting.top\/wp-content\/uploads\/2021\/06\/1albero-biancolilla.jpg\" data-orig-src=\"https:\/\/demo.vphosting.top\/wp-content\/uploads\/2021\/06\/1albero-biancolilla.jpg\" alt class=\"lazyload img-responsive wp-image-4980\" srcset=\"data:image\/svg+xml,%3Csvg%20xmlns%3D%27http%3A%2F%2Fwww.w3.org%2F2000%2Fsvg%27%20width%3D%271280%27%20height%3D%27960%27%20viewBox%3D%270%200%201280%20960%27%3E%3Crect%20width%3D%271280%27%20height%3D%27960%27%20fill-opacity%3D%220%22%2F%3E%3C%2Fsvg%3E\" data-srcset=\"https:\/\/demo.vphosting.top\/wp-content\/uploads\/2021\/06\/1albero-biancolilla-200x150.jpg 200w, https:\/\/demo.vphosting.top\/wp-content\/uploads\/2021\/06\/1albero-biancolilla-400x300.jpg 400w, https:\/\/demo.vphosting.top\/wp-content\/uploads\/2021\/06\/1albero-biancolilla-600x450.jpg 600w, https:\/\/demo.vphosting.top\/wp-content\/uploads\/2021\/06\/1albero-biancolilla-800x600.jpg 800w, https:\/\/demo.vphosting.top\/wp-content\/uploads\/2021\/06\/1albero-biancolilla-1200x900.jpg 1200w, https:\/\/demo.vphosting.top\/wp-content\/uploads\/2021\/06\/1albero-biancolilla.jpg 1280w\" data-sizes=\"auto\" data-orig-sizes=\"(max-width: 1024px) 100vw, (max-width: 640px) 100vw, 600px\" \/><\/span><\/div><\/div><\/div><\/div><\/div><div class=\"fusion-fullwidth fullwidth-box fusion-builder-row-3 fusion-flex-container nonhundred-percent-fullwidth non-hundred-percent-height-scrolling\" style=\"--awb-border-radius-top-left:0px;--awb-border-radius-top-right:0px;--awb-border-radius-bottom-right:0px;--awb-border-radius-bottom-left:0px;--awb-flex-wrap:wrap;\" ><div class=\"fusion-builder-row fusion-row fusion-flex-align-items-flex-start fusion-flex-content-wrap\" style=\"max-width:1430px;margin-left: calc(-4% \/ 2 );margin-right: calc(-4% \/ 2 );\"><div class=\"fusion-layout-column fusion_builder_column fusion-builder-column-4 fusion_builder_column_2_3 2_3 fusion-flex-column\" style=\"--awb-bg-size:cover;--awb-width-large:66.666666666667%;--awb-margin-top-large:0px;--awb-spacing-right-large:2.88%;--awb-margin-bottom-large:8%;--awb-spacing-left-large:2.88%;--awb-width-medium:100%;--awb-order-medium:0;--awb-spacing-right-medium:1.92%;--awb-spacing-left-medium:1.92%;--awb-width-small:100%;--awb-order-small:0;--awb-spacing-right-small:1.92%;--awb-spacing-left-small:1.92%;\"><div class=\"fusion-column-wrapper fusion-column-has-shadow fusion-flex-justify-content-flex-start fusion-content-layout-column\"><div class=\"fusion-text fusion-text-3\"><p>La <span style=\"color: #99cc00;\"><strong>Nocellara del Belice<\/strong><\/span> est pr\u00e9sente dans les r\u00e9gions de Castelvetrano, Campobello di Mazara et Partanna di Trapani.<\/p>\n<p>La plante est vigoureuse et a un port pendant. Il a des feuilles droites et larges de couleur vert vif.<\/p>\n<p>Le nombre moyen de fleurs est de 20 en grappes de 4 \u00e0 5 distinctes et sa p\u00e9riode de floraison se situe fin avril\/d\u00e9but mai.<\/p>\n<p>La plante est aussi appel\u00e9e Nebba, Mazzara, Nuciddara.<\/p>\n<p>Le fruit est tr\u00e8s gros, presque sph\u00e9rique et la couleur va du vert intense au rouge vineux et a une double fonction : en plus de donner une tr\u00e8s bonne huile, c&rsquo;est aussi une excellente olive de table.<\/p>\n<p>L&rsquo;huile pr\u00e9sente une bonne stabilit\u00e9 dans le temps et un rendement d&rsquo;environ 18\/20%. Lorsque les olives sont r\u00e9colt\u00e9es vertes, l&rsquo;huile a un bon fruit\u00e9 avec de bons signes de piquant et d&rsquo;amertume, tandis que des notes de tomate \u00e9mergent \u00e0 pleine maturit\u00e9. Dans les r\u00e9gions vallonn\u00e9es de l&rsquo;int\u00e9rieur, ces sensations sont encore plus prononc\u00e9es.<\/p>\n<\/div><\/div><\/div><div class=\"fusion-layout-column fusion_builder_column fusion-builder-column-5 fusion_builder_column_1_3 1_3 fusion-flex-column\" style=\"--awb-bg-size:cover;--awb-width-large:33.333333333333%;--awb-margin-top-large:0px;--awb-spacing-right-large:5.76%;--awb-margin-bottom-large:8%;--awb-spacing-left-large:5.76%;--awb-width-medium:100%;--awb-order-medium:0;--awb-spacing-right-medium:1.92%;--awb-spacing-left-medium:1.92%;--awb-width-small:100%;--awb-order-small:0;--awb-spacing-right-small:1.92%;--awb-spacing-left-small:1.92%;\"><div class=\"fusion-column-wrapper fusion-column-has-shadow fusion-flex-justify-content-flex-start fusion-content-layout-column\"><div class=\"fusion-image-element \" style=\"--awb-caption-title-font-family:var(--h2_typography-font-family);--awb-caption-title-font-weight:var(--h2_typography-font-weight);--awb-caption-title-font-style:var(--h2_typography-font-style);--awb-caption-title-size:var(--h2_typography-font-size);--awb-caption-title-transform:var(--h2_typography-text-transform);--awb-caption-title-line-height:var(--h2_typography-line-height);--awb-caption-title-letter-spacing:var(--h2_typography-letter-spacing);\"><span class=\" fusion-imageframe imageframe-none imageframe-3 hover-type-none\"><img decoding=\"async\" width=\"1280\" height=\"960\" title=\"3albero-nocellara\" src=\"https:\/\/demo.vphosting.top\/wp-content\/uploads\/2021\/06\/3albero-nocellara.jpg\" data-orig-src=\"https:\/\/demo.vphosting.top\/wp-content\/uploads\/2021\/06\/3albero-nocellara.jpg\" alt class=\"lazyload img-responsive wp-image-4981\" srcset=\"data:image\/svg+xml,%3Csvg%20xmlns%3D%27http%3A%2F%2Fwww.w3.org%2F2000%2Fsvg%27%20width%3D%271280%27%20height%3D%27960%27%20viewBox%3D%270%200%201280%20960%27%3E%3Crect%20width%3D%271280%27%20height%3D%27960%27%20fill-opacity%3D%220%22%2F%3E%3C%2Fsvg%3E\" data-srcset=\"https:\/\/demo.vphosting.top\/wp-content\/uploads\/2021\/06\/3albero-nocellara-200x150.jpg 200w, https:\/\/demo.vphosting.top\/wp-content\/uploads\/2021\/06\/3albero-nocellara-400x300.jpg 400w, https:\/\/demo.vphosting.top\/wp-content\/uploads\/2021\/06\/3albero-nocellara-600x450.jpg 600w, https:\/\/demo.vphosting.top\/wp-content\/uploads\/2021\/06\/3albero-nocellara-800x600.jpg 800w, https:\/\/demo.vphosting.top\/wp-content\/uploads\/2021\/06\/3albero-nocellara-1200x900.jpg 1200w, https:\/\/demo.vphosting.top\/wp-content\/uploads\/2021\/06\/3albero-nocellara.jpg 1280w\" data-sizes=\"auto\" data-orig-sizes=\"(max-width: 1024px) 100vw, (max-width: 640px) 100vw, 600px\" \/><\/span><\/div><\/div><\/div><\/div><\/div><\/p>\n","protected":false},"excerpt":{"rendered":"","protected":false},"author":2,"featured_media":4981,"parent":0,"menu_order":0,"comment_status":"closed","ping_status":"closed","template":"","meta":{"inline_featured_image":false,"footnotes":""},"class_list":["post-4978","page","type-page","status-publish","has-post-thumbnail","hentry"],"_links":{"self":[{"href":"https:\/\/demo.vphosting.top\/fr\/wp-json\/wp\/v2\/pages\/4978"}],"collection":[{"href":"https:\/\/demo.vphosting.top\/fr\/wp-json\/wp\/v2\/pages"}],"about":[{"href":"https:\/\/demo.vphosting.top\/fr\/wp-json\/wp\/v2\/types\/page"}],"author":[{"embeddable":true,"href":"https:\/\/demo.vphosting.top\/fr\/wp-json\/wp\/v2\/users\/2"}],"replies":[{"embeddable":true,"href":"https:\/\/demo.vphosting.top\/fr\/wp-json\/wp\/v2\/comments?post=4978"}],"version-history":[{"count":0,"href":"https:\/\/demo.vphosting.top\/fr\/wp-json\/wp\/v2\/pages\/4978\/revisions"}],"wp:featuredmedia":[{"embeddable":true,"href":"https:\/\/demo.vphosting.top\/fr\/wp-json\/wp\/v2\/media\/4981"}],"wp:attachment":[{"href":"https:\/\/demo.vphosting.top\/fr\/wp-json\/wp\/v2\/media?parent=4978"}],"curies":[{"name":"wp","href":"https:\/\/api.w.org\/{rel}","templated":true}]}}