{"id":4971,"date":"2021-09-16T13:29:13","date_gmt":"2021-09-16T11:29:13","guid":{"rendered":"https:\/\/demo.vphosting.top\/?page_id=4971"},"modified":"2021-09-16T19:06:16","modified_gmt":"2021-09-16T17:06:16","slug":"oleificio-al-mulino-aujourdhui","status":"publish","type":"page","link":"https:\/\/demo.vphosting.top\/fr\/oleificio-al-mulino-aujourdhui\/","title":{"rendered":"Oleificio al Mulino aujourd&rsquo;hui"},"content":{"rendered":"<p><div class=\"fusion-fullwidth fullwidth-box fusion-builder-row-1 fusion-flex-container nonhundred-percent-fullwidth non-hundred-percent-height-scrolling\" style=\"--awb-border-radius-top-left:0px;--awb-border-radius-top-right:0px;--awb-border-radius-bottom-right:0px;--awb-border-radius-bottom-left:0px;--awb-flex-wrap:wrap;\" ><div class=\"fusion-builder-row fusion-row fusion-flex-align-items-flex-start fusion-flex-content-wrap\" style=\"max-width:1430px;margin-left: calc(-4% \/ 2 );margin-right: calc(-4% \/ 2 );\"><div class=\"fusion-layout-column fusion_builder_column fusion-builder-column-0 fusion_builder_column_2_3 2_3 fusion-flex-column\" style=\"--awb-bg-size:cover;--awb-width-large:66.666666666667%;--awb-margin-top-large:0px;--awb-spacing-right-large:2.88%;--awb-margin-bottom-large:0px;--awb-spacing-left-large:2.88%;--awb-width-medium:100%;--awb-spacing-right-medium:1.92%;--awb-spacing-left-medium:1.92%;--awb-width-small:100%;--awb-spacing-right-small:1.92%;--awb-spacing-left-small:1.92%;\"><div class=\"fusion-column-wrapper fusion-flex-justify-content-flex-start fusion-content-layout-column\"><div class=\"fusion-text fusion-text-1\"><p>Apr\u00e8s avoir obtenu son dipl\u00f4me en \u00e9conomie et commerce, au d\u00e9but des ann\u00e9es 2000, <span style=\"color: #99cc00;\">Rosario Troia junior<\/span>, le fils a\u00een\u00e9 de Giuseppe, a d\u00e9cid\u00e9 de changer l&rsquo;entreprise familiale en se concentrant exclusivement sur la production <a href=\"https:\/\/demo.vphosting.top\/fr\/la-qualite-objective-de-lhuile-dolive\/\">d&rsquo;<span style=\"color: #99cc00;\">huile d&rsquo;olive extra vierge d&rsquo;excellence sicilienne<\/span><\/a>. Aujourd&rsquo;hui, l&rsquo;objectif de l&rsquo;entreprise, qui s&rsquo;est dot\u00e9e d&rsquo;installations plus modernes, est de d\u00e9velopper constamment les processus de production et de mettre en \u0153uvre des innovations de produits en cr\u00e9ant des lignes capables de capturer les besoins de ses clients.<\/p>\n<p>La nouvelle g\u00e9n\u00e9ration sait bien que la <a href=\"https:\/\/demo.vphosting.top\/fr\/facteurs-qui-determinent-la-qualite-de-lhuile-dolive\/\"><span style=\"color: #99cc00;\">Sicile,<\/span> <span style=\"color: #99cc00;\">situ\u00e9e au centre de la M\u00e9diterran\u00e9e<\/span><\/a>, avec son climat temp\u00e9r\u00e9 et ses territoires fertiles, repr\u00e9sente le lieu id\u00e9al pour la croissance de diff\u00e9rentes vari\u00e9t\u00e9s d&rsquo;olives qui donnent une huile aux caract\u00e9ristiques organoleptiques marqu\u00e9es, riche en propri\u00e9t\u00e9s nutritionnelles et b\u00e9n\u00e9fiques. Des d\u00e9cennies d&rsquo;activit\u00e9 dans le secteur nous ont permis de<a href=\"https:\/\/demo.vphosting.top\/fr\/facteurs-qui-determinent-la-qualite-de-lhuile-dolive\/\"><span style=\"color: #99cc00;\"> bien<\/span> <span style=\"color: #99cc00;\">conna\u00eetre le territoire sicilien<\/span><\/a> et d&rsquo;identifier certaines zones de l&rsquo;ouest de la Sicile particuli\u00e8rement adapt\u00e9es \u00e0 la culture de l&rsquo;olivier o\u00f9 des synergies et des accords ont \u00e9t\u00e9 construits avec des exploitations agricoles dans la poursuite exclusive de l&rsquo;excellence.<\/p>\n<p>Nous sommes conscients de l&rsquo;importance d&rsquo;accorder une <a href=\"https:\/\/demo.vphosting.top\/fr\/facteurs-qui-determinent-la-qualite-de-lhuile-dolive\/\"><span style=\"color: #99cc00;\">grande attention \u00e0 chaque phase du cycle de production<\/span><\/a>, dont chacune est extr\u00eamement d\u00e9licate et affecte fortement la qualit\u00e9 du produit final. Il suffit qu&rsquo;une seule de ces phases soit n\u00e9glig\u00e9e pour compromettre le r\u00e9sultat final et obtenir un produit de mauvaise qualit\u00e9 qui, au fil des mois, fera de plus en plus ressortir ses d\u00e9fauts. C&rsquo;est pr\u00e9cis\u00e9ment pour cette raison que le<span style=\"color: #99cc00;\"><a style=\"color: #99cc00;\" href=\"https:\/\/demo.vphosting.top\/fr\/facteurs-qui-determinent-la-qualite-de-lhuile-dolive\/\"> r\u00f4le jou\u00e9 par le facteur humain<\/a> <span style=\"color: #000000;\">est une priorit\u00e9<\/span><\/span>. Pour obtenir une excellente huile d&rsquo;olive extra vierge, m\u00eame les plus petits d\u00e9tails font la diff\u00e9rence et ce ne peut \u00eatre que l&rsquo;homme, avec ses valeurs, ses comp\u00e9tences et son exp\u00e9rience, qui a un fort impact sur le r\u00e9sultat final. \u00ab\u00a0Quelle que soit l&rsquo;aire g\u00e9ographique, quel que soit le cultivar, quel que soit le proc\u00e9d\u00e9 de travail adopt\u00e9, la valeur de l&rsquo;homme compte de plus en plus\u00a0\u00bb.<\/p>\n<\/div><\/div><\/div><div class=\"fusion-layout-column fusion_builder_column fusion-builder-column-1 fusion_builder_column_1_3 1_3 fusion-flex-column\" style=\"--awb-bg-size:cover;--awb-width-large:33.333333333333%;--awb-margin-top-large:0px;--awb-spacing-right-large:5.76%;--awb-margin-bottom-large:0px;--awb-spacing-left-large:5.76%;--awb-width-medium:100%;--awb-spacing-right-medium:1.92%;--awb-spacing-left-medium:1.92%;--awb-width-small:100%;--awb-spacing-right-small:1.92%;--awb-spacing-left-small:1.92%;\"><div class=\"fusion-column-wrapper fusion-flex-justify-content-flex-start fusion-content-layout-column\"><div class=\"fusion-image-element \" style=\"--awb-caption-title-font-family:var(--h2_typography-font-family);--awb-caption-title-font-weight:var(--h2_typography-font-weight);--awb-caption-title-font-style:var(--h2_typography-font-style);--awb-caption-title-size:var(--h2_typography-font-size);--awb-caption-title-transform:var(--h2_typography-text-transform);--awb-caption-title-line-height:var(--h2_typography-line-height);--awb-caption-title-letter-spacing:var(--h2_typography-letter-spacing);\"><span class=\" fusion-imageframe imageframe-none imageframe-1 hover-type-none\"><img decoding=\"async\" width=\"1024\" height=\"824\" title=\"1rosario\" src=\"https:\/\/demo.vphosting.top\/wp-content\/uploads\/2021\/06\/1rosario.jpg\" data-orig-src=\"https:\/\/demo.vphosting.top\/wp-content\/uploads\/2021\/06\/1rosario.jpg\" alt class=\"lazyload img-responsive wp-image-4972\" srcset=\"data:image\/svg+xml,%3Csvg%20xmlns%3D%27http%3A%2F%2Fwww.w3.org%2F2000%2Fsvg%27%20width%3D%271024%27%20height%3D%27824%27%20viewBox%3D%270%200%201024%20824%27%3E%3Crect%20width%3D%271024%27%20height%3D%27824%27%20fill-opacity%3D%220%22%2F%3E%3C%2Fsvg%3E\" data-srcset=\"https:\/\/demo.vphosting.top\/wp-content\/uploads\/2021\/06\/1rosario-200x161.jpg 200w, https:\/\/demo.vphosting.top\/wp-content\/uploads\/2021\/06\/1rosario-400x322.jpg 400w, https:\/\/demo.vphosting.top\/wp-content\/uploads\/2021\/06\/1rosario-600x483.jpg 600w, https:\/\/demo.vphosting.top\/wp-content\/uploads\/2021\/06\/1rosario-800x644.jpg 800w, https:\/\/demo.vphosting.top\/wp-content\/uploads\/2021\/06\/1rosario.jpg 1024w\" data-sizes=\"auto\" data-orig-sizes=\"(max-width: 1024px) 100vw, (max-width: 640px) 100vw, 600px\" \/><\/span><\/div><\/div><\/div><\/div><\/div><div class=\"fusion-fullwidth fullwidth-box fusion-builder-row-2 fusion-flex-container nonhundred-percent-fullwidth non-hundred-percent-height-scrolling\" style=\"--awb-border-radius-top-left:0px;--awb-border-radius-top-right:0px;--awb-border-radius-bottom-right:0px;--awb-border-radius-bottom-left:0px;--awb-margin-top:50px;--awb-margin-bottom:50px;--awb-flex-wrap:wrap;\" ><div class=\"fusion-builder-row fusion-row fusion-flex-align-items-flex-start fusion-flex-content-wrap\" style=\"max-width:1430px;margin-left: calc(-4% \/ 2 );margin-right: calc(-4% \/ 2 );\"><div class=\"fusion-layout-column fusion_builder_column fusion-builder-column-2 fusion_builder_column_2_3 2_3 fusion-flex-column\" style=\"--awb-bg-size:cover;--awb-width-large:66.666666666667%;--awb-margin-top-large:0px;--awb-spacing-right-large:2.88%;--awb-margin-bottom-large:0px;--awb-spacing-left-large:2.88%;--awb-width-medium:100%;--awb-spacing-right-medium:1.92%;--awb-spacing-left-medium:1.92%;--awb-width-small:100%;--awb-spacing-right-small:1.92%;--awb-spacing-left-small:1.92%;\"><div class=\"fusion-column-wrapper fusion-flex-justify-content-flex-start fusion-content-layout-column\"><div class=\"fusion-text fusion-text-2\"><p>Chaque ann\u00e9e, \u00e0 partir d&rsquo;octobre, nous commercialisons environ 25 000 litres d&rsquo;huile d&rsquo;olive extra vierge. Un produit exclusif et de tr\u00e8s haute qualit\u00e9, provenant presque exclusivement des provinces de Trapani et Palerme.<\/p>\n<p>Un produit issu de la <a href=\"https:\/\/demo.vphosting.top\/fr\/nos-cultivars\/\"><span style=\"color: #99cc00;\">mouture \u00e0 froid de cultivars indig\u00e8nes<\/span><\/a> des vari\u00e9t\u00e9s <a href=\"https:\/\/demo.vphosting.top\/fr\/nos-cultivars\/\"><span style=\"color: #99cc00;\">Nocellara del Belice, Cerasuola et Biancolilla<\/span><\/a> du territoire et qui se caract\u00e9rise par un <span style=\"color: #99cc00;\">fruit\u00e9 moyennement intense, un go\u00fbt net et harmonieux et un peu amer et \u00e9pic\u00e9<\/span>, facteurs qui t\u00e9moignent son excellence.<\/p>\n<\/div><\/div><\/div><div class=\"fusion-layout-column fusion_builder_column fusion-builder-column-3 fusion_builder_column_1_3 1_3 fusion-flex-column\" style=\"--awb-bg-size:cover;--awb-width-large:33.333333333333%;--awb-margin-top-large:0px;--awb-spacing-right-large:5.76%;--awb-margin-bottom-large:0px;--awb-spacing-left-large:5.76%;--awb-width-medium:100%;--awb-spacing-right-medium:1.92%;--awb-spacing-left-medium:1.92%;--awb-width-small:100%;--awb-spacing-right-small:1.92%;--awb-spacing-left-small:1.92%;\"><div class=\"fusion-column-wrapper fusion-flex-justify-content-flex-start fusion-content-layout-column\"><div class=\"fusion-image-element \" style=\"--awb-caption-title-font-family:var(--h2_typography-font-family);--awb-caption-title-font-weight:var(--h2_typography-font-weight);--awb-caption-title-font-style:var(--h2_typography-font-style);--awb-caption-title-size:var(--h2_typography-font-size);--awb-caption-title-transform:var(--h2_typography-text-transform);--awb-caption-title-line-height:var(--h2_typography-line-height);--awb-caption-title-letter-spacing:var(--h2_typography-letter-spacing);\"><span class=\" fusion-imageframe imageframe-none imageframe-2 hover-type-none\"><img decoding=\"async\" width=\"1280\" height=\"960\" title=\"2raccolta-olive\" src=\"https:\/\/demo.vphosting.top\/wp-content\/uploads\/2021\/06\/2raccolta-olive.jpg\" data-orig-src=\"https:\/\/demo.vphosting.top\/wp-content\/uploads\/2021\/06\/2raccolta-olive.jpg\" alt class=\"lazyload img-responsive wp-image-4973\" srcset=\"data:image\/svg+xml,%3Csvg%20xmlns%3D%27http%3A%2F%2Fwww.w3.org%2F2000%2Fsvg%27%20width%3D%271280%27%20height%3D%27960%27%20viewBox%3D%270%200%201280%20960%27%3E%3Crect%20width%3D%271280%27%20height%3D%27960%27%20fill-opacity%3D%220%22%2F%3E%3C%2Fsvg%3E\" data-srcset=\"https:\/\/demo.vphosting.top\/wp-content\/uploads\/2021\/06\/2raccolta-olive-200x150.jpg 200w, https:\/\/demo.vphosting.top\/wp-content\/uploads\/2021\/06\/2raccolta-olive-400x300.jpg 400w, https:\/\/demo.vphosting.top\/wp-content\/uploads\/2021\/06\/2raccolta-olive-600x450.jpg 600w, https:\/\/demo.vphosting.top\/wp-content\/uploads\/2021\/06\/2raccolta-olive-800x600.jpg 800w, https:\/\/demo.vphosting.top\/wp-content\/uploads\/2021\/06\/2raccolta-olive-1200x900.jpg 1200w, https:\/\/demo.vphosting.top\/wp-content\/uploads\/2021\/06\/2raccolta-olive.jpg 1280w\" data-sizes=\"auto\" data-orig-sizes=\"(max-width: 1024px) 100vw, (max-width: 640px) 100vw, 600px\" \/><\/span><\/div><\/div><\/div><\/div><\/div><div class=\"fusion-fullwidth fullwidth-box fusion-builder-row-3 fusion-flex-container nonhundred-percent-fullwidth non-hundred-percent-height-scrolling\" style=\"--awb-border-radius-top-left:0px;--awb-border-radius-top-right:0px;--awb-border-radius-bottom-right:0px;--awb-border-radius-bottom-left:0px;--awb-flex-wrap:wrap;\" ><div class=\"fusion-builder-row fusion-row fusion-flex-align-items-flex-start fusion-flex-content-wrap\" style=\"max-width:1430px;margin-left: calc(-4% \/ 2 );margin-right: calc(-4% \/ 2 );\"><div class=\"fusion-layout-column fusion_builder_column fusion-builder-column-4 fusion_builder_column_2_3 2_3 fusion-flex-column\" style=\"--awb-bg-size:cover;--awb-width-large:66.666666666667%;--awb-margin-top-large:0px;--awb-spacing-right-large:2.88%;--awb-margin-bottom-large:0px;--awb-spacing-left-large:2.88%;--awb-width-medium:100%;--awb-spacing-right-medium:1.92%;--awb-spacing-left-medium:1.92%;--awb-width-small:100%;--awb-spacing-right-small:1.92%;--awb-spacing-left-small:1.92%;\"><div class=\"fusion-column-wrapper fusion-flex-justify-content-flex-start fusion-content-layout-column\"><div class=\"fusion-text fusion-text-3\"><p>Gr\u00e2ce \u00e0 l&rsquo;enregistrement aupr\u00e8s du <span style=\"color: #99cc00;\">SIAN<\/span>, Syst\u00e8me National d&rsquo;Information Agricole, nous sommes en mesure de fournir \u00e0 tout moment une trace compl\u00e8te de l&rsquo;origine du produit.<\/p>\n<p>En plus du territoire national, le produit est commercialis\u00e9 dans certains <span style=\"color: #99cc00;\">pays europ\u00e9ens et en Am\u00e9rique du Nord<\/span> o\u00f9 il est tr\u00e8s appr\u00e9ci\u00e9 non seulement pour son excellente qualit\u00e9 mais aussi pour son excellent rapport qualit\u00e9\/prix.<\/p>\n<p>L&rsquo;entreprise est situ\u00e9e \u00e0 Capaci, dans la province de Palerme, sur une place qui a toujours \u00e9t\u00e9 connue sous le nom de \u00ab\u00a0<span style=\"color: #99cc00;\">O Mulinu<\/span>\u00ab\u00a0, d&rsquo;o\u00f9 le nom de l&rsquo;entreprise. R\u00e9cemment, l&rsquo;\u00e9tablissement a \u00e9t\u00e9 r\u00e9nov\u00e9 et a \u00e9t\u00e9 divis\u00e9 en zones bien s\u00e9par\u00e9es.<\/p>\n<p>Dans le laboratoire d&#8217;embouteillage, il y a plusieurs silos en acier inoxydable d&rsquo;une capacit\u00e9 de stockage d&rsquo;environ 70 000 litres d&rsquo;huile. A l&rsquo;int\u00e9rieur se trouvent deux lignes de conditionnement en acier inoxydable avec une capacit\u00e9 de production d&rsquo;environ 1.000 bouteilles\/heure.<\/p>\n<\/div><\/div><\/div><div class=\"fusion-layout-column fusion_builder_column fusion-builder-column-5 fusion_builder_column_1_3 1_3 fusion-flex-column\" style=\"--awb-bg-size:cover;--awb-width-large:33.333333333333%;--awb-margin-top-large:0px;--awb-spacing-right-large:5.76%;--awb-margin-bottom-large:0px;--awb-spacing-left-large:5.76%;--awb-width-medium:100%;--awb-spacing-right-medium:1.92%;--awb-spacing-left-medium:1.92%;--awb-width-small:100%;--awb-spacing-right-small:1.92%;--awb-spacing-left-small:1.92%;\"><div class=\"fusion-column-wrapper fusion-flex-justify-content-flex-start fusion-content-layout-column\"><div class=\"fusion-image-element \" style=\"--awb-caption-title-font-family:var(--h2_typography-font-family);--awb-caption-title-font-weight:var(--h2_typography-font-weight);--awb-caption-title-font-style:var(--h2_typography-font-style);--awb-caption-title-size:var(--h2_typography-font-size);--awb-caption-title-transform:var(--h2_typography-text-transform);--awb-caption-title-line-height:var(--h2_typography-line-height);--awb-caption-title-letter-spacing:var(--h2_typography-letter-spacing);\"><span class=\" fusion-imageframe imageframe-none imageframe-3 hover-type-none\"><img decoding=\"async\" width=\"1238\" height=\"925\" title=\"4etichettatura\" src=\"https:\/\/demo.vphosting.top\/wp-content\/uploads\/2021\/06\/4etichettatura.jpg\" data-orig-src=\"https:\/\/demo.vphosting.top\/wp-content\/uploads\/2021\/06\/4etichettatura.jpg\" alt class=\"lazyload img-responsive wp-image-4975\" srcset=\"data:image\/svg+xml,%3Csvg%20xmlns%3D%27http%3A%2F%2Fwww.w3.org%2F2000%2Fsvg%27%20width%3D%271238%27%20height%3D%27925%27%20viewBox%3D%270%200%201238%20925%27%3E%3Crect%20width%3D%271238%27%20height%3D%27925%27%20fill-opacity%3D%220%22%2F%3E%3C%2Fsvg%3E\" data-srcset=\"https:\/\/demo.vphosting.top\/wp-content\/uploads\/2021\/06\/4etichettatura-200x149.jpg 200w, https:\/\/demo.vphosting.top\/wp-content\/uploads\/2021\/06\/4etichettatura-400x299.jpg 400w, https:\/\/demo.vphosting.top\/wp-content\/uploads\/2021\/06\/4etichettatura-600x448.jpg 600w, https:\/\/demo.vphosting.top\/wp-content\/uploads\/2021\/06\/4etichettatura-800x598.jpg 800w, https:\/\/demo.vphosting.top\/wp-content\/uploads\/2021\/06\/4etichettatura-1200x897.jpg 1200w, https:\/\/demo.vphosting.top\/wp-content\/uploads\/2021\/06\/4etichettatura.jpg 1238w\" data-sizes=\"auto\" data-orig-sizes=\"(max-width: 1024px) 100vw, (max-width: 640px) 100vw, 600px\" \/><\/span><\/div><\/div><\/div><\/div><\/div><\/p>\n","protected":false},"excerpt":{"rendered":"","protected":false},"author":2,"featured_media":4974,"parent":0,"menu_order":0,"comment_status":"closed","ping_status":"closed","template":"","meta":{"inline_featured_image":false,"footnotes":""},"class_list":["post-4971","page","type-page","status-publish","has-post-thumbnail","hentry"],"_links":{"self":[{"href":"https:\/\/demo.vphosting.top\/fr\/wp-json\/wp\/v2\/pages\/4971"}],"collection":[{"href":"https:\/\/demo.vphosting.top\/fr\/wp-json\/wp\/v2\/pages"}],"about":[{"href":"https:\/\/demo.vphosting.top\/fr\/wp-json\/wp\/v2\/types\/page"}],"author":[{"embeddable":true,"href":"https:\/\/demo.vphosting.top\/fr\/wp-json\/wp\/v2\/users\/2"}],"replies":[{"embeddable":true,"href":"https:\/\/demo.vphosting.top\/fr\/wp-json\/wp\/v2\/comments?post=4971"}],"version-history":[{"count":0,"href":"https:\/\/demo.vphosting.top\/fr\/wp-json\/wp\/v2\/pages\/4971\/revisions"}],"wp:featuredmedia":[{"embeddable":true,"href":"https:\/\/demo.vphosting.top\/fr\/wp-json\/wp\/v2\/media\/4974"}],"wp:attachment":[{"href":"https:\/\/demo.vphosting.top\/fr\/wp-json\/wp\/v2\/media?parent=4971"}],"curies":[{"name":"wp","href":"https:\/\/api.w.org\/{rel}","templated":true}]}}