{"id":4966,"date":"2021-09-16T13:28:39","date_gmt":"2021-09-16T11:28:39","guid":{"rendered":"https:\/\/demo.vphosting.top\/?page_id=4966"},"modified":"2021-09-16T13:28:39","modified_gmt":"2021-09-16T11:28:39","slug":"notre-histoire","status":"publish","type":"page","link":"https:\/\/demo.vphosting.top\/fr\/notre-histoire\/","title":{"rendered":"Notre histoire"},"content":{"rendered":"<p><div class=\"fusion-fullwidth fullwidth-box fusion-builder-row-1 fusion-flex-container nonhundred-percent-fullwidth non-hundred-percent-height-scrolling\" style=\"--awb-border-radius-top-left:0px;--awb-border-radius-top-right:0px;--awb-border-radius-bottom-right:0px;--awb-border-radius-bottom-left:0px;--awb-flex-wrap:wrap;\" ><div class=\"fusion-builder-row fusion-row fusion-flex-align-items-flex-start fusion-flex-content-wrap\" style=\"max-width:1430px;margin-left: calc(-4% \/ 2 );margin-right: calc(-4% \/ 2 );\"><div class=\"fusion-layout-column fusion_builder_column fusion-builder-column-0 fusion_builder_column_2_3 2_3 fusion-flex-column\" style=\"--awb-bg-size:cover;--awb-width-large:66.666666666667%;--awb-margin-top-large:0px;--awb-spacing-right-large:2.88%;--awb-margin-bottom-large:8%;--awb-spacing-left-large:2.88%;--awb-width-medium:100%;--awb-order-medium:0;--awb-spacing-right-medium:1.92%;--awb-spacing-left-medium:1.92%;--awb-width-small:100%;--awb-order-small:0;--awb-spacing-right-small:1.92%;--awb-spacing-left-small:1.92%;\"><div class=\"fusion-column-wrapper fusion-column-has-shadow fusion-flex-justify-content-flex-start fusion-content-layout-column\"><div class=\"fusion-text fusion-text-1\"><p>L&rsquo;histoire de notre entreprise est l&rsquo;histoire de<span style=\"color: #99cc00;\"> trois g\u00e9n\u00e9rations<\/span>. Chacun d&rsquo;eux, avec des m\u00e9thodes et des points de vue diff\u00e9rents, a contribu\u00e9 \u00e0 en faire ce que nous sommes aujourd&rsquo;hui.<\/p>\n<p>Tout a commenc\u00e9 en 1950 quand, apr\u00e8s avoir termin\u00e9 ses \u00e9tudes au s\u00e9minaire \u00ab\u00a0<span style=\"color: #99cc00;\">U zu Rusario<\/span>\u00ab\u00a0, comme <span style=\"color: #99cc00;\">Rosario Troia senior<\/span> \u00e9tait connu dans de nombreuses r\u00e9gions de la Sicile, il a d\u00e9cid\u00e9 de transformer l&rsquo;entreprise de son p\u00e8re Peppe de la production de savon en une entreprise d\u00e9di\u00e9e au commerce de huile d&rsquo;olive et amandes.<\/p>\n<p>Dans les ann\u00e9es 1960, la nouvelle entreprise s&rsquo;est tellement d\u00e9velopp\u00e9e qu&rsquo;elle est devenue une r\u00e9f\u00e9rence importante dans la commercialisation en gros de l&rsquo;huile d&rsquo;olive dans toute la Sicile.<\/p>\n<\/div><\/div><\/div><div class=\"fusion-layout-column fusion_builder_column fusion-builder-column-1 fusion_builder_column_1_3 1_3 fusion-flex-column\" style=\"--awb-bg-size:cover;--awb-width-large:33.333333333333%;--awb-margin-top-large:0px;--awb-spacing-right-large:5.76%;--awb-margin-bottom-large:8%;--awb-spacing-left-large:5.76%;--awb-width-medium:100%;--awb-order-medium:0;--awb-spacing-right-medium:1.92%;--awb-spacing-left-medium:1.92%;--awb-width-small:100%;--awb-order-small:0;--awb-spacing-right-small:1.92%;--awb-spacing-left-small:1.92%;\"><div class=\"fusion-column-wrapper fusion-column-has-shadow fusion-flex-justify-content-flex-start fusion-content-layout-column\"><div class=\"fusion-image-element \" style=\"--awb-caption-title-font-family:var(--h2_typography-font-family);--awb-caption-title-font-weight:var(--h2_typography-font-weight);--awb-caption-title-font-style:var(--h2_typography-font-style);--awb-caption-title-size:var(--h2_typography-font-size);--awb-caption-title-transform:var(--h2_typography-text-transform);--awb-caption-title-line-height:var(--h2_typography-line-height);--awb-caption-title-letter-spacing:var(--h2_typography-letter-spacing);\"><span class=\" fusion-imageframe imageframe-none imageframe-1 hover-type-none\"><img decoding=\"async\" width=\"991\" height=\"671\" title=\"1u-zu-rurariu\" src=\"https:\/\/demo.vphosting.top\/wp-content\/uploads\/2021\/06\/1u-zu-rurariu.jpg\" data-orig-src=\"https:\/\/demo.vphosting.top\/wp-content\/uploads\/2021\/06\/1u-zu-rurariu.jpg\" alt class=\"lazyload img-responsive wp-image-4967\" srcset=\"data:image\/svg+xml,%3Csvg%20xmlns%3D%27http%3A%2F%2Fwww.w3.org%2F2000%2Fsvg%27%20width%3D%27991%27%20height%3D%27671%27%20viewBox%3D%270%200%20991%20671%27%3E%3Crect%20width%3D%27991%27%20height%3D%27671%27%20fill-opacity%3D%220%22%2F%3E%3C%2Fsvg%3E\" data-srcset=\"https:\/\/demo.vphosting.top\/wp-content\/uploads\/2021\/06\/1u-zu-rurariu-200x135.jpg 200w, https:\/\/demo.vphosting.top\/wp-content\/uploads\/2021\/06\/1u-zu-rurariu-400x271.jpg 400w, https:\/\/demo.vphosting.top\/wp-content\/uploads\/2021\/06\/1u-zu-rurariu-600x406.jpg 600w, https:\/\/demo.vphosting.top\/wp-content\/uploads\/2021\/06\/1u-zu-rurariu-800x542.jpg 800w, https:\/\/demo.vphosting.top\/wp-content\/uploads\/2021\/06\/1u-zu-rurariu.jpg 991w\" data-sizes=\"auto\" data-orig-sizes=\"(max-width: 1024px) 100vw, (max-width: 640px) 100vw, 600px\" \/><\/span><\/div><\/div><\/div><\/div><\/div><div class=\"fusion-fullwidth fullwidth-box fusion-builder-row-2 fusion-flex-container nonhundred-percent-fullwidth non-hundred-percent-height-scrolling\" style=\"--awb-border-radius-top-left:0px;--awb-border-radius-top-right:0px;--awb-border-radius-bottom-right:0px;--awb-border-radius-bottom-left:0px;--awb-flex-wrap:wrap;\" ><div class=\"fusion-builder-row fusion-row fusion-flex-align-items-flex-start fusion-flex-content-wrap\" style=\"max-width:1430px;margin-left: calc(-4% \/ 2 );margin-right: calc(-4% \/ 2 );\"><div class=\"fusion-layout-column fusion_builder_column fusion-builder-column-2 fusion_builder_column_2_3 2_3 fusion-flex-column\" style=\"--awb-bg-size:cover;--awb-width-large:66.666666666667%;--awb-margin-top-large:0px;--awb-spacing-right-large:2.88%;--awb-margin-bottom-large:8%;--awb-spacing-left-large:2.88%;--awb-width-medium:100%;--awb-order-medium:0;--awb-spacing-right-medium:1.92%;--awb-spacing-left-medium:1.92%;--awb-width-small:100%;--awb-order-small:0;--awb-spacing-right-small:1.92%;--awb-spacing-left-small:1.92%;\"><div class=\"fusion-column-wrapper fusion-column-has-shadow fusion-flex-justify-content-flex-start fusion-content-layout-column\"><div class=\"fusion-text fusion-text-2\"><p>Au d\u00e9but des ann\u00e9es 70 et pendant dix ans Rosario senior est devenu l&rsquo;actionnaire majoritaire de la plus grande industrie de raffinage du p\u00e9trole sicilienne, <span style=\"color: #99cc00;\">ARCAI SPA<\/span> bas\u00e9e \u00e0 Trapani. Cela a eu de tr\u00e8s grands mouvements de produits tant au niveau national qu&rsquo;international.<\/p>\n<p>La participation active de la famille Troia dans cette grande raffinerie pendant environ 10 ans, jusqu&rsquo;au d\u00e9but des ann\u00e9es 1980, a permis au fils a\u00een\u00e9, <span style=\"color: #99cc00;\">Giuseppe senior<\/span>, de d\u00e9velopper ses comp\u00e9tences, ses connaissances et son exp\u00e9rience sur la fili\u00e8re ol\u00e9icole dans tout le bassin du m\u00e9diterran\u00e9en.<\/p>\n<p>Giuseppe, un optimiste de nature et un esprit tr\u00e8s aventureux, a poursuivi l&rsquo;entreprise familiale. Gr\u00e2ce \u00e0 son exp\u00e9rience importante, au d\u00e9but des ann\u00e9es 90, \u00e0 une \u00e9poque encore peu sujette \u00e0 des changements majeurs, Giuseppe a vite compris que pour l&rsquo;avenir, il \u00e9tait n\u00e9cessaire de d\u00e9placer l&rsquo;entreprise familiale \u00e9galement vers le <span style=\"color: #99cc00;\">march\u00e9 international<\/span>.<\/p>\n<\/div><\/div><\/div><div class=\"fusion-layout-column fusion_builder_column fusion-builder-column-3 fusion_builder_column_1_3 1_3 fusion-flex-column\" style=\"--awb-bg-size:cover;--awb-width-large:33.333333333333%;--awb-margin-top-large:0px;--awb-spacing-right-large:5.76%;--awb-margin-bottom-large:8%;--awb-spacing-left-large:5.76%;--awb-width-medium:100%;--awb-order-medium:0;--awb-spacing-right-medium:1.92%;--awb-spacing-left-medium:1.92%;--awb-width-small:100%;--awb-order-small:0;--awb-spacing-right-small:1.92%;--awb-spacing-left-small:1.92%;\"><div class=\"fusion-column-wrapper fusion-column-has-shadow fusion-flex-justify-content-flex-start fusion-content-layout-column\"><div class=\"fusion-image-element \" style=\"--awb-caption-title-font-family:var(--h2_typography-font-family);--awb-caption-title-font-weight:var(--h2_typography-font-weight);--awb-caption-title-font-style:var(--h2_typography-font-style);--awb-caption-title-size:var(--h2_typography-font-size);--awb-caption-title-transform:var(--h2_typography-text-transform);--awb-caption-title-line-height:var(--h2_typography-line-height);--awb-caption-title-letter-spacing:var(--h2_typography-letter-spacing);\"><span class=\" fusion-imageframe imageframe-none imageframe-2 hover-type-none\"><img decoding=\"async\" width=\"1030\" height=\"793\" title=\"2peppe\" src=\"https:\/\/demo.vphosting.top\/wp-content\/uploads\/2021\/06\/2peppe.jpg\" data-orig-src=\"https:\/\/demo.vphosting.top\/wp-content\/uploads\/2021\/06\/2peppe.jpg\" alt class=\"lazyload img-responsive wp-image-4968\" srcset=\"data:image\/svg+xml,%3Csvg%20xmlns%3D%27http%3A%2F%2Fwww.w3.org%2F2000%2Fsvg%27%20width%3D%271030%27%20height%3D%27793%27%20viewBox%3D%270%200%201030%20793%27%3E%3Crect%20width%3D%271030%27%20height%3D%27793%27%20fill-opacity%3D%220%22%2F%3E%3C%2Fsvg%3E\" data-srcset=\"https:\/\/demo.vphosting.top\/wp-content\/uploads\/2021\/06\/2peppe-200x154.jpg 200w, https:\/\/demo.vphosting.top\/wp-content\/uploads\/2021\/06\/2peppe-400x308.jpg 400w, https:\/\/demo.vphosting.top\/wp-content\/uploads\/2021\/06\/2peppe-600x462.jpg 600w, https:\/\/demo.vphosting.top\/wp-content\/uploads\/2021\/06\/2peppe-800x616.jpg 800w, https:\/\/demo.vphosting.top\/wp-content\/uploads\/2021\/06\/2peppe.jpg 1030w\" data-sizes=\"auto\" data-orig-sizes=\"(max-width: 1024px) 100vw, (max-width: 640px) 100vw, 600px\" \/><\/span><\/div><\/div><\/div><\/div><\/div><\/p>\n","protected":false},"excerpt":{"rendered":"","protected":false},"author":2,"featured_media":0,"parent":0,"menu_order":0,"comment_status":"closed","ping_status":"closed","template":"","meta":{"inline_featured_image":false,"footnotes":""},"class_list":["post-4966","page","type-page","status-publish","hentry"],"_links":{"self":[{"href":"https:\/\/demo.vphosting.top\/fr\/wp-json\/wp\/v2\/pages\/4966"}],"collection":[{"href":"https:\/\/demo.vphosting.top\/fr\/wp-json\/wp\/v2\/pages"}],"about":[{"href":"https:\/\/demo.vphosting.top\/fr\/wp-json\/wp\/v2\/types\/page"}],"author":[{"embeddable":true,"href":"https:\/\/demo.vphosting.top\/fr\/wp-json\/wp\/v2\/users\/2"}],"replies":[{"embeddable":true,"href":"https:\/\/demo.vphosting.top\/fr\/wp-json\/wp\/v2\/comments?post=4966"}],"version-history":[{"count":0,"href":"https:\/\/demo.vphosting.top\/fr\/wp-json\/wp\/v2\/pages\/4966\/revisions"}],"wp:attachment":[{"href":"https:\/\/demo.vphosting.top\/fr\/wp-json\/wp\/v2\/media?parent=4966"}],"curies":[{"name":"wp","href":"https:\/\/api.w.org\/{rel}","templated":true}]}}